{"id":10426,"date":"2015-08-06T09:21:36","date_gmt":"2015-08-06T09:21:36","guid":{"rendered":"https:\/\/www.thepornlist.net\/de\/porn-tube-sites\/xpee\/"},"modified":"2019-05-23T12:56:22","modified_gmt":"2019-05-23T12:56:22","slug":"xpee","status":"publish","type":"page","link":"https:\/\/www.thepornlist.net\/de\/porn-tube-sites\/xpee\/","title":{"rendered":"Xpee"},"content":{"rendered":"<div class=\"pb\">\n<div class=\"hd\">\n<a href=\"https:\/\/www.thepornlist.net\/de\/\" base target=\"_self\">Zur\u00fcck zur Startseite<\/a>\n<\/div>\n<div class=\"hd2\">\n<span style=\"font-style:normal;font-weight:bold;\">Seitenbewertung<\/span>\n<\/div>\n<\/div>\n<div style=\"width:100%; margin-left:auto; margin-right:auto; clear:both;z-index:1; padding-top:5px; border-radius: 2px;\">\n<div class=\"reviewimg\">\n<p><a href=\"http:\/\/www.xpee.com\/\" rel=\"nofollow\" base target=\"_self\"><img decoding=\"async\" src=\"https:\/\/www.thepornlist.net\/wp-content\/uploads\/2015\/review\/xpee.jpg\" width=\"500\" height=\"500\" alt=\"Porn Tube\"><\/a><\/p>\n<\/div>\n<div class=\"reviewtitle\">\n<h1 style=\"font-family:Arial;font-size:56px;font-style:normal;font-weight:bold;color:#FF1F78;\">Xpee<\/h1>\n<\/div>\n<div class=\"reviewsub\">\n<h2 style=\"font-size:14px;font-style:normal;font-weight:bold;\">Xpee.com<\/H2>\n<\/div>\n<div class=\"reviewtext\">\n<span style=\"font-size:16px;font-style:normal;\">Warnung: Pissende Amateure und Kot Videos! Das wirst du von der ersten Sekunde an sehen, in der du hier vorbei schaust. Du hast nur zwei Optionen \u2013 bleiben oder gehen! Das h\u00e4ngt davon ab wie sehr du diese Art von Pornos magst. xpee.com liefert dir kackende Girls, kotzende Girls, Kacke in H\u00f6schen,  Pinkelvideos und nat\u00fcrlich das Highlight des Tages Kot Videos. <\/br><\/p>\n<p>Mit einem simplen Design im Stil einer Tube wird xPee dich auf eine Reise ans andere Ende der Welt mitnehmen wo alles erlaubt ist und jeder frei ist das zu genie\u00dfen, was auch immer er will. Es ist niemand hier, der dich verurteilen wird, also kannst du anfangen die Inhalte zu sortieren. Vielleicht mit ein bisschen Hilfe von einigen Dingen wie Alter, meiste Klicks, am besten bewertet oder zuf\u00e4llig. <\/br><\/p>\n<p>Du brauchst keinen Account um Videos anzuschauen oder um Spa\u00df zu haben, aber wenn du deine eigenen Kot Sachen hochladen willst, dann wirst du dich zu einer kostenlosen Mitgliedschaft anmelden m\u00fcssen. Das wird dir auch erlauben Kommentare bei den Videos, die du dir angesehen hast, zu hinterlassen. <\/br><\/p>\n<p>Es gibt sogar einen Ort, der \u201eThe Scat Shop\u201c genannt wird und wenn du ein gro\u00dfer Fan dieser Nische bist, solltest du ihn dir unbedingt aus der N\u00e4he ansehen.<br \/>\n<\/span>\n<\/div>\n<div class=\"reviewsiteurl\">\n<a href=\"http:\/\/www.Xpee.com\/\" rel=\"nofollow\" base target=\"_self\"><span style=\"font-size:32px;font-style:normal;font-weight:bold;text-decoration:underline;\">Hier klicken, um die webseite zu besuchen <\/span><\/a>\n<\/div>\n<\/div>\n","protected":false},"excerpt":{"rendered":"<p>Zur\u00fcck zur Startseite Seitenbewertung Xpee Xpee.com Warnung: Pissende Amateure und Kot Videos! Das wirst du von der ersten Sekunde an sehen, in der du hier vorbei schaust. Du hast nur zwei Optionen \u2013 bleiben oder gehen! Das h\u00e4ngt davon ab wie sehr du diese Art von Pornos magst. xpee.com liefert dir kackende Girls, kotzende Girls, <a href='https:\/\/www.thepornlist.net\/de\/porn-tube-sites\/xpee\/' class='excerpt-more'>[&#8230;]<\/a><\/p>\n","protected":false},"author":1,"featured_media":0,"parent":9407,"menu_order":46870,"comment_status":"closed","ping_status":"closed","template":"0-autofill-tpl-template.php","meta":{"_acf_changed":false,"footnotes":""},"tags":[],"acf":[],"aioseo_notices":[],"_links":{"self":[{"href":"https:\/\/www.thepornlist.net\/de\/wp-json\/wp\/v2\/pages\/10426"}],"collection":[{"href":"https:\/\/www.thepornlist.net\/de\/wp-json\/wp\/v2\/pages"}],"about":[{"href":"https:\/\/www.thepornlist.net\/de\/wp-json\/wp\/v2\/types\/page"}],"author":[{"embeddable":true,"href":"https:\/\/www.thepornlist.net\/de\/wp-json\/wp\/v2\/users\/1"}],"replies":[{"embeddable":true,"href":"https:\/\/www.thepornlist.net\/de\/wp-json\/wp\/v2\/comments?post=10426"}],"version-history":[{"count":0,"href":"https:\/\/www.thepornlist.net\/de\/wp-json\/wp\/v2\/pages\/10426\/revisions"}],"up":[{"embeddable":true,"href":"https:\/\/www.thepornlist.net\/de\/wp-json\/wp\/v2\/pages\/9407"}],"wp:attachment":[{"href":"https:\/\/www.thepornlist.net\/de\/wp-json\/wp\/v2\/media?parent=10426"}],"wp:term":[{"taxonomy":"post_tag","embeddable":true,"href":"https:\/\/www.thepornlist.net\/de\/wp-json\/wp\/v2\/tags?post=10426"}],"curies":[{"name":"wp","href":"https:\/\/api.w.org\/{rel}","templated":true}]}}