{"id":10427,"date":"2015-08-06T09:18:33","date_gmt":"2015-08-06T09:18:33","guid":{"rendered":"https:\/\/www.thepornlist.net\/de\/porn-tube-sites\/collectionofbestporn\/"},"modified":"2019-05-23T12:56:27","modified_gmt":"2019-05-23T12:56:27","slug":"collectionofbestporn","status":"publish","type":"page","link":"https:\/\/www.thepornlist.net\/de\/porn-tube-sites\/collectionofbestporn\/","title":{"rendered":"Collectionofbestporn"},"content":{"rendered":"<div class=\"pb\">\n<div class=\"hd\">\n<a href=\"https:\/\/www.thepornlist.net\/de\/\" base target=\"_self\">Zur\u00fcck zur Startseite<\/a>\n<\/div>\n<div class=\"hd2\">\n<span style=\"font-style:normal;font-weight:bold;\">Seitenbewertung<\/span>\n<\/div>\n<\/div>\n<div style=\"width:100%; margin-left:auto; margin-right:auto; clear:both;z-index:1; padding-top:5px; border-radius: 2px;\">\n<div class=\"reviewimg\">\n<p><a href=\"http:\/\/www.Collectionofbestporn.com\/\" rel=\"nofollow\" base target=\"_self\"><img decoding=\"async\" src=\"https:\/\/www.thepornlist.net\/wp-content\/uploads\/2015\/review\/collectionofbestporn.jpg\" width=\"500\" height=\"500\" alt=\"Porn Tube\"><\/a><\/p>\n<\/div>\n<div class=\"reviewtitle\">\n<h1 style=\"font-family:Arial;font-size:56px;font-style:normal;font-weight:bold;color:#FF1F78;\">Collectionof bestporn<\/h1>\n<\/div>\n<div class=\"reviewsub\">\n<h2 style=\"font-size:14px;font-style:normal;font-weight:bold;\">Collectionofbestporn.com<\/H2>\n<\/div>\n<div class=\"reviewtext\">\n<span style=\"font-size:16px;font-style:normal;\">Sie sagen, dass sie die beste Sammlung an Pornos h\u00e4tten, richtig? Nun, ich bezweifle das und ich bin sicher dass du es auch bezweifelst, aber das hei\u00dft nicht, dass die dir eine gro\u00dfartige Sammlung an Porno Videos liefern (wenn auch nicht die Beste). <\/br><\/p>\n<p>Die erste Sache, die man auf CollectionOfBestPorn.com bemerkt, ist die HD Seite. Du wirst Dutzende von Seiten finden, voller qualitativ hochwertiger Clips. Hd ist heutzutage noch nichts gew\u00f6hnliches und es ist immer eine gute Sache Orte zu finden mit so viel HD Material. <\/br><\/p>\n<p>Unter einem weichen und erotischen Design kannst du die Kategorie Seite betreten und du wirst Dinge finden wie Amateure, Casting, Cumshots, Freundin, Glamcore, Gruppensex und so weiter. Nat\u00fcrlich fehlen auch die neuesten Videos, die am besten bewerteten, die meist gesehenen und die l\u00e4ngsten Clips in diesem Bereich nicht, so dass es f\u00fcr dich ganz leicht sein wird dich umzusehen. Es gibt sogar ein A-Z Men\u00fc f\u00fcr Schlagw\u00f6rter damit du das was du dir bei der Pornografie w\u00fcnschst noch genauer filtern kannst. Und wenn du in der Stimmung bist, aus deiner Freundin eine Ber\u00fchmtheit zu machen, kannst du sogar deine eigenen Sachen hochladen. <\/br><\/p>\n<p>Alles ist absolut kostenlos, also los!<br \/>\n<\/span>\n<\/div>\n<div class=\"reviewsiteurl\">\n<a href=\"http:\/\/www.Collectionofbestporn.com\/\" rel=\"nofollow\" base target=\"_self\"><span style=\"font-size:32px;font-style:normal;font-weight:bold;text-decoration:underline;\">Hier klicken, um die webseite zu besuchen <\/span><\/a>\n<\/div>\n<\/div>\n","protected":false},"excerpt":{"rendered":"<p>Zur\u00fcck zur Startseite Seitenbewertung Collectionof bestporn Collectionofbestporn.com Sie sagen, dass sie die beste Sammlung an Pornos h\u00e4tten, richtig? Nun, ich bezweifle das und ich bin sicher dass du es auch bezweifelst, aber das hei\u00dft nicht, dass die dir eine gro\u00dfartige Sammlung an Porno Videos liefern (wenn auch nicht die Beste). Die erste Sache, die man <a href='https:\/\/www.thepornlist.net\/de\/porn-tube-sites\/collectionofbestporn\/' class='excerpt-more'>[&#8230;]<\/a><\/p>\n","protected":false},"author":1,"featured_media":0,"parent":9407,"menu_order":46910,"comment_status":"closed","ping_status":"closed","template":"0-autofill-tpl-template.php","meta":{"_acf_changed":false,"footnotes":""},"tags":[],"acf":[],"aioseo_notices":[],"_links":{"self":[{"href":"https:\/\/www.thepornlist.net\/de\/wp-json\/wp\/v2\/pages\/10427"}],"collection":[{"href":"https:\/\/www.thepornlist.net\/de\/wp-json\/wp\/v2\/pages"}],"about":[{"href":"https:\/\/www.thepornlist.net\/de\/wp-json\/wp\/v2\/types\/page"}],"author":[{"embeddable":true,"href":"https:\/\/www.thepornlist.net\/de\/wp-json\/wp\/v2\/users\/1"}],"replies":[{"embeddable":true,"href":"https:\/\/www.thepornlist.net\/de\/wp-json\/wp\/v2\/comments?post=10427"}],"version-history":[{"count":0,"href":"https:\/\/www.thepornlist.net\/de\/wp-json\/wp\/v2\/pages\/10427\/revisions"}],"up":[{"embeddable":true,"href":"https:\/\/www.thepornlist.net\/de\/wp-json\/wp\/v2\/pages\/9407"}],"wp:attachment":[{"href":"https:\/\/www.thepornlist.net\/de\/wp-json\/wp\/v2\/media?parent=10427"}],"wp:term":[{"taxonomy":"post_tag","embeddable":true,"href":"https:\/\/www.thepornlist.net\/de\/wp-json\/wp\/v2\/tags?post=10427"}],"curies":[{"name":"wp","href":"https:\/\/api.w.org\/{rel}","templated":true}]}}