{"id":10430,"date":"2015-08-06T08:28:23","date_gmt":"2015-08-06T08:28:23","guid":{"rendered":"https:\/\/www.thepornlist.net\/de\/porn-tube-sites\/youporn\/"},"modified":"2020-11-07T10:41:41","modified_gmt":"2020-11-07T10:41:41","slug":"youporn","status":"publish","type":"page","link":"https:\/\/www.thepornlist.net\/de\/porn-tube-sites\/youporn\/","title":{"rendered":"Youporn"},"content":{"rendered":"<div class=\"pb\">\n<div class=\"hd\">\n<a href=\"https:\/\/www.thepornlist.net\/de\/\" base target=\"_self\" rel=\"noopener noreferrer\">Zur\u00fcck zur Startseite<\/a>\n<\/div>\n<div class=\"hd2\">\n<span style=\"font-style:normal;font-weight:bold;\">Seitenbewertung<\/span>\n<\/div>\n<\/div>\n<div style=\"width:100%; margin-left:auto; margin-right:auto; clear:both;z-index:1; padding-top:5px; border-radius: 2px;\">\n<div class=\"reviewimg\">\n<p><a href=\"http:\/\/www.youporn.com\/\" base target=\"_self\" rel=\"noopener noreferrer\"><img decoding=\"async\" src=\"https:\/\/www.thepornlist.net\/wp-content\/uploads\/2015\/review\/youporn.jpg\" width=\"500\" height=\"500\" alt=\"Porn Tube\"><\/a><\/p>\n<\/div>\n<div class=\"reviewtitle\">\n<h1 style=\"font-family:Arial;font-size:56px;font-style:normal;font-weight:bold;color:#FF1F78;\">Youporn<\/h1>\n<\/div>\n<div class=\"reviewsub\">\n<h2 style=\"font-size:14px;font-style:normal;font-weight:bold;\">Youporn.com<\/H2>\n<\/div>\n<div class=\"reviewtext\">\n<span style=\"font-size:16px;font-style:normal;\">Dieser Name braucht \u00fcberhaupt nicht vorgestellt werden. Er spricht f\u00fcr sich selbst mit tausend Worten nur durch seinen Markennamen. YouPorn ist eine der gro\u00dfartigsten Porno Tuben da drau\u00dfen und gibt dir auf leichte und lockere Art ein gro\u00dfartiges Porno Erlebnis. <\/br><\/p>\n<p>Auf der Homepage erwarten dich gro\u00dfe Vorschaubilder, so dass du eine Idee davon bekommst, worum es in jedem Video geht. Es gibt viele Porno Bereiche hier, von den Porno Videos, die gerade gesehen werden \u00fcber verschiedene Kategorien  bis hin zu den Pornostars, die man dir empfiehlt. Sie haben dir sogar ein paar Worte zu sagen und wie ein Martin Luther King des Porno werden diese Worte die Porno Abh\u00e4ngigen unter euch vereinen: \u201eYouPorn hat exzellente Porno Filme. Du kannst alle Arten von hardcore XXX Porno Videos genie\u00dfen. Schau dir kostenlose Pornos an denn du musst \u00fcberhaupt nichts aus deiner eigenen Tasche bezahlen. Die Sex Videos mit hardcore Teen Sex werden dir gefallen.\u201c <\/br><\/p>\n<p>Alles ist kostenlos und du musst nirgendwo mitmachen. Aber wenn du bewerten m\u00f6chtest, einen Kommentar hinterlassen der mit der Gemeinschaft auf Youporn interagieren willst, dann musst du dich anmelden. Die Registrierung ist ebenfalls kostenlos. Sei nicht sch\u00fcchtern, probiere YouPorn aus!<br \/>\n<\/span>\n<\/div>\n<div class=\"reviewsiteurl\">\n<a href=\"http:\/\/www.youporn.com\/\" rel=\"nofollow noopener noreferrer\" base target=\"_self\"><span style=\"font-size:32px;font-style:normal;font-weight:bold;text-decoration:underline;\">Hier klicken, um die webseite zu besuchen <\/span><\/a>\n<\/div>\n<\/div>\n","protected":false},"excerpt":{"rendered":"<p>Zur\u00fcck zur Startseite Seitenbewertung Youporn Youporn.com Dieser Name braucht \u00fcberhaupt nicht vorgestellt werden. Er spricht f\u00fcr sich selbst mit tausend Worten nur durch seinen Markennamen. YouPorn ist eine der gro\u00dfartigsten Porno Tuben da drau\u00dfen und gibt dir auf leichte und lockere Art ein gro\u00dfartiges Porno Erlebnis. Auf der Homepage erwarten dich gro\u00dfe Vorschaubilder, so dass <a href='https:\/\/www.thepornlist.net\/de\/porn-tube-sites\/youporn\/' class='excerpt-more'>[&#8230;]<\/a><\/p>\n","protected":false},"author":1,"featured_media":0,"parent":9407,"menu_order":33350,"comment_status":"closed","ping_status":"closed","template":"0-autofill-tpl-template.php","meta":{"_acf_changed":false,"footnotes":""},"tags":[],"acf":[],"aioseo_notices":[],"_links":{"self":[{"href":"https:\/\/www.thepornlist.net\/de\/wp-json\/wp\/v2\/pages\/10430"}],"collection":[{"href":"https:\/\/www.thepornlist.net\/de\/wp-json\/wp\/v2\/pages"}],"about":[{"href":"https:\/\/www.thepornlist.net\/de\/wp-json\/wp\/v2\/types\/page"}],"author":[{"embeddable":true,"href":"https:\/\/www.thepornlist.net\/de\/wp-json\/wp\/v2\/users\/1"}],"replies":[{"embeddable":true,"href":"https:\/\/www.thepornlist.net\/de\/wp-json\/wp\/v2\/comments?post=10430"}],"version-history":[{"count":0,"href":"https:\/\/www.thepornlist.net\/de\/wp-json\/wp\/v2\/pages\/10430\/revisions"}],"up":[{"embeddable":true,"href":"https:\/\/www.thepornlist.net\/de\/wp-json\/wp\/v2\/pages\/9407"}],"wp:attachment":[{"href":"https:\/\/www.thepornlist.net\/de\/wp-json\/wp\/v2\/media?parent=10430"}],"wp:term":[{"taxonomy":"post_tag","embeddable":true,"href":"https:\/\/www.thepornlist.net\/de\/wp-json\/wp\/v2\/tags?post=10430"}],"curies":[{"name":"wp","href":"https:\/\/api.w.org\/{rel}","templated":true}]}}