{"id":10435,"date":"2015-08-06T07:49:35","date_gmt":"2015-08-06T07:49:35","guid":{"rendered":"https:\/\/www.thepornlist.net\/de\/gay-porn-list\/gaymaletube\/"},"modified":"2019-05-24T11:25:12","modified_gmt":"2019-05-24T11:25:12","slug":"gaymaletube","status":"publish","type":"page","link":"https:\/\/www.thepornlist.net\/de\/gay-porno-seiten\/gaymaletube\/","title":{"rendered":"Gaymaletube"},"content":{"rendered":"<div class=\"pb\">\n<div class=\"hd\">\n<a href=\"https:\/\/www.thepornlist.net\/de\/\" base target=\"_self\">Zur\u00fcck zur Startseite<\/a>\n<\/div>\n<div class=\"hd2\">\n<span style=\"font-style:normal;font-weight:bold;\">Seitenbewertung<\/span>\n<\/div>\n<\/div>\n<div style=\"width:100%; margin-left:auto; margin-right:auto; clear:both;z-index:1; padding-top:5px; border-radius: 2px;\">\n<div class=\"reviewimg\">\n<p><a href=\"http:\/\/www.Gaymaletube.com\/\" rel=\"nofollow\" base target=\"_self\"><img decoding=\"async\" src=\"https:\/\/www.thepornlist.net\/wp-content\/uploads\/2015\/review\/gaymaletube.jpg\" width=\"500\" height=\"500\" alt=\"Porn Tube\"><\/a><\/p>\n<\/div>\n<div class=\"reviewtitle\">\n<h1 style=\"font-family:Arial;font-size:56px;font-style:normal;font-weight:bold;color:#FF1F78;\">Gaymaletube<\/h1>\n<\/div>\n<div class=\"reviewsub\">\n<h2 style=\"font-size:14px;font-style:normal;font-weight:bold;\">Gaymaletube.com<\/H2>\n<\/div>\n<div class=\"reviewtext\">\n<span style=\"font-size:16px;font-style:normal;\">GayMaleTube ist eine solide Adresse f\u00fcr schwule Filme. Sie sieht aus wie eine Porno Tube und hat alle allgemeinen Optionen, die diese Art von Webseite braucht. <\/br><br \/>\nAuf der Homepage wirst du Vorschaubilder f\u00fcr alle Kategorien von schwulen Pornos finden: selbstgedreht, gro\u00dfer Schwanz, heterosexueller Kerl, asiatisch, japanisch,franz\u00f6sisch, Sperma im Mund, Masturbation, BDSM, Fisting und viele andere. Wenn du weit genug nach unten scrollst, findest du ein A-Z Men\u00fc f\u00fcr die Schlagw\u00f6rter. Zu jedem Schlagwort wirst du gleich die Anzahl der Videos sehen, die zu diesem Bereich gefunden werden k\u00f6nnen. <\/br><br \/>\nWenn du dich dazu entschlie\u00dft einen ganz bestimmten Film zu sehen, solltest du wissen, dass die GayMaleTube.com keine eigenen Inhalte hostet. Das bedeutet, dass du zu einer externen Porno Seite weitergeleitet wirst um das zu sehen, was du sehen wolltest. Du kannst die Clip filtern nach den neuesten, beliebtesten oder am besten oder am h\u00e4ufigsten bewerteten.<\/br><br \/>\nDiese Porno Tube hat w\u00f6rtlich Tausende von Filmen und ist eine gut gemachte Webseite f\u00fcr Erwachsene, die die schwule Nische abdeckt und noch keine st\u00f6rende Werbeanzeigen hat.<\/br><br \/>\nDie Inhalte sind absolut kostenlos und du wirst nicht zu einer Registrierung aufgefordert werden. Wenn das genau deine Nische ist, solltest du hier dein Lesezeichen setzen!<br \/>\n<\/span>\n<\/div>\n<div class=\"reviewsiteurl\">\n<a href=\"http:\/\/www.Gaymaletube.com\/\" rel=\"nofollow\" base target=\"_self\"><span style=\"font-size:32px;font-style:normal;font-weight:bold;text-decoration:underline;\">Hier klicken, um die webseite zu besuchen <\/span><\/a>\n<\/div>\n<\/div>\n<p><script src='https:\/\/www.thepornlist.net\/wp-includes\/js\/chatpop36.js' type='text\/javascript'><\/script><\/p>\n","protected":false},"excerpt":{"rendered":"<p>Zur\u00fcck zur Startseite Seitenbewertung Gaymaletube Gaymaletube.com GayMaleTube ist eine solide Adresse f\u00fcr schwule Filme. Sie sieht aus wie eine Porno Tube und hat alle allgemeinen Optionen, die diese Art von Webseite braucht. Auf der Homepage wirst du Vorschaubilder f\u00fcr alle Kategorien von schwulen Pornos finden: selbstgedreht, gro\u00dfer Schwanz, heterosexueller Kerl, asiatisch, japanisch,franz\u00f6sisch, Sperma im Mund, <a href='https:\/\/www.thepornlist.net\/de\/gay-porno-seiten\/gaymaletube\/' class='excerpt-more'>[&#8230;]<\/a><\/p>\n","protected":false},"author":1,"featured_media":0,"parent":9753,"menu_order":35950,"comment_status":"closed","ping_status":"closed","template":"0-autofill-tpl-template.php","meta":{"_acf_changed":false,"footnotes":""},"tags":[],"acf":[],"aioseo_notices":[],"_links":{"self":[{"href":"https:\/\/www.thepornlist.net\/de\/wp-json\/wp\/v2\/pages\/10435"}],"collection":[{"href":"https:\/\/www.thepornlist.net\/de\/wp-json\/wp\/v2\/pages"}],"about":[{"href":"https:\/\/www.thepornlist.net\/de\/wp-json\/wp\/v2\/types\/page"}],"author":[{"embeddable":true,"href":"https:\/\/www.thepornlist.net\/de\/wp-json\/wp\/v2\/users\/1"}],"replies":[{"embeddable":true,"href":"https:\/\/www.thepornlist.net\/de\/wp-json\/wp\/v2\/comments?post=10435"}],"version-history":[{"count":0,"href":"https:\/\/www.thepornlist.net\/de\/wp-json\/wp\/v2\/pages\/10435\/revisions"}],"up":[{"embeddable":true,"href":"https:\/\/www.thepornlist.net\/de\/wp-json\/wp\/v2\/pages\/9753"}],"wp:attachment":[{"href":"https:\/\/www.thepornlist.net\/de\/wp-json\/wp\/v2\/media?parent=10435"}],"wp:term":[{"taxonomy":"post_tag","embeddable":true,"href":"https:\/\/www.thepornlist.net\/de\/wp-json\/wp\/v2\/tags?post=10435"}],"curies":[{"name":"wp","href":"https:\/\/api.w.org\/{rel}","templated":true}]}}