{"id":10436,"date":"2015-08-06T07:26:14","date_gmt":"2015-08-06T07:26:14","guid":{"rendered":"https:\/\/www.thepornlist.net\/de\/gallery-dump\/"},"modified":"2019-08-19T09:29:50","modified_gmt":"2019-08-19T09:29:50","slug":"gallery-dump","status":"publish","type":"page","link":"https:\/\/www.thepornlist.net\/de\/porn-blog-sites\/gallery-dump\/","title":{"rendered":"Gallery-dump"},"content":{"rendered":"<div class=\"pb\">\n<div class=\"hd\">\n<a href=\"https:\/\/www.thepornlist.net\/de\/\" base target=\"_self\" rel=\"noopener noreferrer\">Zur\u00fcck zur Startseite<\/a>\n<\/div>\n<div class=\"hd2\">\n<span style=\"font-style:normal;font-weight:bold;\">Seitenbewertung<\/span>\n<\/div>\n<\/div>\n<div style=\"width:100%; margin-left:auto; margin-right:auto; clear:both;z-index:1; padding-top:5px; border-radius: 2px;\">\n<div class=\"reviewimg\">\n<p><a href=\"http:\/\/www.Gallery-dump.com\/\" rel=\"nofollow noopener noreferrer\" base target=\"_self\"><img decoding=\"async\" src=\"https:\/\/www.thepornlist.net\/wp-content\/uploads\/2015\/review\/gallery-dump.jpg\" width=\"500\" height=\"500\" alt=\"Porn Tube\"><\/a><\/p>\n<\/div>\n<div class=\"reviewtitle\">\n<h1 style=\"font-family:Arial;font-size:56px;font-style:normal;font-weight:bold;color:#FF1F78;\">Gallery-dump<\/h1>\n<\/div>\n<div class=\"reviewsub\">\n<h2 style=\"font-size:14px;font-style:normal;font-weight:bold;\">Gallery-dump.com<\/H2>\n<\/div>\n<div class=\"reviewtext\">\n<span style=\"font-size:16px;font-style:normal;\">Wenn du im UrbanDictionary.com nach einer Definition f\u00fcr den Ausdruck gallery dump suchst, wirst du folgendes finden: 2wenn jemand eine Riesenmenge an Bildern auf seiner Kamera hat und sie endlich alle auf einmal auf seinen Computer und\/oder facebook hoch l\u00e4dt.\u201c Das ist nicht weit entfernt von dem, was wir hier haben, au\u00dfer der Tatsache, dass es hier kein Facebook gibt, nur eine Porno Webseite.<\/br><\/p>\n<p>Gallery-Dump.com ist ein Ort an dem du \u00fcber 16 Millionen Fotos findest, die f\u00fcr deine pers\u00f6nlichen Interessen geteilt werden.<\/br><\/p>\n<p>Es gibt mit Hilfe der Navigationsleiste auf der rechten Seite einige verschiedene Arten um sich diese Foto Inhalte anzusehen. Das hei\u00dft, dass du dir die Porno Bilder nach ihrer Anzahl von Klicks ansehen kannst oder du benutzt die Kategorien Seite, auf der du gewohnte Kategorien findest wie Amateur, anal, asiatisch, \u00c4rsche und einige ungew\u00f6hnliche wie pinkeln oder Sybian. Das Babe Verzeichnis l\u00e4sst deine Sonne wieder scheinen denn du wirst Namen sehen wie Alison Angel und Jordan Capri. Wenn du gut drauf bist dann kannst du die Option f\u00fcr zuf\u00e4llig ausgew\u00e4hlte Galerien benutzen, aber schimpfe nicht \u00fcber Gallery-Dump wenn du nicht das findest, wonach du suchst.<br \/>\n<\/span>\n<\/div>\n<div class=\"reviewsiteurl\">\n<a href=\"http:\/\/www.Gallery-dump.com\/\" rel=\"nofollow noopener noreferrer\" base target=\"_self\"><span style=\"font-size:32px;font-style:normal;font-weight:bold;text-decoration:underline;\">Hier klicken, um die webseite zu besuchen <\/span><\/a>\n<\/div>\n<\/div>\n","protected":false},"excerpt":{"rendered":"<p>Zur\u00fcck zur Startseite Seitenbewertung Gallery-dump Gallery-dump.com Wenn du im UrbanDictionary.com nach einer Definition f\u00fcr den Ausdruck gallery dump suchst, wirst du folgendes finden: 2wenn jemand eine Riesenmenge an Bildern auf seiner Kamera hat und sie endlich alle auf einmal auf seinen Computer und\/oder facebook hoch l\u00e4dt.\u201c Das ist nicht weit entfernt von dem, was wir <a href='https:\/\/www.thepornlist.net\/de\/porn-blog-sites\/gallery-dump\/' class='excerpt-more'>[&#8230;]<\/a><\/p>\n","protected":false},"author":1,"featured_media":0,"parent":10476,"menu_order":40570,"comment_status":"closed","ping_status":"closed","template":"0-autofill-tpl-template.php","meta":{"_acf_changed":false,"footnotes":""},"tags":[],"acf":[],"aioseo_notices":[],"_links":{"self":[{"href":"https:\/\/www.thepornlist.net\/de\/wp-json\/wp\/v2\/pages\/10436"}],"collection":[{"href":"https:\/\/www.thepornlist.net\/de\/wp-json\/wp\/v2\/pages"}],"about":[{"href":"https:\/\/www.thepornlist.net\/de\/wp-json\/wp\/v2\/types\/page"}],"author":[{"embeddable":true,"href":"https:\/\/www.thepornlist.net\/de\/wp-json\/wp\/v2\/users\/1"}],"replies":[{"embeddable":true,"href":"https:\/\/www.thepornlist.net\/de\/wp-json\/wp\/v2\/comments?post=10436"}],"version-history":[{"count":0,"href":"https:\/\/www.thepornlist.net\/de\/wp-json\/wp\/v2\/pages\/10436\/revisions"}],"up":[{"embeddable":true,"href":"https:\/\/www.thepornlist.net\/de\/wp-json\/wp\/v2\/pages\/10476"}],"wp:attachment":[{"href":"https:\/\/www.thepornlist.net\/de\/wp-json\/wp\/v2\/media?parent=10436"}],"wp:term":[{"taxonomy":"post_tag","embeddable":true,"href":"https:\/\/www.thepornlist.net\/de\/wp-json\/wp\/v2\/tags?post=10436"}],"curies":[{"name":"wp","href":"https:\/\/api.w.org\/{rel}","templated":true}]}}