{"id":10444,"date":"2015-07-29T16:01:12","date_gmt":"2015-07-29T16:01:12","guid":{"rendered":"https:\/\/www.thepornlist.net\/de\/porn-tube-sites\/yuvutu\/"},"modified":"2020-11-07T10:41:35","modified_gmt":"2020-11-07T10:41:35","slug":"yuvutu","status":"publish","type":"page","link":"https:\/\/www.thepornlist.net\/de\/porn-tube-sites\/yuvutu\/","title":{"rendered":"Yuvutu"},"content":{"rendered":"<div class=\"pb\">\n<div class=\"hd\">\n<a href=\"https:\/\/www.thepornlist.net\/de\/\" base target=\"_self\" rel=\"noopener noreferrer\">Zur\u00fcck zur Startseite<\/a>\n<\/div>\n<div class=\"hd2\">\n<span style=\"font-style:normal;font-weight:bold;\">Seitenbewertung<\/span>\n<\/div>\n<\/div>\n<div style=\"width:100%; margin-left:auto; margin-right:auto; clear:both;z-index:1; padding-top:5px; border-radius: 2px;\">\n<div class=\"reviewimg\">\n<p><a href=\"http:\/\/www.Yuvutu.com\/\" base target=\"_self\" rel=\"noopener noreferrer\"><img decoding=\"async\" src=\"https:\/\/www.thepornlist.net\/wp-content\/uploads\/2015\/review\/yuvutu.jpg\" width=\"500\" height=\"500\" alt=\"Porn Tube\"><\/a><\/p>\n<\/div>\n<div class=\"reviewtitle\">\n<h1 style=\"font-family:Arial;font-size:56px;font-style:normal;font-weight:bold;color:#FF1F78;\">Yuvutu<\/h1>\n<\/div>\n<div class=\"reviewsub\">\n<h2 style=\"font-size:14px;font-style:normal;font-weight:bold;\">Yuvutu.com<\/H2>\n<\/div>\n<div class=\"reviewtext\">\n<span style=\"font-size:16px;font-style:normal;\">Sie sagen, dass sie kostenlose Pornos von vollj\u00e4hrigen Amateuren haben. Wir sagen, dass das gut ist  denn vielleicht entdecken wir echte Frauen von der Stra\u00dfe oder einige \u00f6ffentliche Akte von hei\u00dfen Teens wie die, die in unserer Nachbarschaft leben. <\/br><\/p>\n<p>Yuvutu.com \u00f6ffnet seine Pforten mit etwas, das ich nie zuvor bei anderen Porno Tuben gesehen habe: Amateur Videos aus deiner N\u00e4he. Das bedeutet, dass diese Webseite dir auf ihrer Homepage Videos zeigt, basierend auf deiner IP Adresse, die von Leuten aus deinem Land hochgeladen wurden. Darunter wirst du ein Aufklappmen\u00fc finden, dass es dir erlaubt zwischen k\u00fcrzlich ver\u00f6ffentlichten, geilsten und meist gesehenen Videos auszuw\u00e4hlen. <\/br><\/p>\n<p>Es ist mehr wie eine Gemeinschaft von Porno Fans und Porno Begeisterten denn du wirst ein Forum f\u00fcr Erwachsene bemerken zu dem du mit einem kostenlosen Account Zugang hast. Wenn es dir beim Herumst\u00f6bern ein bisschen langweilig werden sollte, kannst du einen Blick auf die Seite mit den Blogs f\u00fcr Erwachsene werfen. <\/br><\/p>\n<p>Selbst wenn das Design der Webseite nicht das Beste ist und das einzig tolle daran die Farbe ist, ist Yuvutu trotzdem eine Seite, die man sich n\u00e4her ansehen sollte. Die Inhalte sind voller selbstgedrehter Amateur Videos und die Werbung ist auf ein Minimum begrenzt.<br \/>\n<\/span>\n<\/div>\n<div class=\"reviewsiteurl\">\n<a href=\"http:\/\/www.Yuvutu.com\/\" base target=\"_self\" rel=\"noopener noreferrer\"><span style=\"font-size:32px;font-style:normal;font-weight:bold;text-decoration:underline;\">Hier klicken, um die webseite zu besuchen <\/span><\/a>\n<\/div>\n<\/div>\n","protected":false},"excerpt":{"rendered":"<p>Zur\u00fcck zur Startseite Seitenbewertung Yuvutu Yuvutu.com Sie sagen, dass sie kostenlose Pornos von vollj\u00e4hrigen Amateuren haben. Wir sagen, dass das gut ist denn vielleicht entdecken wir echte Frauen von der Stra\u00dfe oder einige \u00f6ffentliche Akte von hei\u00dfen Teens wie die, die in unserer Nachbarschaft leben. Yuvutu.com \u00f6ffnet seine Pforten mit etwas, das ich nie zuvor <a href='https:\/\/www.thepornlist.net\/de\/porn-tube-sites\/yuvutu\/' class='excerpt-more'>[&#8230;]<\/a><\/p>\n","protected":false},"author":1,"featured_media":0,"parent":9407,"menu_order":44610,"comment_status":"closed","ping_status":"closed","template":"0-autofill-tpl-template.php","meta":{"_acf_changed":false,"footnotes":""},"tags":[],"acf":[],"aioseo_notices":[],"_links":{"self":[{"href":"https:\/\/www.thepornlist.net\/de\/wp-json\/wp\/v2\/pages\/10444"}],"collection":[{"href":"https:\/\/www.thepornlist.net\/de\/wp-json\/wp\/v2\/pages"}],"about":[{"href":"https:\/\/www.thepornlist.net\/de\/wp-json\/wp\/v2\/types\/page"}],"author":[{"embeddable":true,"href":"https:\/\/www.thepornlist.net\/de\/wp-json\/wp\/v2\/users\/1"}],"replies":[{"embeddable":true,"href":"https:\/\/www.thepornlist.net\/de\/wp-json\/wp\/v2\/comments?post=10444"}],"version-history":[{"count":0,"href":"https:\/\/www.thepornlist.net\/de\/wp-json\/wp\/v2\/pages\/10444\/revisions"}],"up":[{"embeddable":true,"href":"https:\/\/www.thepornlist.net\/de\/wp-json\/wp\/v2\/pages\/9407"}],"wp:attachment":[{"href":"https:\/\/www.thepornlist.net\/de\/wp-json\/wp\/v2\/media?parent=10444"}],"wp:term":[{"taxonomy":"post_tag","embeddable":true,"href":"https:\/\/www.thepornlist.net\/de\/wp-json\/wp\/v2\/tags?post=10444"}],"curies":[{"name":"wp","href":"https:\/\/api.w.org\/{rel}","templated":true}]}}