{"id":10445,"date":"2015-07-29T16:00:10","date_gmt":"2015-07-29T16:00:10","guid":{"rendered":"https:\/\/www.thepornlist.net\/de\/porn-tube-sites\/tube8\/"},"modified":"2019-05-23T12:51:41","modified_gmt":"2019-05-23T12:51:41","slug":"tube8","status":"publish","type":"page","link":"https:\/\/www.thepornlist.net\/de\/porn-tube-sites\/tube8\/","title":{"rendered":"Tube8"},"content":{"rendered":"<div class=\"pb\">\n<div class=\"hd\">\n<a href=\"https:\/\/www.thepornlist.net\/de\/\" base target=\"_self\">Zur\u00fcck zur Startseite<\/a>\n<\/div>\n<div class=\"hd2\">\n<span style=\"font-style:normal;font-weight:bold;\">Seitenbewertung<\/span>\n<\/div>\n<\/div>\n<div style=\"width:100%; height:980px; margin-left:auto; margin-right:auto; clear:both;z-index:1; padding-top:5px; border-radius: 2px;\">\n<div class=\"reviewimg\">\n<p><a href=\"http:\/\/www.tube8.com\/\" base target=\"_self\"><img decoding=\"async\" src=\"https:\/\/www.thepornlist.net\/wp-content\/uploads\/2015\/review\/tube8.jpg\" width=\"500\" height=\"500\" alt=\"Porn Tube\"><\/a><\/p>\n<\/div>\n<div class=\"reviewtitle\">\n<h1 style=\"font-family:Arial;font-size:56px;font-style:normal;font-weight:bold;color:#FF1F78;\">Tube8<\/h1>\n<\/div>\n<div class=\"reviewsub\">\n<h2 style=\"font-size:14px;font-style:normal;font-weight:bold;\">Tube8.com<\/H2>\n<\/div>\n<div class=\"reviewtext\">\n<span style=\"font-size:16px;font-style:normal;\">Es ist \u00fcberfl\u00fcssig \u00fcber Tube8 zu sprechen. Es ist eine der gr\u00f6\u00dften Porno Tuben, die es da drau\u00dfen gibt und du wirst immer wissen, dass ein Gewinner unter uns ist. <\/br><\/p>\n<p>Tube8.com ist Teil des Pornhub Netzwerks, das pornografische Video Seiten miteinander verbindet ( Pornhub, RedTube, YouPorn, Tube8, Thumbzilla, SpankWire, KeezMovies, Xtube, ExtremeTube \u2013 einschlie\u00dflich PornMD das als ihre Suchmaschine fungiert). Die meisten Seiten bieten gratis Pornografie und geh\u00f6ren MindGeek. Die Kategorien von Tube8 werden dir die gewohnten zeigen wie Amateur, anal, asiatisch, Ebony, indisch, HD, Latina, Lesben, reif, Strip und Teen. <\/br><\/p>\n<p>Alles ist kostenlos und du brauchst keinen Account um zu den Porno Videos zu kommen. Jeder Film hat eine Bewertung, eine Beschreibung und eine Stelle an der du kommentieren kannst.  Um das zu tun wirst du dich anmelden m\u00fcssen, aber wie in diesen Zeilen bereits festgestellt, auch das ist kostenlos. <\/br><\/p>\n<p>Auf der Homepage wirst du die heute beworbenen Porno Videos finden mit gro\u00dfen Vorschaubildern die dir eine kurze fotografische Vorschau geben und darunter wirst du die letzten hinzugef\u00fcgten Videos sehen. <\/br><\/p>\n<p>Die Werbung ist auf ein Minimum begrenzt, was normal f\u00fcr eine Porno Tube dieses Kalibers ist.<br \/>\n<\/span>\n<\/div>\n<div class=\"reviewsiteurl\">\n<a href=\"http:\/\/www.tube8.com\/\" rel=\"nofollow\" base target=\"_self\"><span style=\"font-size:32px;font-style:normal;font-weight:bold;text-decoration:underline;\">Hier klicken, um die webseite zu besuchen <\/span><\/a>\n<\/div>\n<\/div>\n","protected":false},"excerpt":{"rendered":"<p>Zur\u00fcck zur Startseite Seitenbewertung Tube8 Tube8.com Es ist \u00fcberfl\u00fcssig \u00fcber Tube8 zu sprechen. Es ist eine der gr\u00f6\u00dften Porno Tuben, die es da drau\u00dfen gibt und du wirst immer wissen, dass ein Gewinner unter uns ist. Tube8.com ist Teil des Pornhub Netzwerks, das pornografische Video Seiten miteinander verbindet ( Pornhub, RedTube, YouPorn, Tube8, Thumbzilla, SpankWire, <a href='https:\/\/www.thepornlist.net\/de\/porn-tube-sites\/tube8\/' class='excerpt-more'>[&#8230;]<\/a><\/p>\n","protected":false},"author":1,"featured_media":0,"parent":9407,"menu_order":32950,"comment_status":"closed","ping_status":"closed","template":"0-autofill-tpl-template.php","meta":{"_acf_changed":false,"footnotes":""},"tags":[],"acf":[],"aioseo_notices":[],"_links":{"self":[{"href":"https:\/\/www.thepornlist.net\/de\/wp-json\/wp\/v2\/pages\/10445"}],"collection":[{"href":"https:\/\/www.thepornlist.net\/de\/wp-json\/wp\/v2\/pages"}],"about":[{"href":"https:\/\/www.thepornlist.net\/de\/wp-json\/wp\/v2\/types\/page"}],"author":[{"embeddable":true,"href":"https:\/\/www.thepornlist.net\/de\/wp-json\/wp\/v2\/users\/1"}],"replies":[{"embeddable":true,"href":"https:\/\/www.thepornlist.net\/de\/wp-json\/wp\/v2\/comments?post=10445"}],"version-history":[{"count":0,"href":"https:\/\/www.thepornlist.net\/de\/wp-json\/wp\/v2\/pages\/10445\/revisions"}],"up":[{"embeddable":true,"href":"https:\/\/www.thepornlist.net\/de\/wp-json\/wp\/v2\/pages\/9407"}],"wp:attachment":[{"href":"https:\/\/www.thepornlist.net\/de\/wp-json\/wp\/v2\/media?parent=10445"}],"wp:term":[{"taxonomy":"post_tag","embeddable":true,"href":"https:\/\/www.thepornlist.net\/de\/wp-json\/wp\/v2\/tags?post=10445"}],"curies":[{"name":"wp","href":"https:\/\/api.w.org\/{rel}","templated":true}]}}