{"id":10446,"date":"2015-07-29T15:58:55","date_gmt":"2015-07-29T15:58:55","guid":{"rendered":"https:\/\/www.thepornlist.net\/de\/porn-forum-sites\/slutwives\/"},"modified":"2019-05-24T11:25:03","modified_gmt":"2019-05-24T11:25:03","slug":"slutwives","status":"publish","type":"page","link":"https:\/\/www.thepornlist.net\/de\/porn-forum-sites\/slutwives\/","title":{"rendered":"Slutwives"},"content":{"rendered":"<div class=\"pb\">\n<div class=\"hd\">\n<a href=\"https:\/\/www.thepornlist.net\/de\/\" base target=\"_self\">Zur\u00fcck zur Startseite<\/a>\n<\/div>\n<div class=\"hd2\">\n<span style=\"font-style:normal;font-weight:bold;\">Seitenbewertung<\/span>\n<\/div>\n<\/div>\n<div style=\"width:100%; margin-left:auto; margin-right:auto; clear:both;z-index:1; padding-top:5px; border-radius: 2px;\">\n<div class=\"reviewimg\">\n<p><a href=\"http:\/\/www.Slutwives.com\/\" base target=\"_self\"><img decoding=\"async\" src=\"https:\/\/www.thepornlist.net\/wp-content\/uploads\/2015\/review\/slutwives.jpg\" width=\"500\" height=\"500\" alt=\"Porn Tube\"><\/a><\/p>\n<\/div>\n<div class=\"reviewtitle\">\n<h1 style=\"font-family:Arial;font-size:56px;font-style:normal;font-weight:bold;color:#FF1F78;\">Slutwives<\/h1>\n<\/div>\n<div class=\"reviewsub\">\n<h2 style=\"font-size:14px;font-style:normal;font-weight:bold;\">Slutwives.com<\/H2>\n<\/div>\n<div class=\"reviewtext\">\n<span style=\"font-size:16px;font-style:normal;\">SlutWives.com  eine Porno Seite wo du Amateur Cuckold Videos finden wirst. Wenn du nicht wei\u00dft, was Cuckold bedeutet ist direkt hier die Definition: ein Akt des Fremdgehens, begangen von einer verheirateten Frau gegen ihren Ehemann.<\/br><\/p>\n<p>SlutWives ist eine kostenlose Plattform, die auf einem Forum basiert wo sich eine Gemeinschaft trifft um Videos, Geschichten f\u00fcr Erwachsene und noch mehr, was diese Nische betrifft, zu teilen. Niemand kann sicher wissen, wie viele dieser Videos gestellt sind oder wie viele der Pornos und erotischen Geschichten, die man hier findet, tats\u00e4chlich echte Szenen aus dem Leben von Amateuren sind. Aber ich wei\u00df auch nicht ob das etwas ist, womit wir uns befassen sollten. Wenn du ein Fan von sozialer Interaktion bist und dich f\u00fcr diese Art der Unterhaltung f\u00fcr Erwachsene begeisterst, dann wird SlutWives ein toller Ort f\u00fcr dich sein an dem du deinen Kaffee genie\u00dfen kannst anstatt morgens deine Zeitung zu lesen.<\/br> <\/p>\n<p>Du findest dort auch Chat R\u00e4ume f\u00fcr Erwachsene f\u00fcr eine bessere Verbindung zwischen Mitgliedern, Gruppen, Alben und allem was dazu geh\u00f6rt. Die Wolke mit den Schlagw\u00f6rtern gibt dir noch einen n\u00e4heren Hinweis darauf, was hier passiert. Aber du wirst einen kostenlosen Account anmelden m\u00fcssen wenn du die Inhalte sehen oder deine Meinungen mitteilen willst.<br \/>\n<\/span>\n<\/div>\n<div class=\"reviewsiteurl\">\n<a href=\"http:\/\/www.Slutwives.com\/\" base target=\"_self\"><span style=\"font-size:32px;font-style:normal;font-weight:bold;text-decoration:underline;\">Hier klicken, um die webseite zu besuchen <\/span><\/a>\n<\/div>\n<\/div>\n","protected":false},"excerpt":{"rendered":"<p>Zur\u00fcck zur Startseite Seitenbewertung Slutwives Slutwives.com SlutWives.com eine Porno Seite wo du Amateur Cuckold Videos finden wirst. Wenn du nicht wei\u00dft, was Cuckold bedeutet ist direkt hier die Definition: ein Akt des Fremdgehens, begangen von einer verheirateten Frau gegen ihren Ehemann. SlutWives ist eine kostenlose Plattform, die auf einem Forum basiert wo sich eine Gemeinschaft <a href='https:\/\/www.thepornlist.net\/de\/porn-forum-sites\/slutwives\/' class='excerpt-more'>[&#8230;]<\/a><\/p>\n","protected":false},"author":1,"featured_media":0,"parent":9774,"menu_order":28870,"comment_status":"closed","ping_status":"closed","template":"0-autofill-tpl-template.php","meta":{"_acf_changed":false,"footnotes":""},"tags":[],"acf":[],"aioseo_notices":[],"_links":{"self":[{"href":"https:\/\/www.thepornlist.net\/de\/wp-json\/wp\/v2\/pages\/10446"}],"collection":[{"href":"https:\/\/www.thepornlist.net\/de\/wp-json\/wp\/v2\/pages"}],"about":[{"href":"https:\/\/www.thepornlist.net\/de\/wp-json\/wp\/v2\/types\/page"}],"author":[{"embeddable":true,"href":"https:\/\/www.thepornlist.net\/de\/wp-json\/wp\/v2\/users\/1"}],"replies":[{"embeddable":true,"href":"https:\/\/www.thepornlist.net\/de\/wp-json\/wp\/v2\/comments?post=10446"}],"version-history":[{"count":0,"href":"https:\/\/www.thepornlist.net\/de\/wp-json\/wp\/v2\/pages\/10446\/revisions"}],"up":[{"embeddable":true,"href":"https:\/\/www.thepornlist.net\/de\/wp-json\/wp\/v2\/pages\/9774"}],"wp:attachment":[{"href":"https:\/\/www.thepornlist.net\/de\/wp-json\/wp\/v2\/media?parent=10446"}],"wp:term":[{"taxonomy":"post_tag","embeddable":true,"href":"https:\/\/www.thepornlist.net\/de\/wp-json\/wp\/v2\/tags?post=10446"}],"curies":[{"name":"wp","href":"https:\/\/api.w.org\/{rel}","templated":true}]}}