{"id":10448,"date":"2015-07-29T15:55:59","date_gmt":"2015-07-29T15:55:59","guid":{"rendered":"https:\/\/www.thepornlist.net\/de\/porn-tube-sites\/redtube\/"},"modified":"2019-05-23T12:50:11","modified_gmt":"2019-05-23T12:50:11","slug":"redtube","status":"publish","type":"page","link":"https:\/\/www.thepornlist.net\/de\/porn-tube-sites\/redtube\/","title":{"rendered":"Redtube"},"content":{"rendered":"<div class=\"pb\">\n<div class=\"hd\">\n<a href=\"https:\/\/www.thepornlist.net\/de\/\" base target=\"_self\">Zur\u00fcck zur Startseite<\/a>\n<\/div>\n<div class=\"hd2\">\n<span style=\"font-style:normal;font-weight:bold;\">Seitenbewertung<\/span>\n<\/div>\n<\/div>\n<div style=\"width:100%; margin-left:auto; margin-right:auto; clear:both;z-index:1; padding-top:5px; border-radius: 2px;\">\n<div class=\"reviewimg\">\n<p><a href=\"http:\/\/www.redtube.com\/\" base target=\"_self\"><img decoding=\"async\" src=\"https:\/\/www.thepornlist.net\/wp-content\/uploads\/2015\/review\/redtube.jpg\" width=\"500\" height=\"500\" alt=\"Porn Tube\"><\/a><\/p>\n<\/div>\n<div class=\"reviewtitle\">\n<h1 style=\"font-family:Arial;font-size:56px;font-style:normal;font-weight:bold;color:#FF1F78;\">Redtube<\/h1>\n<\/div>\n<div class=\"reviewsub\">\n<h2 style=\"font-size:14px;font-style:normal;font-weight:bold;\">Redtube.com<\/H2>\n<\/div>\n<div class=\"reviewtext\">\n<span style=\"font-size:16px;font-style:normal;\"><br \/>\nSchnalle deinen Gurt fest und benimm dich denn jetzt sind die gro\u00dfen Jungs da! RedTube ist ohne jeden Zweifel einer der Riesen auf diesem Planeten und sie werden immer einen gro\u00dfen Teil der Pornographie beherrschen!<\/p>\n<p>Selbst wenn wir ein paar negative Dinge \u00fcber diese Plattform sagen wollten, ich bezweifele, dass wir etwas finden k\u00f6nnten, das wir nicht m\u00f6gen. Als Teil des Pornhub Netzwerks wird Redtube.com dir immer die besten Porno Videos liefern, die du jemals sehen wirst und da wir uns im HD Zeitalter befinden, wirst du viele Videos mit dieser gro\u00dfartigen Bildqualit\u00e4t bekommen.<\/p>\n<p>Es ist leicht die riesige Menge an Inhalten zu sehen, die du auf RedTube finden wirst indem du einfach auf die Kategorien Seite in der oberen Navigationsleiste klickst. Du wirst Bereiche sehen wie Amateur mit 7.346 Videos, Anal mit 18.678 Videos, HD mit 58.070 Videos oder Vintage mit 16.862 Videos. Und jedes einzelne dieser Videos ist kostenlos.<\/p>\n<p>Es gibt sogar eine Gemeinschaft, aber du wirst dich f\u00fcr ein kostenloses Account anmelden m\u00fcssen um zu diesem Teil der Webseite Zugang zu bekommen und du kannst deine Suchen sofort filtern nach empfohlen, Kan\u00e4le, am besten bewertet, meist gesehen, am beliebtesten, neueste oder l\u00e4ngste.<\/p>\n<p><\/span>\n<\/div>\n<div class=\"reviewsiteurl\">\n<a href=\"http:\/\/www.redtube.com\/\" rel=\"nofollow\" base target=\"_self\"><span style=\"font-size:32px;font-style:normal;font-weight:bold;text-decoration:underline;\">Hier klicken, um die webseite zu besuchen <\/span><\/a>\n<\/div>\n<\/div>\n","protected":false},"excerpt":{"rendered":"<p>Zur\u00fcck zur Startseite Seitenbewertung Redtube Redtube.com Schnalle deinen Gurt fest und benimm dich denn jetzt sind die gro\u00dfen Jungs da! RedTube ist ohne jeden Zweifel einer der Riesen auf diesem Planeten und sie werden immer einen gro\u00dfen Teil der Pornographie beherrschen! Selbst wenn wir ein paar negative Dinge \u00fcber diese Plattform sagen wollten, ich bezweifele, <a href='https:\/\/www.thepornlist.net\/de\/porn-tube-sites\/redtube\/' class='excerpt-more'>[&#8230;]<\/a><\/p>\n","protected":false},"author":1,"featured_media":0,"parent":9407,"menu_order":30350,"comment_status":"closed","ping_status":"closed","template":"0-autofill-tpl-template.php","meta":{"_acf_changed":false,"footnotes":""},"tags":[],"acf":[],"aioseo_notices":[],"_links":{"self":[{"href":"https:\/\/www.thepornlist.net\/de\/wp-json\/wp\/v2\/pages\/10448"}],"collection":[{"href":"https:\/\/www.thepornlist.net\/de\/wp-json\/wp\/v2\/pages"}],"about":[{"href":"https:\/\/www.thepornlist.net\/de\/wp-json\/wp\/v2\/types\/page"}],"author":[{"embeddable":true,"href":"https:\/\/www.thepornlist.net\/de\/wp-json\/wp\/v2\/users\/1"}],"replies":[{"embeddable":true,"href":"https:\/\/www.thepornlist.net\/de\/wp-json\/wp\/v2\/comments?post=10448"}],"version-history":[{"count":0,"href":"https:\/\/www.thepornlist.net\/de\/wp-json\/wp\/v2\/pages\/10448\/revisions"}],"up":[{"embeddable":true,"href":"https:\/\/www.thepornlist.net\/de\/wp-json\/wp\/v2\/pages\/9407"}],"wp:attachment":[{"href":"https:\/\/www.thepornlist.net\/de\/wp-json\/wp\/v2\/media?parent=10448"}],"wp:term":[{"taxonomy":"post_tag","embeddable":true,"href":"https:\/\/www.thepornlist.net\/de\/wp-json\/wp\/v2\/tags?post=10448"}],"curies":[{"name":"wp","href":"https:\/\/api.w.org\/{rel}","templated":true}]}}