{"id":10449,"date":"2015-07-29T15:54:30","date_gmt":"2015-07-29T15:54:30","guid":{"rendered":"https:\/\/www.thepornlist.net\/de\/porn-tube-sites\/pornozot\/"},"modified":"2019-05-23T12:20:32","modified_gmt":"2019-05-23T12:20:32","slug":"pornozot","status":"publish","type":"page","link":"https:\/\/www.thepornlist.net\/de\/porn-tube-sites\/pornozot\/","title":{"rendered":"Pornozot"},"content":{"rendered":"<div class=\"pb\">\n<div class=\"hd\">\n<a href=\"https:\/\/www.thepornlist.net\/de\/\" base target=\"_self\">Zur\u00fcck zur Startseite<\/a>\n<\/div>\n<div class=\"hd2\">\n<span style=\"font-style:normal;font-weight:bold;\">Seitenbewertung<\/span>\n<\/div>\n<\/div>\n<div style=\"width:100%; margin-left:auto; margin-right:auto; clear:both;z-index:1; padding-top:5px; border-radius: 2px;\">\n<div class=\"reviewimg\">\n<p><a href=\"http:\/\/www.Pornozot.com\/\" base target=\"_self\"><img decoding=\"async\" src=\"https:\/\/www.thepornlist.net\/wp-content\/uploads\/2015\/review\/pornozot.jpg\" width=\"500\" height=\"500\" alt=\"Porn Tube\"><\/a><\/p>\n<\/div>\n<div class=\"reviewtitle\">\n<h1 style=\"font-family:Arial;font-size:56px;font-style:normal;font-weight:bold;color:#FF1F78;\">Pornozot<\/h1>\n<\/div>\n<div class=\"reviewsub\">\n<h2 style=\"font-size:14px;font-style:normal;font-weight:bold;\">Pornozot.com<\/H2>\n<\/div>\n<div class=\"reviewtext\">\n<span style=\"font-size:16px;font-style:normal;\">Es scheint als ob Holl\u00e4nder wirklich wissen, wie man eine gute Porno Tube macht \u2013 PornoZot.com \u2013 vor allem wenn es kostenlos ist! Alles ist besser wenn es nichts kostet! Pornografie ist eine internationale Sprache, also brauchst du kein holl\u00e4ndisch um dich dort umzusehen. Du musst auch kein spanisch, italienisch, t\u00fcrkisch oder eine andere Sprache  aus dem Aufklappmen\u00fc k\u00f6nnen, das du in der oberen rechten Ecke finden wirst. Die Homepage gibt dir Zugang zu einer Liste von Vorschaubildern und du wirst eine Foto Vorschau von dem Video sehen k\u00f6nnen, das sich dahinter verbirgt. Titten sehen in jeder Sprache wie Titten aus und auch eine reife Blondine, die in ihrem Schlafzimmer einige wilde Abenteuer erlebt, sieht in jedem Land gleich aus. Eine lustige Sache solltet ihr noch wissen: die Webseite \u00e4ndert ihren Namen f\u00fcr jede Sprache. <\/br><\/p>\n<p>Die Kategorie Liste wird dir Dinge wie Latinas, Lesben und Voyeur zeigen, so dass es einfach wird auszuw\u00e4hlen, was du magst.<br \/>\n<\/br><br \/>\nDa sie aus einem Land kommt in dem Prostitution legal ist, ist es keine \u00dcberraschung, dass eine Porno Tube wie PornoZot gro\u00dfartig ist. Das Hosting der Videos findet intern statt und das ist nur noch ein weiterer Pluspunkt f\u00fcr sie.<br \/>\n<\/span>\n<\/div>\n<div class=\"reviewsiteurl\">\n<a href=\"http:\/\/www.Pornozot.com\/\" base target=\"_self\"><span style=\"font-size:32px;font-style:normal;font-weight:bold;text-decoration:underline;\">Hier klicken, um die webseite zu besuchen <\/span><\/a>\n<\/div>\n<\/div>\n","protected":false},"excerpt":{"rendered":"<p>Zur\u00fcck zur Startseite Seitenbewertung Pornozot Pornozot.com Es scheint als ob Holl\u00e4nder wirklich wissen, wie man eine gute Porno Tube macht \u2013 PornoZot.com \u2013 vor allem wenn es kostenlos ist! Alles ist besser wenn es nichts kostet! Pornografie ist eine internationale Sprache, also brauchst du kein holl\u00e4ndisch um dich dort umzusehen. Du musst auch kein spanisch, <a href='https:\/\/www.thepornlist.net\/de\/porn-tube-sites\/pornozot\/' class='excerpt-more'>[&#8230;]<\/a><\/p>\n","protected":false},"author":1,"featured_media":0,"parent":9407,"menu_order":46510,"comment_status":"closed","ping_status":"closed","template":"0-autofill-tpl-template.php","meta":{"_acf_changed":false,"footnotes":""},"tags":[],"acf":[],"aioseo_notices":[],"_links":{"self":[{"href":"https:\/\/www.thepornlist.net\/de\/wp-json\/wp\/v2\/pages\/10449"}],"collection":[{"href":"https:\/\/www.thepornlist.net\/de\/wp-json\/wp\/v2\/pages"}],"about":[{"href":"https:\/\/www.thepornlist.net\/de\/wp-json\/wp\/v2\/types\/page"}],"author":[{"embeddable":true,"href":"https:\/\/www.thepornlist.net\/de\/wp-json\/wp\/v2\/users\/1"}],"replies":[{"embeddable":true,"href":"https:\/\/www.thepornlist.net\/de\/wp-json\/wp\/v2\/comments?post=10449"}],"version-history":[{"count":0,"href":"https:\/\/www.thepornlist.net\/de\/wp-json\/wp\/v2\/pages\/10449\/revisions"}],"up":[{"embeddable":true,"href":"https:\/\/www.thepornlist.net\/de\/wp-json\/wp\/v2\/pages\/9407"}],"wp:attachment":[{"href":"https:\/\/www.thepornlist.net\/de\/wp-json\/wp\/v2\/media?parent=10449"}],"wp:term":[{"taxonomy":"post_tag","embeddable":true,"href":"https:\/\/www.thepornlist.net\/de\/wp-json\/wp\/v2\/tags?post=10449"}],"curies":[{"name":"wp","href":"https:\/\/api.w.org\/{rel}","templated":true}]}}