{"id":10450,"date":"2015-07-29T15:52:43","date_gmt":"2015-07-29T15:52:43","guid":{"rendered":"https:\/\/www.thepornlist.net\/de\/porn-forum-sites\/pornbb\/"},"modified":"2019-05-24T11:24:53","modified_gmt":"2019-05-24T11:24:53","slug":"pornbb","status":"publish","type":"page","link":"https:\/\/www.thepornlist.net\/de\/porn-forum-sites\/pornbb\/","title":{"rendered":"Pornbb"},"content":{"rendered":"<div class=\"pb\">\n<div class=\"hd\">\n<a href=\"https:\/\/www.thepornlist.net\/de\/\" base target=\"_self\">Zur\u00fcck zur Startseite<\/a>\n<\/div>\n<div class=\"hd2\">\n<span style=\"font-style:normal;font-weight:bold;\">Seitenbewertung<\/span>\n<\/div>\n<\/div>\n<div style=\"width:100%; margin-left:auto; margin-right:auto; clear:both;z-index:1; padding-top:5px; border-radius: 2px;\">\n<div class=\"reviewimg\">\n<p><a href=\"http:\/\/www.Pornbb.org\/\" base target=\"_self\"><img decoding=\"async\" src=\"https:\/\/www.thepornlist.net\/wp-content\/uploads\/2015\/review\/pornbb.jpg\" width=\"500\" height=\"500\" alt=\"Porn Tube\"><\/a><\/p>\n<\/div>\n<div class=\"reviewtitle\">\n<h1 style=\"font-family:Arial;font-size:56px;font-style:normal;font-weight:bold;color:#FF1F78;\">Pornbb<\/h1>\n<\/div>\n<div class=\"reviewsub\">\n<h2 style=\"font-size:14px;font-style:normal;font-weight:bold;\">Pornbb.org<\/H2>\n<\/div>\n<div class=\"reviewtext\">\n<span style=\"font-size:16px;font-style:normal;\">PornBB ist eine Plattform f\u00fcr Porno Diskussionen, basierend auf einer zwanglosen und allgemeinen Forum Plattform mit einem pinken Design \u2013 sie begr\u00fc\u00dfen dich mit einer rothaarigen Frau, die sich in der doggysytel Porition pr\u00e4sentiert. Guten Morgen, Sonnenschein!<\/br><\/p>\n<p>PornBB.org hat 4 gro\u00dfe Kategorien: pornBB, fetishBB, hentaiBB und gayBB. Innerhalb jeder Kategorie wirst du Tausende von immer kostenlosen Porno Filmen finden, und wieso auch nicht, Fotos f\u00fcr Erwachsene. Es ist leicht auszuw\u00e4hlen, was du brauchst denn es gibt ein Aufklappmen\u00fc, das bei Amateur Videos anf\u00e4ngt, weiter macht mit HD Filmen oder Filmen mit Ber\u00fchmtheiten und endet mit XXX Spielen oder Magazinen. Ein Klick und du kannst weiter machen!<\/br><\/p>\n<p>Du brauchst keinen Account um auf die Inhalte zugreifen zu k\u00f6nnen oder um die Download Links von externen Webseiten wie Rapid Gator zu finden, aber wenn du auf dieser Plattform deine eigenen Gedanken mitteilen m\u00f6chtest oder wenn du deine eigenen Inhalte teilen willst, dann musst du einen kostenlosen Account registrieren.<\/br> <\/p>\n<p>Die externen Hosting Webseiten werde dir kostenlos nur eine langsame Download Geschwindigkeit bieten, aber wenn du Porno Filme in voller L\u00e4nge downloaden willst, dann brauchst du einen Account mit hoher Geschwindigkeit, das nicht kostenlos ist und du wirst dich f\u00fcr eine Premium Mitgliedschaft anmelden m\u00fcssen.<br \/>\n<\/span>\n<\/div>\n<div class=\"reviewsiteurl\">\n<a href=\"http:\/\/www.Pornbb.org\/\" base target=\"_self\"><span style=\"font-size:32px;font-style:normal;font-weight:bold;text-decoration:underline;\">Hier klicken, um die webseite zu besuchen <\/span><\/a>\n<\/div>\n<\/div>\n","protected":false},"excerpt":{"rendered":"<p>Zur\u00fcck zur Startseite Seitenbewertung Pornbb Pornbb.org PornBB ist eine Plattform f\u00fcr Porno Diskussionen, basierend auf einer zwanglosen und allgemeinen Forum Plattform mit einem pinken Design \u2013 sie begr\u00fc\u00dfen dich mit einer rothaarigen Frau, die sich in der doggysytel Porition pr\u00e4sentiert. Guten Morgen, Sonnenschein! PornBB.org hat 4 gro\u00dfe Kategorien: pornBB, fetishBB, hentaiBB und gayBB. Innerhalb jeder <a href='https:\/\/www.thepornlist.net\/de\/porn-forum-sites\/pornbb\/' class='excerpt-more'>[&#8230;]<\/a><\/p>\n","protected":false},"author":1,"featured_media":0,"parent":9774,"menu_order":12250,"comment_status":"closed","ping_status":"closed","template":"0-autofill-tpl-template.php","meta":{"_acf_changed":false,"footnotes":""},"tags":[],"acf":[],"aioseo_notices":[],"_links":{"self":[{"href":"https:\/\/www.thepornlist.net\/de\/wp-json\/wp\/v2\/pages\/10450"}],"collection":[{"href":"https:\/\/www.thepornlist.net\/de\/wp-json\/wp\/v2\/pages"}],"about":[{"href":"https:\/\/www.thepornlist.net\/de\/wp-json\/wp\/v2\/types\/page"}],"author":[{"embeddable":true,"href":"https:\/\/www.thepornlist.net\/de\/wp-json\/wp\/v2\/users\/1"}],"replies":[{"embeddable":true,"href":"https:\/\/www.thepornlist.net\/de\/wp-json\/wp\/v2\/comments?post=10450"}],"version-history":[{"count":0,"href":"https:\/\/www.thepornlist.net\/de\/wp-json\/wp\/v2\/pages\/10450\/revisions"}],"up":[{"embeddable":true,"href":"https:\/\/www.thepornlist.net\/de\/wp-json\/wp\/v2\/pages\/9774"}],"wp:attachment":[{"href":"https:\/\/www.thepornlist.net\/de\/wp-json\/wp\/v2\/media?parent=10450"}],"wp:term":[{"taxonomy":"post_tag","embeddable":true,"href":"https:\/\/www.thepornlist.net\/de\/wp-json\/wp\/v2\/tags?post=10450"}],"curies":[{"name":"wp","href":"https:\/\/api.w.org\/{rel}","templated":true}]}}