{"id":10451,"date":"2015-07-29T15:51:31","date_gmt":"2015-07-29T15:51:31","guid":{"rendered":"https:\/\/www.thepornlist.net\/de\/porn-forum-sites\/planetsuzy\/"},"modified":"2019-05-24T11:24:55","modified_gmt":"2019-05-24T11:24:55","slug":"planetsuzy","status":"publish","type":"page","link":"https:\/\/www.thepornlist.net\/de\/porn-forum-sites\/planetsuzy\/","title":{"rendered":"Planetsuzy"},"content":{"rendered":"<div class=\"pb\">\n<div class=\"hd\">\n<a href=\"https:\/\/www.thepornlist.net\/de\/\" base target=\"_self\">Zur\u00fcck zur Startseite<\/a>\n<\/div>\n<div class=\"hd2\">\n<span style=\"font-style:normal;font-weight:bold;\">Seitenbewertung<\/span>\n<\/div>\n<\/div>\n<div style=\"width:100%; margin-left:auto; margin-right:auto; clear:both;z-index:1; padding-top:5px; border-radius: 2px;\">\n<div class=\"reviewimg\">\n<p><a href=\"http:\/\/www.Planetsuzy.org\/\" base target=\"_self\"><img decoding=\"async\" src=\"https:\/\/www.thepornlist.net\/wp-content\/uploads\/2015\/review\/planetsuzy.jpg\" width=\"500\" height=\"500\" alt=\"Porn Tube\"><\/a><\/p>\n<\/div>\n<div class=\"reviewtitle\">\n<h1 style=\"font-family:Arial;font-size:56px;font-style:normal;font-weight:bold;color:#FF1F78;\">Planetsuzy<\/h1>\n<\/div>\n<div class=\"reviewsub\">\n<h2 style=\"font-size:14px;font-style:normal;font-weight:bold;\">Planetsuzy.org<\/H2>\n<\/div>\n<div class=\"reviewtext\">\n<span style=\"font-size:16px;font-style:normal;\">PlanetSuzy ist eine Plattform f\u00fcr Erwachsene, die eine gro\u00dfe und interessante Gemeinschaft hat, die das gleiche Interesse an Pornografie hat. Wenn du die Seite l\u00e4dst, wirst du erfahren, dass die erste Sache, die du hier tun musst ist, einen kostenlosen Account zu registrieren denn sie sagen dir folgendes \u201e Du siehst dir im Moment unser Forum als Gast an was dir nur begrenzten Zugriff erlaubt\u201c und sie erz\u00e4hlen weiter \u201eDie Mitgliedschaft ist absolut KOSTENLOS und die Registrierung ist SCHNELL &#038; EINFACH also bitte, melde dich heute an und werde Teil einer der freundlichsten Gemeinschaften im Netz.\u201c<\/br><\/p>\n<p>Jede Ver\u00f6ffentlichung mit Filmen und Bildern zum downloaden ist nach der gleichen Art gemacht wie \u00fcberall sonst auch \u2013 einige Vorschaubilder um dich in die Welt der Szene mitzunehmen und daneben dann gleich die Download Links.<\/br> <\/p>\n<p>Um einen schnellen Hinweis darauf zu bekommen, was du hier erhalten wirst, werden wir \u00fcber die Ber\u00fchmtheiten \/ Supermodels Plattform reden. Darin wirst du Filme und Clips, Trailer, Fashion Shows, Interviews bekommen \u2013 sicher am Arbeitsplatz und nicht sicher am Arbeitsplatz.<\/br><\/p>\n<p>Dieses Forum hat auch Bereiche f\u00fcr die allgemein beliebte Industrie oder du kannst einen netten Nachmittag in dem Bereich mit den Sportarten verbringen, nur um eine Pause von der Welt drau\u00dfen zu nehmen oder von der unendlichen Pornografie, die du auf PlanetSuzy.com finden wirst.<br \/>\n<\/span>\n<\/div>\n<div class=\"reviewsiteurl\">\n<a href=\"http:\/\/www.Planetsuzy.org\/\" base target=\"_self\"><span style=\"font-size:32px;font-style:normal;font-weight:bold;text-decoration:underline;\">Hier klicken, um die webseite zu besuchen <\/span><\/a>\n<\/div>\n<\/div>\n","protected":false},"excerpt":{"rendered":"<p>Zur\u00fcck zur Startseite Seitenbewertung Planetsuzy Planetsuzy.org PlanetSuzy ist eine Plattform f\u00fcr Erwachsene, die eine gro\u00dfe und interessante Gemeinschaft hat, die das gleiche Interesse an Pornografie hat. Wenn du die Seite l\u00e4dst, wirst du erfahren, dass die erste Sache, die du hier tun musst ist, einen kostenlosen Account zu registrieren denn sie sagen dir folgendes \u201e <a href='https:\/\/www.thepornlist.net\/de\/porn-forum-sites\/planetsuzy\/' class='excerpt-more'>[&#8230;]<\/a><\/p>\n","protected":false},"author":1,"featured_media":0,"parent":9774,"menu_order":19550,"comment_status":"closed","ping_status":"closed","template":"0-autofill-tpl-template.php","meta":{"_acf_changed":false,"footnotes":""},"tags":[],"acf":[],"aioseo_notices":[],"_links":{"self":[{"href":"https:\/\/www.thepornlist.net\/de\/wp-json\/wp\/v2\/pages\/10451"}],"collection":[{"href":"https:\/\/www.thepornlist.net\/de\/wp-json\/wp\/v2\/pages"}],"about":[{"href":"https:\/\/www.thepornlist.net\/de\/wp-json\/wp\/v2\/types\/page"}],"author":[{"embeddable":true,"href":"https:\/\/www.thepornlist.net\/de\/wp-json\/wp\/v2\/users\/1"}],"replies":[{"embeddable":true,"href":"https:\/\/www.thepornlist.net\/de\/wp-json\/wp\/v2\/comments?post=10451"}],"version-history":[{"count":0,"href":"https:\/\/www.thepornlist.net\/de\/wp-json\/wp\/v2\/pages\/10451\/revisions"}],"up":[{"embeddable":true,"href":"https:\/\/www.thepornlist.net\/de\/wp-json\/wp\/v2\/pages\/9774"}],"wp:attachment":[{"href":"https:\/\/www.thepornlist.net\/de\/wp-json\/wp\/v2\/media?parent=10451"}],"wp:term":[{"taxonomy":"post_tag","embeddable":true,"href":"https:\/\/www.thepornlist.net\/de\/wp-json\/wp\/v2\/tags?post=10451"}],"curies":[{"name":"wp","href":"https:\/\/api.w.org\/{rel}","templated":true}]}}