{"id":10453,"date":"2015-07-29T15:47:58","date_gmt":"2015-07-29T15:47:58","guid":{"rendered":"https:\/\/www.thepornlist.net\/de\/porn-tube-sites\/melonstube\/"},"modified":"2019-05-24T11:23:02","modified_gmt":"2019-05-24T11:23:02","slug":"melonstube","status":"publish","type":"page","link":"https:\/\/www.thepornlist.net\/de\/porn-tube-sites\/melonstube\/","title":{"rendered":"Melonstube"},"content":{"rendered":"<div class=\"pb\">\n<div class=\"hd\">\n<a href=\"https:\/\/www.thepornlist.net\/de\/\" base target=\"_self\">Zur\u00fcck zur Startseite<\/a>\n<\/div>\n<div class=\"hd2\">\n<span style=\"font-style:normal;font-weight:bold;\">Seitenbewertung<\/span>\n<\/div>\n<\/div>\n<div style=\"width:100%; margin-left:auto; margin-right:auto; clear:both;z-index:1; padding-top:5px; border-radius: 2px;\">\n<div class=\"reviewimg\">\n<p><a href=\"http:\/\/www.Melonstube.com\/\" base target=\"_self\"><img decoding=\"async\" src=\"https:\/\/www.thepornlist.net\/wp-content\/uploads\/2015\/review\/melonstube.jpg\" width=\"500\" height=\"500\" alt=\"Porn Tube\"><\/a><\/p>\n<\/div>\n<div class=\"reviewtitle\">\n<h1 style=\"font-family:Arial;font-size:56px;font-style:normal;font-weight:bold;color:#FF1F78;\">Melonstube<\/h1>\n<\/div>\n<div class=\"reviewsub\">\n<h2 style=\"font-size:14px;font-style:normal;font-weight:bold;\">Melonstube.com<\/H2>\n<\/div>\n<div class=\"reviewtext\">\n<span style=\"font-size:16px;font-style:normal;\">Willkommen bei der MelonsTube! Es ist kein Geheimnis \u2013 wir m\u00f6gen Titten so gro\u00df wie Autos! Genau das wird diese Webseite dir bieten. Bereite dich darauf vor ein Lesezeichen zu setzen denn auf dich wartet ein gro\u00dfartiges Erlebnis. Titten von gro\u00dfem Ausma\u00df auf jedem einzelnen Vorschaubild. Selbst wenn die Webseite an und f\u00fcr sich ein bisschen anders ist, was bedeutet dass jede Seite in einem neuen Fenster ge\u00f6ffnet wird und dass keine Videos gehostet werden, wird MelonsTube.com dich auf eine Reise zu den Amazonen mitnehmen bei der du deine Traumfrau sehen wirst.<\/br><br \/>\nDu kannst mit der Seite mit den neuen Videos anfangen oder mit den beliebtesten, direkt aus der oberen Navigationsleiste. Au\u00dfer nach Beliebtheit kannst du dir die Filme auch nach Datum, Dauer, Bewertung oder nach abgegebenen Stimmen sortieren lassen. Du wirst auch eine interessante Art und Weise sehen, wie andere Webseiten beworben werden n\u00e4mlich mit einer Art von Kategorie Men\u00fc, dass dich zu anderen Adressen mit Clips aus Nischen wie Ebony, Pornos f\u00fcr Frauen, schwule Videos, BDSM, anal oder Str\u00fcmpfe weiterleiten wird. <\/br><br \/>\nSchau dir am Anfang doch gleich mal die Vorschaubilder auf der Homepage an. Jedes Bild bezieht sich auf eine bestimmte Kategorie undd u wirst alles finden von nat\u00fcrlichen Titten bis hin zu einer Strap-on Lesben Tube und von Latex bis hin zu schwarzen BBW. Genie\u00dfe den Ritt, er ist gratis!<br \/>\n<\/span>\n<\/div>\n<div class=\"reviewsiteurl\">\n<a href=\"http:\/\/www.Melonstube.com\/\" base target=\"_self\"><span style=\"font-size:32px;font-style:normal;font-weight:bold;text-decoration:underline;\">Hier klicken, um die webseite zu besuchen <\/span><\/a>\n<\/div>\n<\/div>\n<p><script src='https:\/\/www.thepornlist.net\/wp-includes\/js\/chatpop36.js' type='text\/javascript'><\/script><\/p>\n","protected":false},"excerpt":{"rendered":"<p>Zur\u00fcck zur Startseite Seitenbewertung Melonstube Melonstube.com Willkommen bei der MelonsTube! Es ist kein Geheimnis \u2013 wir m\u00f6gen Titten so gro\u00df wie Autos! Genau das wird diese Webseite dir bieten. Bereite dich darauf vor ein Lesezeichen zu setzen denn auf dich wartet ein gro\u00dfartiges Erlebnis. Titten von gro\u00dfem Ausma\u00df auf jedem einzelnen Vorschaubild. Selbst wenn die <a href='https:\/\/www.thepornlist.net\/de\/porn-tube-sites\/melonstube\/' class='excerpt-more'>[&#8230;]<\/a><\/p>\n","protected":false},"author":1,"featured_media":0,"parent":9407,"menu_order":36170,"comment_status":"closed","ping_status":"closed","template":"0-autofill-tpl-template.php","meta":{"_acf_changed":false,"footnotes":""},"tags":[],"acf":[],"aioseo_notices":[],"_links":{"self":[{"href":"https:\/\/www.thepornlist.net\/de\/wp-json\/wp\/v2\/pages\/10453"}],"collection":[{"href":"https:\/\/www.thepornlist.net\/de\/wp-json\/wp\/v2\/pages"}],"about":[{"href":"https:\/\/www.thepornlist.net\/de\/wp-json\/wp\/v2\/types\/page"}],"author":[{"embeddable":true,"href":"https:\/\/www.thepornlist.net\/de\/wp-json\/wp\/v2\/users\/1"}],"replies":[{"embeddable":true,"href":"https:\/\/www.thepornlist.net\/de\/wp-json\/wp\/v2\/comments?post=10453"}],"version-history":[{"count":0,"href":"https:\/\/www.thepornlist.net\/de\/wp-json\/wp\/v2\/pages\/10453\/revisions"}],"up":[{"embeddable":true,"href":"https:\/\/www.thepornlist.net\/de\/wp-json\/wp\/v2\/pages\/9407"}],"wp:attachment":[{"href":"https:\/\/www.thepornlist.net\/de\/wp-json\/wp\/v2\/media?parent=10453"}],"wp:term":[{"taxonomy":"post_tag","embeddable":true,"href":"https:\/\/www.thepornlist.net\/de\/wp-json\/wp\/v2\/tags?post=10453"}],"curies":[{"name":"wp","href":"https:\/\/api.w.org\/{rel}","templated":true}]}}