{"id":10455,"date":"2015-07-29T15:44:46","date_gmt":"2015-07-29T15:44:46","guid":{"rendered":"https:\/\/www.thepornlist.net\/de\/hornywhores\/"},"modified":"2019-05-23T10:08:00","modified_gmt":"2019-05-23T10:08:00","slug":"hornywhores","status":"publish","type":"page","link":"https:\/\/www.thepornlist.net\/de\/porn-blog-sites\/hornywhores\/","title":{"rendered":"Hornywhores"},"content":{"rendered":"<div class=\"pb\">\n<div class=\"hd\">\n<a href=\"https:\/\/www.thepornlist.net\/de\/\" base target=\"_self\">Zur\u00fcck zur Startseite<\/a>\n<\/div>\n<div class=\"hd2\">\n<span style=\"font-style:normal;font-weight:bold;\">Seitenbewertung<\/span>\n<\/div>\n<\/div>\n<div style=\"width:100%; margin-left:auto; margin-right:auto; clear:both;z-index:1; padding-top:5px; border-radius: 2px;\">\n<div class=\"reviewimg\">\n<p><a href=\"http:\/\/www.Hornywhores.net\/\" base target=\"_self\"><img decoding=\"async\" src=\"https:\/\/www.thepornlist.net\/wp-content\/uploads\/2015\/review\/hornywhores.jpg\" width=\"500\" height=\"500\" alt=\"Porn Tube\"><\/a><\/p>\n<\/div>\n<div class=\"reviewtitle\">\n<h1 style=\"font-family:Arial;font-size:56px;font-style:normal;font-weight:bold;color:#FF1F78;\">Hornywhores<\/h1>\n<\/div>\n<div class=\"reviewsub\">\n<h2 style=\"font-size:14px;font-style:normal;font-weight:bold;\">Hornywhores.net<\/H2>\n<\/div>\n<div class=\"reviewtext\">\n<span style=\"font-size:16px;font-style:normal;\">Es ist schwer zu sagen, was das Beste an HornyWhores ist denn alles sieht perfekt aus. Die Inhalte f\u00fcr Erwachsene flie\u00dfen wie ein Fluss und ich bin sicher, dass es in Amsterdam noch nie so viele Pornos an einem Ort gegeben hat. Alle diese Inhalte sind nach einigen Kriterien sortiert, von ganzen Pornoseiten \u00fcber Kategorien bis hin zu hei\u00dfen Pornostars und du kannst sogar eine Anfrage stellen falls du dein Geburtstagsgeschenk auf HornyWhores.net nicht gefunden haben solltest. <\/br><\/p>\n<p>Ich habe ganz vergessen zu erw\u00e4hnen, dass diese Webseite eine Plattform ist auf der du kostenlos Porno Filme, Clips f\u00fcr Erwachsene und alles was damit zusammenh\u00e4ngt downloaden kannst, wie beliebte Webseiten, beliebte Filme in voller L\u00e4nge, Blu-Ray Porno Erscheinungen, DVDs f\u00fcr Erwachsene und Zeitschriften f\u00fcr Erwachsene. <\/br><br \/>\nWie schon vorher erw\u00e4hnt kannst du die Suche eingrenzen indem du nach deinem Lieblings Pornostar suchst \u2013 du wirst einige exquisite Namen wie Alektra Blue, Aletta Ocean, Eva Angelina, Lexy Belle, Nicole Aniston und andere finden. <\/br><\/p>\n<p>Sei nicht sch\u00fcchtern, du wirst bei HornyWhores.com rundum verw\u00f6hnt werden. Um an einen Erwachsenenclip auf dieser Webseite zu kommen,musst du auf den Download Link klicken und eine dritte Webseite wird dir alles zur Verf\u00fcgung stellen damit du den Teufel auf deine Festplatte bekommst.<br \/>\n<\/span>\n<\/div>\n<div class=\"reviewsiteurl\">\n<a href=\"http:\/\/www.Hornywhores.net\/\" base target=\"_self\"><span style=\"font-size:32px;font-style:normal;font-weight:bold;text-decoration:underline;\">Hier klicken, um die webseite zu besuchen <\/span><\/a>\n<\/div>\n<\/div>\n","protected":false},"excerpt":{"rendered":"<p>Zur\u00fcck zur Startseite Seitenbewertung Hornywhores Hornywhores.net Es ist schwer zu sagen, was das Beste an HornyWhores ist denn alles sieht perfekt aus. Die Inhalte f\u00fcr Erwachsene flie\u00dfen wie ein Fluss und ich bin sicher, dass es in Amsterdam noch nie so viele Pornos an einem Ort gegeben hat. Alle diese Inhalte sind nach einigen Kriterien <a href='https:\/\/www.thepornlist.net\/de\/porn-blog-sites\/hornywhores\/' class='excerpt-more'>[&#8230;]<\/a><\/p>\n","protected":false},"author":1,"featured_media":0,"parent":10476,"menu_order":21770,"comment_status":"closed","ping_status":"closed","template":"0-autofill-tpl-template.php","meta":{"_acf_changed":false,"footnotes":""},"tags":[],"acf":[],"aioseo_notices":[],"_links":{"self":[{"href":"https:\/\/www.thepornlist.net\/de\/wp-json\/wp\/v2\/pages\/10455"}],"collection":[{"href":"https:\/\/www.thepornlist.net\/de\/wp-json\/wp\/v2\/pages"}],"about":[{"href":"https:\/\/www.thepornlist.net\/de\/wp-json\/wp\/v2\/types\/page"}],"author":[{"embeddable":true,"href":"https:\/\/www.thepornlist.net\/de\/wp-json\/wp\/v2\/users\/1"}],"replies":[{"embeddable":true,"href":"https:\/\/www.thepornlist.net\/de\/wp-json\/wp\/v2\/comments?post=10455"}],"version-history":[{"count":0,"href":"https:\/\/www.thepornlist.net\/de\/wp-json\/wp\/v2\/pages\/10455\/revisions"}],"up":[{"embeddable":true,"href":"https:\/\/www.thepornlist.net\/de\/wp-json\/wp\/v2\/pages\/10476"}],"wp:attachment":[{"href":"https:\/\/www.thepornlist.net\/de\/wp-json\/wp\/v2\/media?parent=10455"}],"wp:term":[{"taxonomy":"post_tag","embeddable":true,"href":"https:\/\/www.thepornlist.net\/de\/wp-json\/wp\/v2\/tags?post=10455"}],"curies":[{"name":"wp","href":"https:\/\/api.w.org\/{rel}","templated":true}]}}