{"id":10457,"date":"2015-07-29T15:41:18","date_gmt":"2015-07-29T15:41:18","guid":{"rendered":"https:\/\/www.thepornlist.net\/de\/girlscanner\/"},"modified":"2022-06-30T09:58:22","modified_gmt":"2022-06-30T09:58:22","slug":"girlscanner","status":"publish","type":"page","link":"https:\/\/www.thepornlist.net\/de\/porn-blog-sites\/girlscanner\/","title":{"rendered":"Girlscanner"},"content":{"rendered":"<div class=\"pb\">\n<div class=\"hd\">\n<a href=\"https:\/\/www.thepornlist.net\/de\/\" base target=\"_self\" rel=\"noopener noreferrer\">Zur\u00fcck zur Startseite<\/a>\n<\/div>\n<div class=\"hd2\">\n<span style=\"font-style:normal;font-weight:bold;\">Seitenbewertung<\/span>\n<\/div>\n<\/div>\n<div style=\"width:100%; margin-left:auto; margin-right:auto; clear:both;z-index:1; padding-top:5px; border-radius: 2px;\">\n<div class=\"reviewimg\">\n<p><a href=\"http:\/\/www.Girlscanner.com\/\" base target=\"_self\" rel=\"noopener noreferrer\"><img decoding=\"async\" src=\"https:\/\/www.thepornlist.net\/wp-content\/uploads\/2015\/review\/girlscanner.jpg\" width=\"500\" height=\"500\" alt=\"Porn Tube\"><\/a><\/p>\n<\/div>\n<div class=\"reviewtitle\">\n<h1 style=\"font-family:Arial;font-size:56px;font-style:normal;font-weight:bold;color:#FF1F78;\">Girlscanner<\/h1>\n<\/div>\n<div class=\"reviewsub\">\n<h2 style=\"font-size:14px;font-style:normal;font-weight:bold;\">Girlscanner.com<\/H2>\n<\/div>\n<div class=\"reviewtext\">\n<span style=\"font-size:16px;font-style:normal;\">Der Moment in dem du den Boden von GirlScanner.com betrittst, wirst du dich auf einem Territorium f\u00fcr Erwachsene ab 18 befinden denn diese Webseite ist eine gemischte Plattform, die dich dabei unterst\u00fctzen wird Seiten Rips und Porno Filme herunterzuladen. <\/br><\/p>\n<p>Das Archiv gibt dir Zugang zu einer riesigen Anzahl an Porno Clips von bekannten Zahlseiten wie  21sextury, BangBros, Hustler, Naughty America, Reality Kings und Twistys. Oder aber du bekommst ganze Filme mit einem einzigen Klick mit der Hilfe von externen Hosting Webseiten wie RapidGator und DepositFiles. Du solltest verstehen, dass du f\u00fcr gr\u00f6\u00dfere Mengen an Pornos oder f\u00fcr eine schnellere Download Geschwindigkeit einen Premium Account bei einer dieser Hosting Webseiten anmelden musst. Es scheint zum Beispiel als ob GirlScanner.com eine Partnerschaft mit DepositFiles hat und darum bekommst du dort einen Rabatt f\u00fcr eine bezahlte Mitgliedschaft. <\/br><\/p>\n<p>Die Seite ist ziemlich einfach und konzentriert sich nur darauf Pornos zu teilen f\u00fcr diesen ganz speziellen Jemand hinter dem PC. Das Fehlen von Kategorien k\u00f6nnte dich eventuell ein bisschen frustrieren, aber du kannst dich immer f\u00fcr einen kostenlosen Account anmelden um Kommentare zu hinterlassen. Dann kannst du ihnen auch vorschlagen sich mal um die Kategorien der Seite zu k\u00fcmmern.<br \/>\n<\/span>\n<\/div>\n<div class=\"reviewsiteurl\">\n<a href=\"http:\/\/www.Girlscanner.com\/\" base target=\"_self\" rel=\"noopener noreferrer\"><span style=\"font-size:32px;font-style:normal;font-weight:bold;text-decoration:underline;\">Hier klicken, um die webseite zu besuchen <\/span><\/a>\n<\/div>\n<\/div>\n","protected":false},"excerpt":{"rendered":"<p>Zur\u00fcck zur Startseite Seitenbewertung Girlscanner Girlscanner.com Der Moment in dem du den Boden von GirlScanner.com betrittst, wirst du dich auf einem Territorium f\u00fcr Erwachsene ab 18 befinden denn diese Webseite ist eine gemischte Plattform, die dich dabei unterst\u00fctzen wird Seiten Rips und Porno Filme herunterzuladen. Das Archiv gibt dir Zugang zu einer riesigen Anzahl an <a href='https:\/\/www.thepornlist.net\/de\/porn-blog-sites\/girlscanner\/' class='excerpt-more'>[&#8230;]<\/a><\/p>\n","protected":false},"author":1,"featured_media":0,"parent":10476,"menu_order":43450,"comment_status":"closed","ping_status":"closed","template":"0-autofill-tpl-template.php","meta":{"_acf_changed":false,"footnotes":""},"tags":[],"acf":[],"aioseo_notices":[],"_links":{"self":[{"href":"https:\/\/www.thepornlist.net\/de\/wp-json\/wp\/v2\/pages\/10457"}],"collection":[{"href":"https:\/\/www.thepornlist.net\/de\/wp-json\/wp\/v2\/pages"}],"about":[{"href":"https:\/\/www.thepornlist.net\/de\/wp-json\/wp\/v2\/types\/page"}],"author":[{"embeddable":true,"href":"https:\/\/www.thepornlist.net\/de\/wp-json\/wp\/v2\/users\/1"}],"replies":[{"embeddable":true,"href":"https:\/\/www.thepornlist.net\/de\/wp-json\/wp\/v2\/comments?post=10457"}],"version-history":[{"count":0,"href":"https:\/\/www.thepornlist.net\/de\/wp-json\/wp\/v2\/pages\/10457\/revisions"}],"up":[{"embeddable":true,"href":"https:\/\/www.thepornlist.net\/de\/wp-json\/wp\/v2\/pages\/10476"}],"wp:attachment":[{"href":"https:\/\/www.thepornlist.net\/de\/wp-json\/wp\/v2\/media?parent=10457"}],"wp:term":[{"taxonomy":"post_tag","embeddable":true,"href":"https:\/\/www.thepornlist.net\/de\/wp-json\/wp\/v2\/tags?post=10457"}],"curies":[{"name":"wp","href":"https:\/\/api.w.org\/{rel}","templated":true}]}}