{"id":10458,"date":"2015-07-29T15:37:39","date_gmt":"2015-07-29T15:37:39","guid":{"rendered":"https:\/\/www.thepornlist.net\/de\/porn-forum-sites\/forumophilia\/"},"modified":"2019-05-24T11:24:57","modified_gmt":"2019-05-24T11:24:57","slug":"forumophilia","status":"publish","type":"page","link":"https:\/\/www.thepornlist.net\/de\/porn-forum-sites\/forumophilia\/","title":{"rendered":"Forumophilia"},"content":{"rendered":"<div class=\"pb\">\n<div class=\"hd\">\n<a href=\"https:\/\/www.thepornlist.net\/de\/\" base target=\"_self\">Zur\u00fcck zur Startseite<\/a>\n<\/div>\n<div class=\"hd2\">\n<span style=\"font-style:normal;font-weight:bold;\">Seitenbewertung<\/span>\n<\/div>\n<\/div>\n<div style=\"width:100%; margin-left:auto; margin-right:auto; clear:both;z-index:1; padding-top:5px; border-radius: 2px;\">\n<div class=\"reviewimg\">\n<p><a href=\"http:\/\/www.Forumophilia.com\/\" base target=\"_self\"><img decoding=\"async\" src=\"https:\/\/www.thepornlist.net\/wp-content\/uploads\/2015\/review\/forumophilia1.jpg\" width=\"500\" height=\"500\" alt=\"Porn Tube\"><\/a><\/p>\n<\/div>\n<div class=\"reviewtitle\">\n<h1 style=\"font-family:Arial;font-size:56px;font-style:normal;font-weight:bold;color:#FF1F78;\">Forumophilia<\/h1>\n<\/div>\n<div class=\"reviewsub\">\n<h2 style=\"font-size:14px;font-style:normal;font-weight:bold;\">Forumophilia.com<\/H2>\n<\/div>\n<div class=\"reviewtext\">\n<span style=\"font-size:16px;font-style:normal;\">Ein toller Name f\u00fcr ein tolles Forum f\u00fcr Erwachsene. Die erste Sache, die du bemerken wirst wenn du Forumophilia besuchen wirst, wird die Tatsache sein, dass auf jeder einzelnen Pinnwand jemand heute schon etwas gepostet hat. Man hat selten das Gl\u00fcck solch eine aktive Gemeinschaft f\u00fcr Erwachsene zu finden.<\/br> <\/p>\n<p>Forumophilia ist ein Ort, an dem du gro\u00dfartige Porno Inhalte bekommen kannst, alles ist kostenlos. Du kannst auf die Pinnw\u00e4nde ohne einen Account zugreifen und du kannst sogar die Porno Filme herunterladen. Wenn du mit anderen Mitgliedern interagieren willst und deine eigenen Sachen posten willst, dann wirst du einen Account anmelden m\u00fcssen, aber noch mal, er ist kostenlos.<\/br><\/p>\n<p>Bei einem n\u00e4heren Blick wirst du erstaunliche Inhalte f\u00fcr Erwachsene entdecken, das f\u00e4ngt schon an bei Teen Babe Videos, Teen Babe Model Clips, Teen Babe Bilder und geht weiter mit beliebten Models, Fotos und Videos von Pornostars und ber\u00fchmten Pers\u00f6nlichkeiten. Du wirst auch ganze Filme bekommen, die sich auf verschiedene Nischen konzentrieren wie Lesben und Solo Pornos oder Webcam Teens und Videos von Camgirls.<\/br> <\/p>\n<p>Es gibt eine Pinnwand, die sich VIP und Chat nennt wo du dich allgemein \u00fcber die Industrie unterhalten kannst. Und es gibt einen VIP Club in den du nur dann eintreten kannst wenn du 300 gute Posts selbst ver\u00f6ffentlicht hast.<br \/>\n<\/span>\n<\/div>\n<div class=\"reviewsiteurl\">\n<a href=\"http:\/\/www.Forumophilia.com\/\" base target=\"_self\"><span style=\"font-size:32px;font-style:normal;font-weight:bold;text-decoration:underline;\">Hier klicken, um die webseite zu besuchen <\/span><\/a>\n<\/div>\n<\/div>\n","protected":false},"excerpt":{"rendered":"<p>Zur\u00fcck zur Startseite Seitenbewertung Forumophilia Forumophilia.com Ein toller Name f\u00fcr ein tolles Forum f\u00fcr Erwachsene. Die erste Sache, die du bemerken wirst wenn du Forumophilia besuchen wirst, wird die Tatsache sein, dass auf jeder einzelnen Pinnwand jemand heute schon etwas gepostet hat. Man hat selten das Gl\u00fcck solch eine aktive Gemeinschaft f\u00fcr Erwachsene zu finden. <a href='https:\/\/www.thepornlist.net\/de\/porn-forum-sites\/forumophilia\/' class='excerpt-more'>[&#8230;]<\/a><\/p>\n","protected":false},"author":1,"featured_media":0,"parent":9774,"menu_order":22590,"comment_status":"closed","ping_status":"closed","template":"0-autofill-tpl-template.php","meta":{"_acf_changed":false,"footnotes":""},"tags":[],"acf":[],"aioseo_notices":[],"_links":{"self":[{"href":"https:\/\/www.thepornlist.net\/de\/wp-json\/wp\/v2\/pages\/10458"}],"collection":[{"href":"https:\/\/www.thepornlist.net\/de\/wp-json\/wp\/v2\/pages"}],"about":[{"href":"https:\/\/www.thepornlist.net\/de\/wp-json\/wp\/v2\/types\/page"}],"author":[{"embeddable":true,"href":"https:\/\/www.thepornlist.net\/de\/wp-json\/wp\/v2\/users\/1"}],"replies":[{"embeddable":true,"href":"https:\/\/www.thepornlist.net\/de\/wp-json\/wp\/v2\/comments?post=10458"}],"version-history":[{"count":0,"href":"https:\/\/www.thepornlist.net\/de\/wp-json\/wp\/v2\/pages\/10458\/revisions"}],"up":[{"embeddable":true,"href":"https:\/\/www.thepornlist.net\/de\/wp-json\/wp\/v2\/pages\/9774"}],"wp:attachment":[{"href":"https:\/\/www.thepornlist.net\/de\/wp-json\/wp\/v2\/media?parent=10458"}],"wp:term":[{"taxonomy":"post_tag","embeddable":true,"href":"https:\/\/www.thepornlist.net\/de\/wp-json\/wp\/v2\/tags?post=10458"}],"curies":[{"name":"wp","href":"https:\/\/api.w.org\/{rel}","templated":true}]}}