{"id":10459,"date":"2015-07-29T15:35:49","date_gmt":"2015-07-29T15:35:49","guid":{"rendered":"https:\/\/www.thepornlist.net\/de\/porn-tube-sites\/extremetube\/"},"modified":"2019-05-23T12:54:46","modified_gmt":"2019-05-23T12:54:46","slug":"extremetube","status":"publish","type":"page","link":"https:\/\/www.thepornlist.net\/de\/porn-tube-sites\/extremetube\/","title":{"rendered":"Extremetube"},"content":{"rendered":"<div class=\"pb\">\n<div class=\"hd\">\n<a href=\"https:\/\/www.thepornlist.net\/de\/\" base target=\"_self\">Zur\u00fcck zur Startseite<\/a>\n<\/div>\n<div class=\"hd2\">\n<span style=\"font-style:normal;font-weight:bold;\">Seitenbewertung<\/span>\n<\/div>\n<\/div>\n<div style=\"width:100%; height:1050px; margin-left:auto; margin-right:auto; clear:both;z-index:1; padding-top:5px; border-radius: 2px;\">\n<div class=\"reviewimg\">\n<p><a href=\"http:\/\/www.Extremetube.com\/\" base target=\"_self\"><img decoding=\"async\" src=\"https:\/\/www.thepornlist.net\/wp-content\/uploads\/2015\/review\/extremetube.jpg\" width=\"500\" height=\"500\" alt=\"Porn Tube\"><\/a><\/p>\n<\/div>\n<div class=\"reviewtitle\">\n<h1 style=\"font-family:Arial;font-size:56px;font-style:normal;font-weight:bold;color:#FF1F78;\">Extremetube<\/h1>\n<\/div>\n<div class=\"reviewsub\">\n<h2 style=\"font-size:14px;font-style:normal;font-weight:bold;\">Extremetube.com<\/H2>\n<\/div>\n<div class=\"reviewtext\">\n<span style=\"font-size:16px;font-style:normal;\">Ich rate allen Zuschauern zur Diskretion! ExtremeTube ist der Volltreffer f\u00fcr extreme Inhalte f\u00fcr Erwachsene! <\/br><\/p>\n<p>Eine Porno Tuben Webseite, voll mit extremen Pornos und mit einem eyquisiten Design des Hintergrunds. ExtremeTube.com wird dir alles geben, was du brauchst: Amateur Videos, anal, asiatisch, Arsch, gro\u00dfe Titten, Bukkake, Sammlungen, Creampies, Ebony und sogar F\u00fc\u00dfe, Femdom, Fisting und mehr. <\/br><\/p>\n<p>Alles ist da, was auch immer du von einer Porno Tube erwartest, hier wirst du es finden. Sie hosten die Videos, die Werbung ist wie sie sein sollte und die Kategorien Seite ist einzigartig. Du kannst anfangen mit hartem Sex, Sklaven, reif, Gangbang, anal, Bondage, w\u00fcrgen, Zwerge, pinkeln, Femdom, Ger\u00e4te, Squirting und noch viel mehr. <\/br><\/p>\n<p>Wenn du ein bisschen anders bist und spezielle Fantasien hast, kannst du die Inhalte von heterosexuell in schwul oder Transen \u00e4ndern indem du das Aufklappmen\u00fc in der unteren rechten Ecke verwendest.<br \/>\n<\/br><br \/>\nDu kannst deine eigenen selbstgedrehten Sachen hochladen, aber daf\u00fcr wirst du ein kostenloses Account anmelden m\u00fcssen. Mit Hilfe deines Accounts kannst du dann auch Kommentare hinterlassen und Videos downloaden. <\/br><\/p>\n<p>Vergiss nicht dir die Seite mit den Schlagworten anzuschauen oder einen Blick auf die beliebtesten zu werfen um deine Suche verfeinern zu k\u00f6nnen.<br \/>\n<\/span>\n<\/div>\n<div class=\"reviewsiteurl\">\n<a href=\"http:\/\/www.Extremetube.com\/\" base target=\"_self\"><span style=\"font-size:32px;font-style:normal;font-weight:bold;text-decoration:underline;\">Hier klicken, um die webseite zu besuchen <\/span><\/a>\n<\/div>\n<\/div>\n","protected":false},"excerpt":{"rendered":"<p>Zur\u00fcck zur Startseite Seitenbewertung Extremetube Extremetube.com Ich rate allen Zuschauern zur Diskretion! ExtremeTube ist der Volltreffer f\u00fcr extreme Inhalte f\u00fcr Erwachsene! Eine Porno Tuben Webseite, voll mit extremen Pornos und mit einem eyquisiten Design des Hintergrunds. ExtremeTube.com wird dir alles geben, was du brauchst: Amateur Videos, anal, asiatisch, Arsch, gro\u00dfe Titten, Bukkake, Sammlungen, Creampies, Ebony <a href='https:\/\/www.thepornlist.net\/de\/porn-tube-sites\/extremetube\/' class='excerpt-more'>[&#8230;]<\/a><\/p>\n","protected":false},"author":1,"featured_media":0,"parent":9407,"menu_order":46330,"comment_status":"closed","ping_status":"closed","template":"0-autofill-tpl-template.php","meta":{"_acf_changed":false,"footnotes":""},"tags":[],"acf":[],"aioseo_notices":[],"_links":{"self":[{"href":"https:\/\/www.thepornlist.net\/de\/wp-json\/wp\/v2\/pages\/10459"}],"collection":[{"href":"https:\/\/www.thepornlist.net\/de\/wp-json\/wp\/v2\/pages"}],"about":[{"href":"https:\/\/www.thepornlist.net\/de\/wp-json\/wp\/v2\/types\/page"}],"author":[{"embeddable":true,"href":"https:\/\/www.thepornlist.net\/de\/wp-json\/wp\/v2\/users\/1"}],"replies":[{"embeddable":true,"href":"https:\/\/www.thepornlist.net\/de\/wp-json\/wp\/v2\/comments?post=10459"}],"version-history":[{"count":0,"href":"https:\/\/www.thepornlist.net\/de\/wp-json\/wp\/v2\/pages\/10459\/revisions"}],"up":[{"embeddable":true,"href":"https:\/\/www.thepornlist.net\/de\/wp-json\/wp\/v2\/pages\/9407"}],"wp:attachment":[{"href":"https:\/\/www.thepornlist.net\/de\/wp-json\/wp\/v2\/media?parent=10459"}],"wp:term":[{"taxonomy":"post_tag","embeddable":true,"href":"https:\/\/www.thepornlist.net\/de\/wp-json\/wp\/v2\/tags?post=10459"}],"curies":[{"name":"wp","href":"https:\/\/api.w.org\/{rel}","templated":true}]}}