{"id":10460,"date":"2015-07-29T15:34:16","date_gmt":"2015-07-29T15:34:16","guid":{"rendered":"https:\/\/www.thepornlist.net\/de\/porn-tube-sites\/ballbustingtube\/"},"modified":"2019-05-23T12:54:22","modified_gmt":"2019-05-23T12:54:22","slug":"ballbustingtube","status":"publish","type":"page","link":"https:\/\/www.thepornlist.net\/de\/porn-tube-sites\/ballbustingtube\/","title":{"rendered":"Ballbustingtube"},"content":{"rendered":"<div class=\"pb\">\n<div class=\"hd\">\n<a href=\"https:\/\/www.thepornlist.net\/de\/\" base target=\"_self\">Zur\u00fcck zur Startseite<\/a>\n<\/div>\n<div class=\"hd2\">\n<span style=\"font-style:normal;font-weight:bold;\">Seitenbewertung<\/span>\n<\/div>\n<\/div>\n<div style=\"width:100%; margin-left:auto; margin-right:auto; clear:both;z-index:1; padding-top:5px; border-radius: 2px;\">\n<div class=\"reviewimg\">\n<p><a href=\"http:\/\/www.Ballbustingtube.com\/\" rel=\"nofollow\" base target=\"_self\"><img decoding=\"async\" src=\"https:\/\/www.thepornlist.net\/wp-content\/uploads\/2015\/review\/ballbustingtube.jpg\" width=\"500\" height=\"500\" alt=\"Porn Tube\"><\/a><\/p>\n<\/div>\n<div class=\"reviewtitle\">\n<h1 style=\"font-family:Arial;font-size:56px;font-style:normal;font-weight:bold;color:#FF1F78;\">Ballbustingtube<\/h1>\n<\/div>\n<div class=\"reviewsub\">\n<h2 style=\"font-size:14px;font-style:normal;font-weight:bold;\">Ballbustingtube.com<\/H2>\n<\/div>\n<div class=\"reviewtext\">\n<span style=\"font-size:16px;font-style:normal;\">Es gibt ein Social Network Fieber das die Leute in diesen Tagen besch\u00e4ftigt h\u00e4lt und jede online Industrie hat eine soziale Art Leute zu treffen und ihre Gedanken zu teilen. BallBustingTube.com ist eine Gemeinschaft, die Videos f\u00fcr Erwachsene teilt und wurde speziell f\u00fcr Fetisch Materialien aus der Ballbusting Nische gemacht. <\/br><\/p>\n<p>Alles in allem sieht die Webseite aus wie eine normale Tube, au\u00dfer der Tatsache, dass sie Seiten wie einen Chat und eine Gemeinschaft hat. Der Inhalt ist im allgemeinen kostenlos und du kannst Porno Videos und Fotos f\u00fcr Erwachsenen ohne Anmeldung anschauen. Aber wenn du in die Chat R\u00e4ume willst oder in die Reihen der Gemeinschaft, dann musst du dir einen kostenlosen Account holen. F\u00fcr unlimitierte Downloads, mehr Szenen in HD Qualit\u00e4t und Zugang zu einem B\u00fcndel von Porno DVDs, solltest du ein paar Euro aus der Tasche nehmen und dir eine Premium Mitgliedschaft holen. Wenn du nicht dazu bereit einen gro\u00dfen Schritt f\u00fcr deine Ballbusting Freuden zu machen, dann kannst du eine Testperiode f\u00fcr 1 Dollar ausprobieren. <\/br><\/p>\n<p>Es ist nicht die schnellste Porno Tube und wir k\u00f6nnen alle sicher sein, dass BallBusting.com keinen Sexappeal Wettbewerb gewinnen wird. Aber mit Kategorien wie Ballbusting, Fotzenbusting, Femdom und Folter ist es ein gro\u00dfartiges Ziel f\u00fcr jeden Fan dieses Genres.<br \/>\n<\/span>\n<\/div>\n<div class=\"reviewsiteurl\">\n<a href=\"http:\/\/www.ballbustingtube.com\/\" rel=\"nofollow\" base target=\"_self\"><span style=\"font-size:32px;font-style:normal;font-weight:bold;text-decoration:underline;\">Hier klicken, um die webseite zu besuchen <\/span><\/a>\n<\/div>\n<\/div>\n","protected":false},"excerpt":{"rendered":"<p>Zur\u00fcck zur Startseite Seitenbewertung Ballbustingtube Ballbustingtube.com Es gibt ein Social Network Fieber das die Leute in diesen Tagen besch\u00e4ftigt h\u00e4lt und jede online Industrie hat eine soziale Art Leute zu treffen und ihre Gedanken zu teilen. BallBustingTube.com ist eine Gemeinschaft, die Videos f\u00fcr Erwachsene teilt und wurde speziell f\u00fcr Fetisch Materialien aus der Ballbusting Nische <a href='https:\/\/www.thepornlist.net\/de\/porn-tube-sites\/ballbustingtube\/' class='excerpt-more'>[&#8230;]<\/a><\/p>\n","protected":false},"author":1,"featured_media":0,"parent":9407,"menu_order":46770,"comment_status":"closed","ping_status":"closed","template":"0-autofill-tpl-template.php","meta":{"_acf_changed":false,"footnotes":""},"tags":[],"acf":[],"aioseo_notices":[],"_links":{"self":[{"href":"https:\/\/www.thepornlist.net\/de\/wp-json\/wp\/v2\/pages\/10460"}],"collection":[{"href":"https:\/\/www.thepornlist.net\/de\/wp-json\/wp\/v2\/pages"}],"about":[{"href":"https:\/\/www.thepornlist.net\/de\/wp-json\/wp\/v2\/types\/page"}],"author":[{"embeddable":true,"href":"https:\/\/www.thepornlist.net\/de\/wp-json\/wp\/v2\/users\/1"}],"replies":[{"embeddable":true,"href":"https:\/\/www.thepornlist.net\/de\/wp-json\/wp\/v2\/comments?post=10460"}],"version-history":[{"count":0,"href":"https:\/\/www.thepornlist.net\/de\/wp-json\/wp\/v2\/pages\/10460\/revisions"}],"up":[{"embeddable":true,"href":"https:\/\/www.thepornlist.net\/de\/wp-json\/wp\/v2\/pages\/9407"}],"wp:attachment":[{"href":"https:\/\/www.thepornlist.net\/de\/wp-json\/wp\/v2\/media?parent=10460"}],"wp:term":[{"taxonomy":"post_tag","embeddable":true,"href":"https:\/\/www.thepornlist.net\/de\/wp-json\/wp\/v2\/tags?post=10460"}],"curies":[{"name":"wp","href":"https:\/\/api.w.org\/{rel}","templated":true}]}}