{"id":10462,"date":"2015-07-29T15:31:19","date_gmt":"2015-07-29T15:31:19","guid":{"rendered":"https:\/\/www.thepornlist.net\/de\/hentai-porn-list\/svscomics\/"},"modified":"2019-05-24T11:24:18","modified_gmt":"2019-05-24T11:24:18","slug":"svscomics","status":"publish","type":"page","link":"https:\/\/www.thepornlist.net\/de\/hentai-porn-list\/svscomics\/","title":{"rendered":"Svscomics"},"content":{"rendered":"<div class=\"pb\">\n<div class=\"hd\">\n<a href=\"https:\/\/www.thepornlist.net\/de\/\" base target=\"_self\">Zur\u00fcck zur Startseite<\/a>\n<\/div>\n<div class=\"hd2\">\n<span style=\"font-style:normal;font-weight:bold;\">Seitenbewertung<\/span>\n<\/div>\n<\/div>\n<div style=\"width:100%; margin-left:auto; margin-right:auto; clear:both;z-index:1; padding-top:5px; border-radius: 2px;\">\n<div class=\"reviewimg\">\n<p><a href=\"http:\/\/www.svscomics.org\/\" base target=\"_self\"><img decoding=\"async\" src=\"https:\/\/www.thepornlist.net\/wp-content\/uploads\/2015\/review\/svscomics1.jpg\" width=\"500\" height=\"500\" alt=\"Porn Tube\"><\/a><\/p>\n<\/div>\n<div class=\"reviewtitle\">\n<h1 style=\"font-family:Arial;font-size:56px;font-style:normal;font-weight:bold;color:#FF1F78;\">Svscomics<\/h1>\n<\/div>\n<div class=\"reviewsub\">\n<h2 style=\"font-size:14px;font-style:normal;font-weight:bold;\">Svscomics.org<\/H2>\n<\/div>\n<div class=\"reviewtext\">\n<span style=\"font-size:16px;font-style:normal;\">Wir alle wissen, dass es keine reiche stabile Porno Industrie geben kann ohne ein bisschen Hentai oder allgemein gesprochen, ohne Zeichnungen und Comics f\u00fcr Erwachsene. Bei SVSComics.com dreht sich alles darum und es ist allen Fans dieser Art der Unterhaltung f\u00fcr Erwachsene gewidmet.<\/br> <\/p>\n<p>Die Seite ist ziemlich einfach aber sie macht dass, was sie tun soll \u2013 in der oberen Navigationsleiste kannst du deinen Weg durch die letzten Comics, Comics f\u00fcr Erwachsene, 3D Comics, Hentai Comics. Japanische Hentai und Spiele f\u00fcr Erwachsene beginnen. Die Seite mit den Kategorien hat einige ganz spezielle Fachausdr\u00fccke und du wirst ein Fan dieser Art von Inhalten sein m\u00fcssen um zu verstehen, was genau du unter einigen dieser Links finden wirst: Milftoon, Jabcomix, Inzest, Mutter und Sohn, Y3DF, crazyxxx3dworld, Tufos, John Persons, Pelz, Epoche und viele andere (wenn du auf \u201ealle Kategorien\u201c klickst, wird sich vor deinen kleinen Augen der Himmel der Erwachsenencomics \u00f6ffnen und die einzige Sache, die du hier vermutlich nicht findest, ist Adam und Eva).<\/br><\/p>\n<p>Auch auf SVSComics findest du die gewohnte Art und Weise, wie du Inhalte downloaden kannst, mit externen Seiten wie Mega, Uploaded oder Keep2Share, die bereit sind dir den Zugang zu den Download Links zu geben.<br \/>\n<\/span>\n<\/div>\n<div class=\"reviewsiteurl\">\n<a href=\"http:\/\/www.svscomics.org\/\" base target=\"_self\"><span style=\"font-size:32px;font-style:normal;font-weight:bold;text-decoration:underline;\">Hier klicken, um die webseite zu besuchen <\/span><\/a>\n<\/div>\n<\/div>\n","protected":false},"excerpt":{"rendered":"<p>Zur\u00fcck zur Startseite Seitenbewertung Svscomics Svscomics.org Wir alle wissen, dass es keine reiche stabile Porno Industrie geben kann ohne ein bisschen Hentai oder allgemein gesprochen, ohne Zeichnungen und Comics f\u00fcr Erwachsene. Bei SVSComics.com dreht sich alles darum und es ist allen Fans dieser Art der Unterhaltung f\u00fcr Erwachsene gewidmet. Die Seite ist ziemlich einfach aber <a href='https:\/\/www.thepornlist.net\/de\/hentai-porn-list\/svscomics\/' class='excerpt-more'>[&#8230;]<\/a><\/p>\n","protected":false},"author":1,"featured_media":0,"parent":9754,"menu_order":19530,"comment_status":"closed","ping_status":"closed","template":"0-autofill-tpl-template.php","meta":{"_acf_changed":false,"footnotes":""},"tags":[],"acf":[],"aioseo_notices":[],"_links":{"self":[{"href":"https:\/\/www.thepornlist.net\/de\/wp-json\/wp\/v2\/pages\/10462"}],"collection":[{"href":"https:\/\/www.thepornlist.net\/de\/wp-json\/wp\/v2\/pages"}],"about":[{"href":"https:\/\/www.thepornlist.net\/de\/wp-json\/wp\/v2\/types\/page"}],"author":[{"embeddable":true,"href":"https:\/\/www.thepornlist.net\/de\/wp-json\/wp\/v2\/users\/1"}],"replies":[{"embeddable":true,"href":"https:\/\/www.thepornlist.net\/de\/wp-json\/wp\/v2\/comments?post=10462"}],"version-history":[{"count":0,"href":"https:\/\/www.thepornlist.net\/de\/wp-json\/wp\/v2\/pages\/10462\/revisions"}],"up":[{"embeddable":true,"href":"https:\/\/www.thepornlist.net\/de\/wp-json\/wp\/v2\/pages\/9754"}],"wp:attachment":[{"href":"https:\/\/www.thepornlist.net\/de\/wp-json\/wp\/v2\/media?parent=10462"}],"wp:term":[{"taxonomy":"post_tag","embeddable":true,"href":"https:\/\/www.thepornlist.net\/de\/wp-json\/wp\/v2\/tags?post=10462"}],"curies":[{"name":"wp","href":"https:\/\/api.w.org\/{rel}","templated":true}]}}