{"id":10465,"date":"2015-07-29T15:20:49","date_gmt":"2015-07-29T15:20:49","guid":{"rendered":"https:\/\/www.thepornlist.net\/de\/porn-forum-sites\/kitty-kats\/"},"modified":"2019-05-24T11:25:00","modified_gmt":"2019-05-24T11:25:00","slug":"kitty-kats","status":"publish","type":"page","link":"https:\/\/www.thepornlist.net\/de\/porn-forum-sites\/kitty-kats\/","title":{"rendered":"kitty-kats"},"content":{"rendered":"<div class=\"pb\">\n<div class=\"hd\">\n<a href=\"https:\/\/www.thepornlist.net\/de\/\" base target=\"_self\">Zur\u00fcck zur Startseite<\/a>\n<\/div>\n<div class=\"hd2\">\n<span style=\"font-style:normal;font-weight:bold;\">Seitenbewertung<\/span>\n<\/div>\n<\/div>\n<div style=\"width:100%; margin-left:auto; margin-right:auto; clear:both;z-index:1; padding-top:5px; border-radius: 2px;\">\n<div class=\"reviewimg\">\n<p><a href=\"http:\/\/www.kitty-kats.net\/\" base target=\"_self\"><img decoding=\"async\" src=\"https:\/\/www.thepornlist.net\/wp-content\/uploads\/2015\/review\/kitty-kats.jpg\" width=\"500\" height=\"500\" alt=\"Porn Tube\"><\/a><\/p>\n<\/div>\n<div class=\"reviewtitle\">\n<h1 style=\"font-family:Arial;font-size:56px;font-style:normal;font-weight:bold;color:#FF1F78;\">Kitty-kats<\/h1>\n<\/div>\n<div class=\"reviewsub\">\n<h2 style=\"font-size:14px;font-style:normal;font-weight:bold;\">Kitty-kats.net<\/H2>\n<\/div>\n<div class=\"reviewtext\">\n<span style=\"font-size:16px;font-style:normal;\">Keine Sorge! Die Webseite funktioniert, es ist nur ihre eigene Art um sich selbst vor Robotern zu sch\u00fctzen. Nachdem du den Captcha Code eingegeben hast, wird alles genau so sein, wie es sein sollte.<\/br><\/p>\n<p>Kitty-Kats.net ist ein Forum f\u00fcr Erwachsene, wo du einige verr\u00fcckte Porno Bilder und Porno Videos kostenlos in die Finger bekommen kannst. Um dir einen Eindruck davon zu geben, was dich bei diesem Domain Namen erwartet, erz\u00e4hle ich dir mal, dass dieses Forum in 12 Bereiche eingeteilt ist: Die Girls von Kitty-Kats \u2013 wo du Webcam Models finden wirst, Hei\u00dfe Outfits \u2013 hier wirst du einige Girls in sexy Outfits sehen, Titty-Kats \u2013 ein Ort an dem sich alles um gro\u00dfe M\u00f6pse dreht, Hardcore \u2013 mit Porno DVDs und mehr, Amateure \u2013 f\u00fcr alle ihre Ehefrauen, Freundinnen und M\u00f6chtegern Porno Models, Kunst Girls \u2013 mit hochqualitativen Bildern &#038; Videos von ber\u00fchmten Zahlseiten, Shemale \u2013 f\u00fcr alle, die diese Art von Pornos genie\u00dfen wollen, Alle Arten von Fetisch \u2013 f\u00fcr was auch immer dich ant\u00f6rnt, Ber\u00fchmtheiten \u2013 es ist offensichtlich, was du hier finden wirst, Cartoons &#038; Comics neben Unterhaltung, Kitty-Kats Workshop und Kitty-Kats Club. Ich bin mehr als sicher, dass damit genug gesagt ist.<\/br><\/p>\n<p>Du kannst einen kostenlosen Account anmelden.<br \/>\n<\/span>\n<\/div>\n<div class=\"reviewsiteurl\">\n<a href=\"http:\/\/www.kitty-kats.net\/\" base target=\"_self\"><span style=\"font-size:32px;font-style:normal;font-weight:bold;text-decoration:underline;\">Hier klicken, um die webseite zu besuchen <\/span><\/a>\n<\/div>\n<\/div>\n","protected":false},"excerpt":{"rendered":"<p>Zur\u00fcck zur Startseite Seitenbewertung Kitty-kats Kitty-kats.net Keine Sorge! Die Webseite funktioniert, es ist nur ihre eigene Art um sich selbst vor Robotern zu sch\u00fctzen. Nachdem du den Captcha Code eingegeben hast, wird alles genau so sein, wie es sein sollte. Kitty-Kats.net ist ein Forum f\u00fcr Erwachsene, wo du einige verr\u00fcckte Porno Bilder und Porno Videos <a href='https:\/\/www.thepornlist.net\/de\/porn-forum-sites\/kitty-kats\/' class='excerpt-more'>[&#8230;]<\/a><\/p>\n","protected":false},"author":1,"featured_media":0,"parent":9774,"menu_order":27170,"comment_status":"closed","ping_status":"closed","template":"0-autofill-tpl-template.php","meta":{"_acf_changed":false,"footnotes":""},"tags":[],"acf":[],"aioseo_notices":[],"_links":{"self":[{"href":"https:\/\/www.thepornlist.net\/de\/wp-json\/wp\/v2\/pages\/10465"}],"collection":[{"href":"https:\/\/www.thepornlist.net\/de\/wp-json\/wp\/v2\/pages"}],"about":[{"href":"https:\/\/www.thepornlist.net\/de\/wp-json\/wp\/v2\/types\/page"}],"author":[{"embeddable":true,"href":"https:\/\/www.thepornlist.net\/de\/wp-json\/wp\/v2\/users\/1"}],"replies":[{"embeddable":true,"href":"https:\/\/www.thepornlist.net\/de\/wp-json\/wp\/v2\/comments?post=10465"}],"version-history":[{"count":0,"href":"https:\/\/www.thepornlist.net\/de\/wp-json\/wp\/v2\/pages\/10465\/revisions"}],"up":[{"embeddable":true,"href":"https:\/\/www.thepornlist.net\/de\/wp-json\/wp\/v2\/pages\/9774"}],"wp:attachment":[{"href":"https:\/\/www.thepornlist.net\/de\/wp-json\/wp\/v2\/media?parent=10465"}],"wp:term":[{"taxonomy":"post_tag","embeddable":true,"href":"https:\/\/www.thepornlist.net\/de\/wp-json\/wp\/v2\/tags?post=10465"}],"curies":[{"name":"wp","href":"https:\/\/api.w.org\/{rel}","templated":true}]}}