{"id":10466,"date":"2015-07-29T15:18:40","date_gmt":"2015-07-29T15:18:40","guid":{"rendered":"https:\/\/www.thepornlist.net\/de\/hentai-porn-list\/hentai2read\/"},"modified":"2019-05-24T11:24:20","modified_gmt":"2019-05-24T11:24:20","slug":"hentai2read","status":"publish","type":"page","link":"https:\/\/www.thepornlist.net\/de\/hentai-porn-list\/hentai2read\/","title":{"rendered":"Hentai2read"},"content":{"rendered":"<div class=\"pb\">\n<div class=\"hd\">\n<a href=\"https:\/\/www.thepornlist.net\/de\/\" base target=\"_self\">Zur\u00fcck zur Startseite<\/a>\n<\/div>\n<div class=\"hd2\">\n<span style=\"font-size:24px;font-style:normal;font-weight:bold;\">Seitenbewertung<\/span>\n<\/div>\n<\/div>\n<div style=\"width:100%; margin-left:auto; margin-right:auto; clear:both;z-index:1; padding-top:5px; border-radius: 2px;\">\n<div class=\"reviewimg\">\n<p><a href=\"https:\/\/www.thepornlist.net\/go\/hentai2read2\/\" base target=\"_self\"><img decoding=\"async\" src=\"https:\/\/www.thepornlist.net\/wp-content\/uploads\/2015\/review\/hentai2read.jpg\" width=\"500\" height=\"500\" alt=\"Porn Tube\"><\/a><\/p>\n<\/div>\n<div class=\"reviewtitle\">\n<h1 style=\"font-family:Arial;font-size:56px;font-style:normal;font-weight:bold;color:#FF1F78;\">Hentai2read<\/h1>\n<\/div>\n<div class=\"reviewsub\">\n<h2 style=\"font-size:14px;font-style:normal;font-weight:bold;\">Hentai2read.com<\/H2>\n<\/div>\n<div class=\"reviewtext\">\n<span style=\"font-size:16px;font-style:normal;\">F\u00fcr alle unter euch, die verwirrt sind: Hentai (erotisches Manga) ist ein japanischer Comic mit einer erotischen, sexuell freiz\u00fcgigen Geschichte und diesem Stil. Und die Leute von Hentai2Read.com sagen \u201edu wirst hier Hunderte von kostenlosen, ins Englische \u00fcbersetzten Hentai Bildern bekommen um sie online zu lesen\u201c. Wenn du also ein Fan dieser Art von Unterhaltung f\u00fcr Erwachsene bist, kannst du mit dieser Webseite f\u00fcr Erwachsene einen netten, ruhigen Nachmittag verbringen.<\/br><\/p>\n<p>Du kannst die Party damit beginnen, die ADV Suche (Suche f\u00fcr Fortgeschrittene) zu klicken und du wirst deine Suche mit solch einem feinen Hilfsmittel filtern k\u00f6nnen, wie du es dir gar nicht vorstellen kannst. Du wirst auch eine Liste mit Genres \/ Schlagw\u00f6rtern \/ Doujinshis bekommen aber du wirst ein Fan von Hentais sein m\u00fcssen um zu wissen, welches du verwenden musst denn es gibt Links f\u00fcr erwachsen, anal, Comedy, Ecchi, Harem, Shota, Futanari, Loli, Vergewaltigung, gro\u00dfe Br\u00fcste, Doujinshi, Transvestit, Laktation, Masturbation oder Yuri und andere Begriffe, die nicht von diesem Planeten stammen.<\/br> <\/p>\n<p>Du brauchst keinen Account um auf Hentai2Read zu browsen, um Inhalte zu sehen oder um deine Fotos zu speichern. Aber wenn du einen Kommentar hinterlassen oder einige in die Tiefe gehende Funktionen verwenden willst, dann wirst du dich kostenlos anmelden m\u00fcssen.<br \/>\n<\/span>\n<\/div>\n<div class=\"reviewsiteurl\">\n<a href=\"https:\/\/www.thepornlist.net\/go\/hentai2read2\/\" base target=\"_self\"><span style=\"font-size:32px;font-style:normal;font-weight:bold;text-decoration:underline;\">Hier klicken, um die webseite zu besuchen <\/span><\/a>\n<\/div>\n<\/div>\n","protected":false},"excerpt":{"rendered":"<p>Zur\u00fcck zur Startseite Seitenbewertung Hentai2read Hentai2read.com F\u00fcr alle unter euch, die verwirrt sind: Hentai (erotisches Manga) ist ein japanischer Comic mit einer erotischen, sexuell freiz\u00fcgigen Geschichte und diesem Stil. Und die Leute von Hentai2Read.com sagen \u201edu wirst hier Hunderte von kostenlosen, ins Englische \u00fcbersetzten Hentai Bildern bekommen um sie online zu lesen\u201c. Wenn du also <a href='https:\/\/www.thepornlist.net\/de\/hentai-porn-list\/hentai2read\/' class='excerpt-more'>[&#8230;]<\/a><\/p>\n","protected":false},"author":1,"featured_media":0,"parent":9754,"menu_order":19470,"comment_status":"closed","ping_status":"closed","template":"0-autofill-tpl-template.php","meta":{"_acf_changed":false,"footnotes":""},"tags":[],"acf":[],"aioseo_notices":[],"_links":{"self":[{"href":"https:\/\/www.thepornlist.net\/de\/wp-json\/wp\/v2\/pages\/10466"}],"collection":[{"href":"https:\/\/www.thepornlist.net\/de\/wp-json\/wp\/v2\/pages"}],"about":[{"href":"https:\/\/www.thepornlist.net\/de\/wp-json\/wp\/v2\/types\/page"}],"author":[{"embeddable":true,"href":"https:\/\/www.thepornlist.net\/de\/wp-json\/wp\/v2\/users\/1"}],"replies":[{"embeddable":true,"href":"https:\/\/www.thepornlist.net\/de\/wp-json\/wp\/v2\/comments?post=10466"}],"version-history":[{"count":0,"href":"https:\/\/www.thepornlist.net\/de\/wp-json\/wp\/v2\/pages\/10466\/revisions"}],"up":[{"embeddable":true,"href":"https:\/\/www.thepornlist.net\/de\/wp-json\/wp\/v2\/pages\/9754"}],"wp:attachment":[{"href":"https:\/\/www.thepornlist.net\/de\/wp-json\/wp\/v2\/media?parent=10466"}],"wp:term":[{"taxonomy":"post_tag","embeddable":true,"href":"https:\/\/www.thepornlist.net\/de\/wp-json\/wp\/v2\/tags?post=10466"}],"curies":[{"name":"wp","href":"https:\/\/api.w.org\/{rel}","templated":true}]}}