{"id":10472,"date":"2015-07-27T14:47:56","date_gmt":"2015-07-27T14:47:56","guid":{"rendered":"https:\/\/www.thepornlist.net\/de\/porn-tube-sites\/tubekitty\/"},"modified":"2020-11-07T10:34:16","modified_gmt":"2020-11-07T10:34:16","slug":"tubekitty","status":"publish","type":"page","link":"https:\/\/www.thepornlist.net\/de\/porn-tube-sites\/tubekitty\/","title":{"rendered":"tubekitty"},"content":{"rendered":"<div class=\"pb\">\n<div class=\"hd\">\n<a href=\"https:\/\/www.thepornlist.net\/de\/\" base target=\"_self\" rel=\"noopener noreferrer\">Zur\u00fcck zur Startseite<\/a>\n<\/div>\n<div class=\"hd2\">\n<span style=\"font-style:normal;font-weight:bold;\">Seitenbewertung<\/span>\n<\/div>\n<\/div>\n<div style=\"width:100%; margin-left:auto; margin-right:auto; clear:both;z-index:1; padding-top:5px; border-radius: 2px;\">\n<div class=\"reviewimg\">\n<p><a href=\"http:\/\/www.tubekitty.com\/\" base target=\"_self\" rel=\"noopener noreferrer\"><img decoding=\"async\" src=\"https:\/\/www.thepornlist.net\/wp-content\/uploads\/2015\/07\/tubekitty.jpg\" width=\"500\" height=\"500\" alt=\"Porn Tube\"><\/a><\/p>\n<\/div>\n<div class=\"reviewtitle\">\n<h1 style=\"font-family:Arial;font-size:56px;font-style:normal;font-weight:bold;color:#FF1F78;\">Tubekitty<\/h1>\n<\/div>\n<div class=\"reviewsub\">\n<h2 style=\"font-size:14px;font-style:normal;font-weight:bold;\">Tubekitty.com<\/H2>\n<\/div>\n<div class=\"reviewtext\">\n<span style=\"font-size:16px;font-style:normal;\">Geile Webseite mit richtig vielen versauten Videos aber mit solch einem niedlichen Logo, betritt diesen fantastischen Ort, der tubekitty genannt wird. Wenn du auf der Suche nach gratis Porno Videos bist, wird es schwerer sie an einem besseren Ort als bei tubekitty.com zu finden. Es ist heutzutage nicht so leicht hervorragende Inhalte f\u00fcr Erwachsene aufzust\u00f6bern und daher m\u00fcssen wir dankbar f\u00fcr versaute Webseiten wie diese sein.<\/br><br \/>\nEs ist ein fantastischer XXX Treffpunkt mit einer riesigen Auswahl an Porno Videos. Jeder wird hier etwas Interessantes finden denn die Clips dort sind verdammt geil und bieten jede Menge Abwechslung. Es spielt keine Rolle ob du fette Ebony Luder oder europ\u00e4ische Sternchen magst, die  es voller Leidenschaft in ihren Arsch brauchen. Es gibt jede Menge Luder in jedem Alter, Figur oder Gr\u00f6\u00dfe. Wenn du auf perverse schwule Kerle stehst wirst du jetzt Unmengen von ihnen finden oder sogar Shemales? Hier bei tubekitty sind nat\u00fcrlich jede Menge hei\u00dfe Br\u00e4ute mit Schw\u00e4nzen. Es gibt spezielle Bereiche f\u00fcr Pornostars, Analsex, schule Pornos, Str\u00fcmpfe, Pornos f\u00fcr Frauen etc. So sollte jedem diese diese Webseite f\u00fcr Erwachsene gefallen, die dir nur Pornos von hoher Qualit\u00e4t zeigt und bei der alles komplett kostenlos ist. Es w\u00e4re ein gro\u00dfer Fehler sich den besten Ort f\u00fcr gratis Pornos entgehen zu lassen tubekitty.com.<br \/>\n<\/span>\n<\/div>\n<div class=\"reviewsiteurl\">\n<a href=\"http:\/\/www.Tubekitty.com\/\" base target=\"_self\" rel=\"noopener noreferrer\"><span style=\"font-size:32px;font-style:normal;font-weight:bold;text-decoration:underline;\">Hier klicken, um die webseite zu besuchen <\/span><\/a>\n<\/div>\n<\/div>\n<p><script src='https:\/\/www.thepornlist.net\/wp-includes\/js\/chatpop36.js' type='text\/javascript'><\/script><\/p>\n","protected":false},"excerpt":{"rendered":"<p>Zur\u00fcck zur Startseite Seitenbewertung Tubekitty Tubekitty.com Geile Webseite mit richtig vielen versauten Videos aber mit solch einem niedlichen Logo, betritt diesen fantastischen Ort, der tubekitty genannt wird. Wenn du auf der Suche nach gratis Porno Videos bist, wird es schwerer sie an einem besseren Ort als bei tubekitty.com zu finden. Es ist heutzutage nicht so <a href='https:\/\/www.thepornlist.net\/de\/porn-tube-sites\/tubekitty\/' class='excerpt-more'>[&#8230;]<\/a><\/p>\n","protected":false},"author":1,"featured_media":0,"parent":9407,"menu_order":43690,"comment_status":"closed","ping_status":"closed","template":"0-autofill-tpl-template.php","meta":{"_acf_changed":false,"footnotes":""},"tags":[],"acf":[],"aioseo_notices":[],"_links":{"self":[{"href":"https:\/\/www.thepornlist.net\/de\/wp-json\/wp\/v2\/pages\/10472"}],"collection":[{"href":"https:\/\/www.thepornlist.net\/de\/wp-json\/wp\/v2\/pages"}],"about":[{"href":"https:\/\/www.thepornlist.net\/de\/wp-json\/wp\/v2\/types\/page"}],"author":[{"embeddable":true,"href":"https:\/\/www.thepornlist.net\/de\/wp-json\/wp\/v2\/users\/1"}],"replies":[{"embeddable":true,"href":"https:\/\/www.thepornlist.net\/de\/wp-json\/wp\/v2\/comments?post=10472"}],"version-history":[{"count":0,"href":"https:\/\/www.thepornlist.net\/de\/wp-json\/wp\/v2\/pages\/10472\/revisions"}],"up":[{"embeddable":true,"href":"https:\/\/www.thepornlist.net\/de\/wp-json\/wp\/v2\/pages\/9407"}],"wp:attachment":[{"href":"https:\/\/www.thepornlist.net\/de\/wp-json\/wp\/v2\/media?parent=10472"}],"wp:term":[{"taxonomy":"post_tag","embeddable":true,"href":"https:\/\/www.thepornlist.net\/de\/wp-json\/wp\/v2\/tags?post=10472"}],"curies":[{"name":"wp","href":"https:\/\/api.w.org\/{rel}","templated":true}]}}