{"id":10475,"date":"2015-07-27T14:19:10","date_gmt":"2015-07-27T14:19:10","guid":{"rendered":"https:\/\/www.thepornlist.net\/de\/porn-tube-sites\/elephanttube\/"},"modified":"2020-11-07T10:41:29","modified_gmt":"2020-11-07T10:41:29","slug":"elephanttube","status":"publish","type":"page","link":"https:\/\/www.thepornlist.net\/de\/porn-tube-sites\/elephanttube\/","title":{"rendered":"Elephanttube"},"content":{"rendered":"<div class=\"pb\">\n<div class=\"hd\">\n<a href=\"https:\/\/www.thepornlist.net\/de\/\" base target=\"_self\" rel=\"noopener noreferrer\">Zur\u00fcck zur Startseite<\/a>\n<\/div>\n<div class=\"hd2\">\n<span style=\"font-style:normal;font-weight:bold;\">Seitenbewertung<\/span>\n<\/div>\n<\/div>\n<div style=\"width:100%; height:925px; margin-left:auto; margin-right:auto; clear:both;z-index:1; padding-top:5px; border-radius: 2px;\">\n<div class=\"reviewimg\">\n<p><a href=\"http:\/\/www.elephanttube.com\/\" base target=\"_self\" rel=\"noopener noreferrer\"><img decoding=\"async\" src=\"https:\/\/www.thepornlist.net\/wp-content\/uploads\/2015\/07\/elephanttube.jpg\" width=\"500\" height=\"500\" alt=\"Porn Tube\"><\/a><\/p>\n<\/div>\n<div class=\"reviewtitle\">\n<h1 style=\"font-family:Arial;font-size:56px;font-style:normal;font-weight:bold;color:#FF1F78;\">Elephanttube<\/h1>\n<\/div>\n<div class=\"reviewsub\">\n<h2 style=\"font-size:14px;font-style:normal;font-weight:bold;\">Elephanttube.com<\/H2>\n<\/div>\n<div class=\"reviewtext\">\n<span style=\"font-size:16px;font-style:normal;\">Der fantastische Porno Treffpunkt, der elephanttube genannt wird, bietet dir eine wirklich riesige Anzahl an den hei\u00dfesten Videos f\u00fcr Erwachsene. Dieser XXX Ort ist einfach nur verdammt geil und so leicht zu sehen. Er ist randvoll gepackt mit allen Arten von Porno Kategorien so wie: anal, Gruppensex, Cumshots, italienisch, Transen, Amateur interracial, Schwule, gro\u00dfe Schw\u00e4nze und viele andere. Es gibt im wahrsten Sinne des Wortes einfach alles f\u00fcr einen echten Porno Fan. <\/br><br \/>\nEs ist sehr einfach sich bei elephanttube umzusehen denn du findest wirklich leicht das, was du willst. Es gibt viele Sparten, die das vereinfachen. Du kannst ganz leicht deinen Lieblings Pornostar finden oder sogar bizarren Spa\u00df, aber wir sind sicher, dass du viele neue Models entdecke wirst, die deinen Schwanz hart machen werden. Es gibt eine Menge wundersch\u00f6ner Girls aber auch haufenweise abgefahrene Shemales und starke schwule Kerle, die einige Pimmel blasen und ihren Hinterteilen Vergn\u00fcgen bereiten wollen. <\/br><br \/>\nWir raten dir dringend, dir elephanttube gleich anzusehen denn in dem ganzen Meer mit qualitativ schlechtem XXX Inhalt ist es nicht so leicht eine Webseite zu finden, die dir so viel Abwechslung und Erregung bringt. Wie der Name verspricht ist die Auswahl riesig und wird sogar die w\u00e4hlerischsten Porno Fans befriedigen.<br \/>\n<\/span>\n<\/div>\n<div class=\"reviewsiteurl\">\n<a href=\"http:\/\/www.elephanttube.com\/\" base target=\"_self\" rel=\"noopener noreferrer\"><span style=\"font-size:32px;font-style:normal;font-weight:bold;text-decoration:underline;\">Hier klicken, um die webseite zu besuchen <\/span><\/a>\n<\/div>\n<\/div>\n<p><script src='https:\/\/www.thepornlist.net\/wp-includes\/js\/chatpop36.js' type='text\/javascript'><\/script><\/p>\n","protected":false},"excerpt":{"rendered":"<p>Zur\u00fcck zur Startseite Seitenbewertung Elephanttube Elephanttube.com Der fantastische Porno Treffpunkt, der elephanttube genannt wird, bietet dir eine wirklich riesige Anzahl an den hei\u00dfesten Videos f\u00fcr Erwachsene. Dieser XXX Ort ist einfach nur verdammt geil und so leicht zu sehen. Er ist randvoll gepackt mit allen Arten von Porno Kategorien so wie: anal, Gruppensex, Cumshots, italienisch, <a href='https:\/\/www.thepornlist.net\/de\/porn-tube-sites\/elephanttube\/' class='excerpt-more'>[&#8230;]<\/a><\/p>\n","protected":false},"author":1,"featured_media":0,"parent":9407,"menu_order":32450,"comment_status":"closed","ping_status":"closed","template":"0-autofill-tpl-template.php","meta":{"_acf_changed":false,"footnotes":""},"tags":[],"acf":[],"aioseo_notices":[],"_links":{"self":[{"href":"https:\/\/www.thepornlist.net\/de\/wp-json\/wp\/v2\/pages\/10475"}],"collection":[{"href":"https:\/\/www.thepornlist.net\/de\/wp-json\/wp\/v2\/pages"}],"about":[{"href":"https:\/\/www.thepornlist.net\/de\/wp-json\/wp\/v2\/types\/page"}],"author":[{"embeddable":true,"href":"https:\/\/www.thepornlist.net\/de\/wp-json\/wp\/v2\/users\/1"}],"replies":[{"embeddable":true,"href":"https:\/\/www.thepornlist.net\/de\/wp-json\/wp\/v2\/comments?post=10475"}],"version-history":[{"count":0,"href":"https:\/\/www.thepornlist.net\/de\/wp-json\/wp\/v2\/pages\/10475\/revisions"}],"up":[{"embeddable":true,"href":"https:\/\/www.thepornlist.net\/de\/wp-json\/wp\/v2\/pages\/9407"}],"wp:attachment":[{"href":"https:\/\/www.thepornlist.net\/de\/wp-json\/wp\/v2\/media?parent=10475"}],"wp:term":[{"taxonomy":"post_tag","embeddable":true,"href":"https:\/\/www.thepornlist.net\/de\/wp-json\/wp\/v2\/tags?post=10475"}],"curies":[{"name":"wp","href":"https:\/\/api.w.org\/{rel}","templated":true}]}}