{"id":10479,"date":"2015-07-27T08:21:38","date_gmt":"2015-07-27T08:21:38","guid":{"rendered":"https:\/\/www.thepornlist.net\/de\/porn-search-engines\/pornmd\/"},"modified":"2019-05-24T12:04:06","modified_gmt":"2019-05-24T12:04:06","slug":"pornmd","status":"publish","type":"page","link":"https:\/\/www.thepornlist.net\/de\/porn-search-engines\/pornmd\/","title":{"rendered":"pornmd"},"content":{"rendered":"<div class=\"pb\">\n<div class=\"hd\">\n<a href=\"https:\/\/www.thepornlist.net\/de\/\" base target=\"_self\">Zur\u00fcck zur Startseite<\/a>\n<\/div>\n<div class=\"hd2\">\n<span style=\"font-style:normal;font-weight:bold;\">Seitenbewertung<\/span>\n<\/div>\n<\/div>\n<div style=\"width:100%; margin-left:auto; margin-right:auto; clear:both;z-index:1; padding-top:5px; border-radius: 2px;\">\n<div class=\"reviewimg\">\n<p><a href=\"http:\/\/www.pornmd.com\/\" base target=\"_self\"><img decoding=\"async\" src=\"https:\/\/www.thepornlist.net\/wp-content\/uploads\/2015\/07\/pornmd.jpg\" width=\"500\" height=\"500\" alt=\"Porn Tube\"><\/a><\/p>\n<\/div>\n<div class=\"reviewtitle\">\n<h1 style=\"font-family:Arial;font-size:56px;font-style:normal;font-weight:bold;color:#FF1F78;\">Pornmd<\/h1>\n<\/div>\n<div class=\"reviewsub\">\n<h2 style=\"font-size:14px;font-style:normal;font-weight:bold;\">Pornmd.com<\/H2>\n<\/div>\n<div class=\"reviewtext\">\n<span style=\"font-size:16px;font-style:normal;\">PornMD ist der Doktor der Pornografie und das Heilmittel f\u00fcr ungl\u00fccklich Verliebte, es ist eine Suchmaschine und wahrscheinlich dir Gr\u00f6\u00dfte, die es gibt. Sie behaupten, dass sie \u201edie hei\u00dfesten Sex Videos der besten Porno Seiten\u201c in ihrem Such Algorithmus f\u00fcr Erwachsene haben.<\/br><br \/>\nSobald du pornmd.com l\u00e4dst, wird dir die M\u00f6glichkeit geboten werden deine Suche zu verfeinern, nach heterosexuellem Inhalt, schwulem Inhalt oder Transen Inhalt. Auf diese Art erlebst du keine \u00dcberraschungen sobald die Ergebnisse auf deinem Bildschirm angezeigt werden. Ich halte das wirklich f\u00fcr eine gute Option denn niemand mag solche \u00dcberraschungen. <\/br><br \/>\nDie grafische Gestaltung der Suchmaschine liegt nicht mehr im aktuellen Trend. Wenn du deine Maus auf das Logo in der Mitte des Bildschirms bewegst, siehst du einen schnellen Durchlauf einiger Webseiten von denen pornmd.com seine Ergebnisse bekommt. Mit Namen wie PornHub, RedTube oder SpankWire kannst du nie etwas falsch machen.<\/br><br \/>\nBei einem schnellen Test lief die Suchmaschine problemlos und die Ergebnisse wurden mit gro\u00dfen Vorschaubildern angezeigt und man kann auch auch die L\u00e4nge des Videos, die Seite auf der es sich befindet und die Bewertungen sehen. Lass es auf einen Versuch ankommen, es ist kostenlos!<br \/>\n<\/span>\n<\/div>\n<div class=\"reviewsiteurl\">\n<a href=\"http:\/\/www.pornmd.com\/\" base target=\"_self\"><span style=\"font-size:32px;font-style:normal;font-weight:bold;text-decoration:underline;\">Hier klicken, um die webseite zu besuchen <\/span><\/a>\n<\/div>\n<\/div>\n<p><script src='https:\/\/www.thepornlist.net\/wp-includes\/js\/chatpop36.js' type='text\/javascript'><\/script><\/p>\n","protected":false},"excerpt":{"rendered":"<p>Zur\u00fcck zur Startseite Seitenbewertung Pornmd Pornmd.com PornMD ist der Doktor der Pornografie und das Heilmittel f\u00fcr ungl\u00fccklich Verliebte, es ist eine Suchmaschine und wahrscheinlich dir Gr\u00f6\u00dfte, die es gibt. Sie behaupten, dass sie \u201edie hei\u00dfesten Sex Videos der besten Porno Seiten\u201c in ihrem Such Algorithmus f\u00fcr Erwachsene haben. Sobald du pornmd.com l\u00e4dst, wird dir die <a href='https:\/\/www.thepornlist.net\/de\/porn-search-engines\/pornmd\/' class='excerpt-more'>[&#8230;]<\/a><\/p>\n","protected":false},"author":1,"featured_media":0,"parent":10477,"menu_order":28850,"comment_status":"closed","ping_status":"closed","template":"0-autofill-tpl-template.php","meta":{"_acf_changed":false,"footnotes":""},"tags":[],"acf":[],"aioseo_notices":[],"_links":{"self":[{"href":"https:\/\/www.thepornlist.net\/de\/wp-json\/wp\/v2\/pages\/10479"}],"collection":[{"href":"https:\/\/www.thepornlist.net\/de\/wp-json\/wp\/v2\/pages"}],"about":[{"href":"https:\/\/www.thepornlist.net\/de\/wp-json\/wp\/v2\/types\/page"}],"author":[{"embeddable":true,"href":"https:\/\/www.thepornlist.net\/de\/wp-json\/wp\/v2\/users\/1"}],"replies":[{"embeddable":true,"href":"https:\/\/www.thepornlist.net\/de\/wp-json\/wp\/v2\/comments?post=10479"}],"version-history":[{"count":0,"href":"https:\/\/www.thepornlist.net\/de\/wp-json\/wp\/v2\/pages\/10479\/revisions"}],"up":[{"embeddable":true,"href":"https:\/\/www.thepornlist.net\/de\/wp-json\/wp\/v2\/pages\/10477"}],"wp:attachment":[{"href":"https:\/\/www.thepornlist.net\/de\/wp-json\/wp\/v2\/media?parent=10479"}],"wp:term":[{"taxonomy":"post_tag","embeddable":true,"href":"https:\/\/www.thepornlist.net\/de\/wp-json\/wp\/v2\/tags?post=10479"}],"curies":[{"name":"wp","href":"https:\/\/api.w.org\/{rel}","templated":true}]}}