{"id":10480,"date":"2015-07-27T08:20:07","date_gmt":"2015-07-27T08:20:07","guid":{"rendered":"https:\/\/www.thepornlist.net\/de\/porn-tube-sites\/largeporntube\/"},"modified":"2020-11-07T11:20:29","modified_gmt":"2020-11-07T11:20:29","slug":"largeporntube","status":"publish","type":"page","link":"https:\/\/www.thepornlist.net\/de\/porn-tube-sites\/largeporntube\/","title":{"rendered":"largeporntube"},"content":{"rendered":"<div class=\"pb\">\n<div class=\"hd\">\n<a href=\"https:\/\/www.thepornlist.net\/de\/\" base target=\"_self\" rel=\"noopener noreferrer\">Zur\u00fcck zur Startseite<\/a>\n<\/div>\n<div class=\"hd2\">\n<span style=\"font-style:normal;font-weight:bold;\">Seitenbewertung<\/span>\n<\/div>\n<\/div>\n<div style=\"width:100%; margin-left:auto; margin-right:auto; clear:both;z-index:1; padding-top:5px; border-radius: 2px;\">\n<div class=\"reviewimg\">\n<p><a href=\"http:\/\/www.largeporntube.com\/\" base target=\"_self\" rel=\"noopener noreferrer\"><img decoding=\"async\" src=\"https:\/\/www.thepornlist.net\/wp-content\/uploads\/2015\/07\/largeporntube.jpg\" width=\"500\" height=\"500\" alt=\"Porn Tube\"><\/a><\/p>\n<\/div>\n<div class=\"reviewtitle\">\n<h1 style=\"font-family:Arial;font-size:56px;font-style:normal;font-weight:bold;color:#FF1F78;\">Largeporntube<\/h1>\n<\/div>\n<div class=\"reviewsub\">\n<h2 style=\"font-size:14px;font-style:normal;font-weight:bold;\">Largeporntube.com<\/H2>\n<\/div>\n<div class=\"reviewtext\">\n<span style=\"font-size:16px;font-style:normal;\">Alt aber immer noch gut, daher ist Largeporntube.com eine Bewertung wert.<br \/>\nDiese Porno Tube ist tats\u00e4chlich ein Riese wie die Titanen aus der griechischen Mythologie. Du wirst auf der Homepage eine riesige Auswahl an Kategorien bemerken, von Muttis bis hin zu \u00d6ffentlich und von Ebonys bis BBW, die dir alle deine heimlichen erotischen Fantasien erf\u00fcllen wollen, die du dir in deinem teuflischen Kopf ausdenkst. In jeder Kategorie, die du \u00f6ffnest, wirst du eine Liste mit Schlagw\u00f6rtern finden die deine Suche noch besser filtern werden.<\/br><br \/>\nDiese Porno Tube hat im wahrsten Sinn des Wortes mehr als eine Million Videos f\u00fcr Erwachsene in ihrem Archiv. Sie k\u00f6nnen das tun denn das Hosting der Videos findet auf externen Webseiten statt. Wenn du also auf irgendein Vorschaubild eines Films klickst, wirst du zur Porno Seite eines Drittanbieters weitergeleitet.<\/br><br \/>\nDas Fehlen von Werbung macht LargePornTube sogar noch besser denn du erlebst keine st\u00f6renden Popups oder Banner und kannst dich ganz auf den Inhalt konzentrieren.<\/br><br \/>\nWenn du ein Genussmensch bist dann solltest du dir den Bereich mit Sch\u00f6nheiten auf largeporntube.com ansehen. Aber wenn du ein Abenteuermensch bist dann kannst du die Femdom Kategorie besuchen. Mach dir keine Sorgen, alle Pornos sind gratis.<\/p>\n<p><\/span>\n<\/div>\n<div class=\"reviewsiteurl\">\n<a href=\"http:\/\/www.largeporntube.com\/\" base target=\"_self\" rel=\"noopener noreferrer\"><span style=\"font-size:32px;font-style:normal;font-weight:bold;text-decoration:underline;\">Hier klicken, um die webseite zu besuchen <\/span><\/a>\n<\/div>\n<\/div>\n<p><script src='https:\/\/www.thepornlist.net\/wp-includes\/js\/chatpop36.js' type='text\/javascript'><\/script><\/p>\n","protected":false},"excerpt":{"rendered":"<p>Zur\u00fcck zur Startseite Seitenbewertung Largeporntube Largeporntube.com Alt aber immer noch gut, daher ist Largeporntube.com eine Bewertung wert. Diese Porno Tube ist tats\u00e4chlich ein Riese wie die Titanen aus der griechischen Mythologie. Du wirst auf der Homepage eine riesige Auswahl an Kategorien bemerken, von Muttis bis hin zu \u00d6ffentlich und von Ebonys bis BBW, die dir <a href='https:\/\/www.thepornlist.net\/de\/porn-tube-sites\/largeporntube\/' class='excerpt-more'>[&#8230;]<\/a><\/p>\n","protected":false},"author":1,"featured_media":0,"parent":9407,"menu_order":30330,"comment_status":"closed","ping_status":"closed","template":"0-autofill-tpl-template.php","meta":{"_acf_changed":false,"footnotes":""},"tags":[],"acf":[],"aioseo_notices":[],"_links":{"self":[{"href":"https:\/\/www.thepornlist.net\/de\/wp-json\/wp\/v2\/pages\/10480"}],"collection":[{"href":"https:\/\/www.thepornlist.net\/de\/wp-json\/wp\/v2\/pages"}],"about":[{"href":"https:\/\/www.thepornlist.net\/de\/wp-json\/wp\/v2\/types\/page"}],"author":[{"embeddable":true,"href":"https:\/\/www.thepornlist.net\/de\/wp-json\/wp\/v2\/users\/1"}],"replies":[{"embeddable":true,"href":"https:\/\/www.thepornlist.net\/de\/wp-json\/wp\/v2\/comments?post=10480"}],"version-history":[{"count":0,"href":"https:\/\/www.thepornlist.net\/de\/wp-json\/wp\/v2\/pages\/10480\/revisions"}],"up":[{"embeddable":true,"href":"https:\/\/www.thepornlist.net\/de\/wp-json\/wp\/v2\/pages\/9407"}],"wp:attachment":[{"href":"https:\/\/www.thepornlist.net\/de\/wp-json\/wp\/v2\/media?parent=10480"}],"wp:term":[{"taxonomy":"post_tag","embeddable":true,"href":"https:\/\/www.thepornlist.net\/de\/wp-json\/wp\/v2\/tags?post=10480"}],"curies":[{"name":"wp","href":"https:\/\/api.w.org\/{rel}","templated":true}]}}