{"id":10483,"date":"2015-07-23T14:13:56","date_gmt":"2015-07-23T14:13:56","guid":{"rendered":"https:\/\/www.thepornlist.net\/de\/porn-tube-sites\/tubegalore\/"},"modified":"2020-11-07T10:33:00","modified_gmt":"2020-11-07T10:33:00","slug":"tubegalore","status":"publish","type":"page","link":"https:\/\/www.thepornlist.net\/de\/porn-tube-sites\/tubegalore\/","title":{"rendered":"Tubegalore"},"content":{"rendered":"<div class=\"pb\">\n<div class=\"hd\">\n<a href=\"https:\/\/www.thepornlist.net\/de\/\" base target=\"_self\" rel=\"noopener noreferrer\">Zur\u00fcck zur Startseite<\/a>\n<\/div>\n<div class=\"hd2\">\n<span style=\"font-style:normal;font-weight:bold;\">Seitenbewertung<\/span>\n<\/div>\n<\/div>\n<div style=\"width:100%; margin-left:auto; margin-right:auto; clear:both;z-index:1; padding-top:5px; border-radius: 2px;\">\n<div class=\"reviewimg\">\n<p><a href=\"http:\/\/www.tubegalore.com\/\" base target=\"_self\" rel=\"noopener noreferrer\"><img decoding=\"async\" src=\"https:\/\/www.thepornlist.net\/wp-content\/uploads\/2015\/07\/tubegalore_1.jpg\" width=\"500\" height=\"500\" alt=\"Porn Tube\"><\/a><\/p>\n<p><a href=\"http:\/\/www.tubegalore.com\/\" base target=\"_self\" rel=\"noopener noreferrer\"><span style=\"font-size:32px;font-style:normal;font-weight:bold;text-decoration:underline;\">Hier klicken, um die webseite zu besuchen <\/span><\/a>\n<\/div>\n<div class=\"reviewtitle\">\n<h1 style=\"font-family:Arial;font-size:56px;font-style:normal;font-weight:bold;color:#FF1F78;\">Tubegalore<\/h1>\n<\/div>\n<div class=\"reviewsub\">\n<h2 style=\"font-size:14px;font-style:normal;font-weight:bold;\">Tubegalore.com<\/H2>\n<\/div>\n<div class=\"reviewtext\">\n<span style=\"font-size:16px;font-style:normal;\"><br \/>\nTubeGalore ist eine sehr bekannte Pornotube, auf der du viele gratis Pornofilme findest. Sie haben dort (im wahrsten Sinn des Wortes) hunderte von Kategorien und sobald du die Webseite betrittst, wirst du sie direkt auf der Startseite finden \u2013 Fremdficks, bizarr, Muttis, Sch\u00f6nheiten, Amateur Analsex, deutsch, interracial, dicke Titten, dicke Naturtitten, britisch, Orgasmen, japanisch, Ber\u00fchmtheiten, Omas, Voyeur, Femdom, Sammlungen, Dreier, Lesben, Fisting und noch viele mehr.<\/br><br \/>\nIch habe beschlossen einen Versuch zu wagen und die Kategorie \u201edicke Naturtitten\u201c auszuprobieren da ich ein Fan von nat\u00fcrlichen Br\u00fcsten bin. Es gibt in dieser Nische mehr als 168.000 Videos aber da sie nicht ihre eigenen Inhalte hochladen haben sie dort auch kein Problem damit enorme Mengen an Pornos hinzuzuf\u00fcgen. TubeGalore fungiert als Startseite f\u00fcr andere Tuben f\u00fcr Erwachsene. Sobald du auf das Video klickst, das du sehen willst, wirst du zu einer anderen Webseite weitergeleitet, auf der sich dieser spezielle Clip befindet. Dort kannst du dir ihn mit Hilfe eines Videoplayers ansehen.<\/br><br \/>\nDu solltest die Tatsache im Hinterkopf behalten, dass du bei TubeGalore eine Mischung verschiedener Inhalte vorfindest \u2013 hetero, schwul, Transen. Wenn du Videos nach deiner sexuellen Orientierung sehen willst, dann markiere deine Auswahl in einem der K\u00e4stchen aus, die du oben in der Kopfleiste findest.<br \/>\n<\/span>\n<\/div>\n<\/div>\n<p><script src='https:\/\/www.thepornlist.net\/wp-includes\/js\/chatpop36.js' type='text\/javascript'><\/script><\/p>\n","protected":false},"excerpt":{"rendered":"<p>Zur\u00fcck zur Startseite Seitenbewertung Hier klicken, um die webseite zu besuchen Tubegalore Tubegalore.com TubeGalore ist eine sehr bekannte Pornotube, auf der du viele gratis Pornofilme findest. Sie haben dort (im wahrsten Sinn des Wortes) hunderte von Kategorien und sobald du die Webseite betrittst, wirst du sie direkt auf der Startseite finden \u2013 Fremdficks, bizarr, Muttis, <a href='https:\/\/www.thepornlist.net\/de\/porn-tube-sites\/tubegalore\/' class='excerpt-more'>[&#8230;]<\/a><\/p>\n","protected":false},"author":1,"featured_media":0,"parent":9407,"menu_order":45210,"comment_status":"closed","ping_status":"closed","template":"0-autofill-tpl-template.php","meta":{"_acf_changed":false,"footnotes":""},"tags":[],"acf":[],"aioseo_notices":[],"_links":{"self":[{"href":"https:\/\/www.thepornlist.net\/de\/wp-json\/wp\/v2\/pages\/10483"}],"collection":[{"href":"https:\/\/www.thepornlist.net\/de\/wp-json\/wp\/v2\/pages"}],"about":[{"href":"https:\/\/www.thepornlist.net\/de\/wp-json\/wp\/v2\/types\/page"}],"author":[{"embeddable":true,"href":"https:\/\/www.thepornlist.net\/de\/wp-json\/wp\/v2\/users\/1"}],"replies":[{"embeddable":true,"href":"https:\/\/www.thepornlist.net\/de\/wp-json\/wp\/v2\/comments?post=10483"}],"version-history":[{"count":0,"href":"https:\/\/www.thepornlist.net\/de\/wp-json\/wp\/v2\/pages\/10483\/revisions"}],"up":[{"embeddable":true,"href":"https:\/\/www.thepornlist.net\/de\/wp-json\/wp\/v2\/pages\/9407"}],"wp:attachment":[{"href":"https:\/\/www.thepornlist.net\/de\/wp-json\/wp\/v2\/media?parent=10483"}],"wp:term":[{"taxonomy":"post_tag","embeddable":true,"href":"https:\/\/www.thepornlist.net\/de\/wp-json\/wp\/v2\/tags?post=10483"}],"curies":[{"name":"wp","href":"https:\/\/api.w.org\/{rel}","templated":true}]}}