{"id":17494,"date":"2016-08-29T14:34:39","date_gmt":"2016-08-29T14:34:39","guid":{"rendered":"https:\/\/www.thepornlist.net\/de\/porn-tube-sites\/deviantclip\/"},"modified":"2019-05-24T11:24:56","modified_gmt":"2019-05-24T11:24:56","slug":"deviantclip","status":"publish","type":"page","link":"https:\/\/www.thepornlist.net\/de\/porn-tube-sites\/deviantclip\/","title":{"rendered":"deviantclip.com"},"content":{"rendered":"<div class=\"pb\">\n<div class=\"hd\">\n<a href=\"https:\/\/www.thepornlist.net\/de\/\" base target=\"_self\">Zur\u00fcck zur Startseite<\/a>\n<\/div>\n<div class=\"hd2\">\n<span style=\"font-style:normal;font-weight:bold;\">Site Review<\/span>\n<\/div>\n<\/div>\n<div style=\"width:100%; margin-left:auto; margin-right:auto; clear:both;z-index:1; padding-top:5px; border-radius: 2px;\">\n<div class=\"reviewimg\">\n<p><a href=\"http:\/\/www.deviantclip.com\/\" base target=\"_self\"><img decoding=\"async\" src=\"https:\/\/www.thepornlist.net\/wp-content\/uploads\/2015\/review\/deviantclip.jpg\" width=\"500\" height=\"500\" alt=\"Porn Tube\"><\/a><\/p>\n<\/div>\n<div class=\"reviewtitle\">\n<h1 style=\"font-family:Arial;font-size:56px;font-style:normal;font-weight:bold;color:#FF1F78;\">Deviantclip<\/h1>\n<\/div>\n<div class=\"reviewsub\">\n<h2 style=\"font-size:14px;font-style:normal;font-weight:bold;\">Deviantclip.com<\/H2>\n<\/div>\n<div class=\"reviewtext\">\n<span style=\"font-size:16px;font-style:normal;\">Schockierend, abartig und was zum Teufel ist gerade hier passiert. Ich habe auf diese Seite geklickt und ganz normale, allt\u00e4gliche Pornos erwartet. Aber was ich bekommen habe, hat meine Fantasie so in Gang gesetzt, wie ich es nie f\u00fcr m\u00f6glich gehalten h\u00e4tte. Ich wei\u00df nicht warum ich nicht wegschauen kann. Ein Skorpion auf den Eiern, ein Einlauf mit Wein und sogar Cola Dosen in der Muschi. Es gibt so viel Versautes hier, dass der Verstand so schnell gar nicht mitkommt. <\/br><\/p>\n<p>Die Seite ist brillant, HD und kinderleichte Navigation. Ich verbrachte ein paar Minuten damit von einem zum anderen zu h\u00fcpfen aber dann habe ich es gefunden. Wer wusste schon, dass der Mythos, dass ein Delphin von einem Menschen angezogen werden w\u00fcrde, wahr ist? Ich habe es vorher nicht geglaubt, aber jetzt bin ich davon \u00fcberzeugt. <\/br><\/p>\n<p>Fotos, Videos und sogar live Camgirls, die Seite ist eine Packung voller hardcore Schmutz, dass Hand und Verstand nicht mithalten k\u00f6nnen. Der Traum jedes Wichsers, ich werde die H\u00e4lfte heimlich f\u00fcr mich behalten. Gerade als ich dachte, dass ich alles gesehen h\u00e4tte, habe ich auf eine andere Seite geklickt und noch mehr Versautes und Extremes gefunden. Einiges von dem Zeugs ist wirklich nichts f\u00fcr schwache Herzen. <\/br><br \/>\n<\/span>\n<\/div>\n<div class=\"reviewsiteurl\">\n<a href=\"http:\/\/www.deviantclip.com\/\" base target=\"_self\"><span style=\"font-size:32px;font-style:normal;font-weight:bold;text-decoration:underline;\">Click Here To Visit deviantclip<\/span><\/a>\n<\/div>\n<\/div>\n","protected":false},"excerpt":{"rendered":"<p>Zur\u00fcck zur Startseite Site Review Deviantclip Deviantclip.com Schockierend, abartig und was zum Teufel ist gerade hier passiert. Ich habe auf diese Seite geklickt und ganz normale, allt\u00e4gliche Pornos erwartet. Aber was ich bekommen habe, hat meine Fantasie so in Gang gesetzt, wie ich es nie f\u00fcr m\u00f6glich gehalten h\u00e4tte. Ich wei\u00df nicht warum ich nicht <a href='https:\/\/www.thepornlist.net\/de\/porn-tube-sites\/deviantclip\/' class='excerpt-more'>[&#8230;]<\/a><\/p>\n","protected":false},"author":1,"featured_media":0,"parent":9407,"menu_order":47210,"comment_status":"closed","ping_status":"closed","template":"0-autofill-tpl-template.php","meta":{"_acf_changed":false,"footnotes":""},"tags":[],"acf":[],"aioseo_notices":[],"_links":{"self":[{"href":"https:\/\/www.thepornlist.net\/de\/wp-json\/wp\/v2\/pages\/17494"}],"collection":[{"href":"https:\/\/www.thepornlist.net\/de\/wp-json\/wp\/v2\/pages"}],"about":[{"href":"https:\/\/www.thepornlist.net\/de\/wp-json\/wp\/v2\/types\/page"}],"author":[{"embeddable":true,"href":"https:\/\/www.thepornlist.net\/de\/wp-json\/wp\/v2\/users\/1"}],"replies":[{"embeddable":true,"href":"https:\/\/www.thepornlist.net\/de\/wp-json\/wp\/v2\/comments?post=17494"}],"version-history":[{"count":0,"href":"https:\/\/www.thepornlist.net\/de\/wp-json\/wp\/v2\/pages\/17494\/revisions"}],"up":[{"embeddable":true,"href":"https:\/\/www.thepornlist.net\/de\/wp-json\/wp\/v2\/pages\/9407"}],"wp:attachment":[{"href":"https:\/\/www.thepornlist.net\/de\/wp-json\/wp\/v2\/media?parent=17494"}],"wp:term":[{"taxonomy":"post_tag","embeddable":true,"href":"https:\/\/www.thepornlist.net\/de\/wp-json\/wp\/v2\/tags?post=17494"}],"curies":[{"name":"wp","href":"https:\/\/api.w.org\/{rel}","templated":true}]}}