{"id":17865,"date":"2016-08-15T18:48:13","date_gmt":"2016-08-15T18:48:13","guid":{"rendered":"https:\/\/www.thepornlist.net\/de\/premium-paysites\/stepsiblingscaught\/"},"modified":"2019-08-19T08:55:22","modified_gmt":"2019-08-19T08:55:22","slug":"stepsiblingscaught","status":"publish","type":"page","link":"https:\/\/www.thepornlist.net\/de\/premium-paysites\/stepsiblingscaught\/","title":{"rendered":"stepsiblingscaught.com"},"content":{"rendered":"<div class=\"pb\">\n<div class=\"hd\">\n<a href=\"https:\/\/www.thepornlist.net\/de\/\" base target=\"_self\" rel=\"noopener noreferrer\">Zur\u00fcck zur Startseite<\/a>\n<\/div>\n<div class=\"hd2\">\n<span style=\"font-style:normal;font-weight:bold;\">Seitenbewertung<\/span>\n<\/div>\n<\/div>\n<div style=\"width:100%; margin-left:auto; margin-right:auto; clear:both;z-index:1; padding-top:5px; border-radius: 2px;\">\n<div class=\"reviewimg\">\n<p><a href=\"http:\/\/stepsiblingscaught.com\/?coupon=14480&#038;c=tpl\" base target=\"_self\" rel=\"noopener noreferrer\"><img decoding=\"async\" src=\"https:\/\/www.thepornlist.net\/wp-content\/uploads\/2016\/04\/stepsiblingscaught.jpg\" width=\"500\" height=\"500\" alt=\"Porn Tube\"><\/a><\/p>\n<\/div>\n<div class=\"reviewtitle\">\n<h1 style=\"font-family:Arial;font-size:56px;font-style:normal;font-weight:bold;color:#FF1F78;\">stepsiblingscaught<\/h1>\n<\/div>\n<div class=\"reviewsub\">\n<h2 style=\"font-size:14px;font-style:normal;font-weight:bold;\">stepsiblingscaught.com<\/H2>\n<\/div>\n<div class=\"reviewtext\">\n<span style=\"font-size:16px;font-style:normal;\"><br \/>\nDas hier ist ein Traum f\u00fcr alle Liebhaber von Tabus. Die Seite ist klar, knackig und es ist einfach in den Bereich zu gelangen, der f\u00fcr dich eine unartige Versuchung ist. Ich fand, dass die Videos qualitativ hochwertig sind und es auf den Punkt bringen und sie hatten kein Problem damit schnell meine ganze Aufmerksamkeit zu bekommen. Beim \u00d6ffnen der Seite war ich erleichtert keine dieser st\u00f6renden Pop-Ups oder Videos, die automatisch starten, zu sehen.<\/br> <\/p>\n<p>Familien Spa\u00df und inzestu\u00f6se Tr\u00e4ume, die Liebe innerhalb einer Familie geht tief hier. Stiefbr\u00fcder und Stiefschwestern, die erwischt werden, stehen im Mittelpunkt dieses Porno Spielplatzes. Wenn du jemals eine Entschuldigung daf\u00fcr gebraucht hast das H\u00f6schen deiner Schwester zu befummeln und eine gro\u00dfe Ladung hinein zu wichsen, dann ist diese Seite perfekt f\u00fcr dich.<\/br><\/p>\n<p>Qualitativ hochwertige Filme werfen einen heimlichen Blick hinter die geschlossenen T\u00fcren der Familie von nebenan. Hast du dich jemals gefragt ob die Familie von gegen\u00fcber diese hei\u00dfe Cheerleader Tochter gebumst hat? Diese Seite beweist, dass sie es wahrscheinlich gemacht haben. Die hei\u00dfe Schwester beim Duschen zu erwischen, oder herein zu kommen w\u00e4hrend der Stiefbruder sich den gro\u00dfen Pimmel wichst, ein gro\u00dfer Inzest Kn\u00fcppel, es gibt f\u00fcr jeden etwas hier. Behalte die Liebe zu deinen Geschwistern einfach in der Verschwiegenheit deines eigenen Zuhauses. Diese Familien Geheimnisse gehen tief!<\/p>\n<p><\/span>\n<\/div>\n<div class=\"reviewsiteurl\">\n<a href=\"http:\/\/stepsiblingscaught.com\/?coupon=14480&#038;c=tpl\" base target=\"_self\" rel=\"noopener noreferrer\"><span style=\"font-size:32px;font-style:normal;font-weight:bold;text-decoration:underline;\">Hier klicken, um die webseite zu besuchen<\/span><\/a>\n<\/div>\n<\/div>\n","protected":false},"excerpt":{"rendered":"<p>Zur\u00fcck zur Startseite Seitenbewertung stepsiblingscaught stepsiblingscaught.com Das hier ist ein Traum f\u00fcr alle Liebhaber von Tabus. Die Seite ist klar, knackig und es ist einfach in den Bereich zu gelangen, der f\u00fcr dich eine unartige Versuchung ist. Ich fand, dass die Videos qualitativ hochwertig sind und es auf den Punkt bringen und sie hatten kein <a href='https:\/\/www.thepornlist.net\/de\/premium-paysites\/stepsiblingscaught\/' class='excerpt-more'>[&#8230;]<\/a><\/p>\n","protected":false},"author":1,"featured_media":0,"parent":9758,"menu_order":35930,"comment_status":"closed","ping_status":"closed","template":"0-autofill-tpl-template.php","meta":{"_acf_changed":false,"footnotes":""},"tags":[581],"acf":[],"aioseo_notices":[],"_links":{"self":[{"href":"https:\/\/www.thepornlist.net\/de\/wp-json\/wp\/v2\/pages\/17865"}],"collection":[{"href":"https:\/\/www.thepornlist.net\/de\/wp-json\/wp\/v2\/pages"}],"about":[{"href":"https:\/\/www.thepornlist.net\/de\/wp-json\/wp\/v2\/types\/page"}],"author":[{"embeddable":true,"href":"https:\/\/www.thepornlist.net\/de\/wp-json\/wp\/v2\/users\/1"}],"replies":[{"embeddable":true,"href":"https:\/\/www.thepornlist.net\/de\/wp-json\/wp\/v2\/comments?post=17865"}],"version-history":[{"count":0,"href":"https:\/\/www.thepornlist.net\/de\/wp-json\/wp\/v2\/pages\/17865\/revisions"}],"up":[{"embeddable":true,"href":"https:\/\/www.thepornlist.net\/de\/wp-json\/wp\/v2\/pages\/9758"}],"wp:attachment":[{"href":"https:\/\/www.thepornlist.net\/de\/wp-json\/wp\/v2\/media?parent=17865"}],"wp:term":[{"taxonomy":"post_tag","embeddable":true,"href":"https:\/\/www.thepornlist.net\/de\/wp-json\/wp\/v2\/tags?post=17865"}],"curies":[{"name":"wp","href":"https:\/\/api.w.org\/{rel}","templated":true}]}}