{"id":24424,"date":"2018-06-03T07:39:50","date_gmt":"2018-06-03T07:39:50","guid":{"rendered":"https:\/\/www.thepornlist.net\/?page_id=24424"},"modified":"2021-10-27T06:06:16","modified_gmt":"2021-10-27T06:06:16","slug":"legalporno","status":"publish","type":"page","link":"https:\/\/www.thepornlist.net\/de\/porn-tube-sites\/legalporno\/","title":{"rendered":"legalporno"},"content":{"rendered":"<div class=\"pb\">\n<div class=\"hd\"><a href=\"https:\/\/www.thepornlist.net\/de\/\" target=\"_self\" rel=\"noopener noreferrer\">Zur\u00fcck zur Startseite<\/a><\/div>\n<div class=\"hd2\"><span style=\"font-style: normal; font-weight: bold;\">Seitenbewertung<\/span><\/div>\n<\/div>\n<div style=\"width: 100%; margin-left: auto; margin-right: auto; clear: both; z-index: 1; padding-top: 5px; border-radius: 2px;\">\n<div class=\"reviewimg\">\n<p><a href=\"http:\/\/www.legalporno.com\/?track=460.2.19.0\" target=\"_self\" rel=\"nofollow noopener noreferrer\"><img decoding=\"async\" src=\"https:\/\/www.thepornlist.net\/wp-content\/uploads\/2015\/review\/legalporno.jpg\" alt=\"Porn Tube\" width=\"500\" height=\"500\" \/><\/a><\/p>\n<\/div>\n<div class=\"reviewtitle\">\n<h1 style=\"font-family: Arial; font-size: 56px; font-style: normal; font-weight: bold; color: #ff1f78;\">legalporno<\/h1>\n<\/div>\n<div class=\"reviewsub\">\n<h2 style=\"font-size: 14px; font-style: normal; font-weight: bold;\">legalporno.com<\/h2>\n<\/div>\n<div class=\"reviewtext\">\n<p><span style=\"font-size: 16px; font-style: normal;\"><span style=\"font-size: 16px; font-style: normal;\">LegalPorno.com ist eine Kombination aus einer kostenlosen Porno Tube und einer Zahlseite. Um genauer zu sein, auf dieser Plattform f\u00fcr Erwachsene kannst du Vorschauen von qualitativ hochwertigen Porno Produktionen sehen aber um sie in voller L\u00e4nge sehen zu k\u00f6nne, musst du dich zu einer bezahlten Mitgliedschaft anmelden.<\/span><\/span>\u00dcber die Navigationsleiste bekommst du Zugang zum Mitgliederbereich, Studios, Models und zu einem Forum. Darunter wirst du jede Menge Vorschaubilder sehen zu den neuesten Updates, den Bestsellern des Monats, geile Videos und kostenlose Szenen. Wenn du nach unten scrollst, kommst du zu einigen Links, die dir erlauben dir das Archiv anzusehen. Was ich auf dieser Porno Seite besonders mag ist die Tatsache, dass dass es dort eine Teile gibt, in der das Datum geschrieben steht, wann die Plattform zum letzten mal getestet wurde.<\/p>\n<p>Sicher, alles ist in Ordnung, es l\u00e4uft glatt, alles ist in HD, das Layout vereinfacht es dir herum zu st\u00f6bern, aber wo ist die Kategorien Seite? Es ist mir nicht gelungen sie zu finden. Wenn sie irgendwo sein sollte, entschuldige ich mich und werde das n\u00e4chste mal sorgf\u00e4ltiger danach suchen.<\/p>\n<p>Das Forum \u00f6ffnet sich in einem neuen Fenster und mit ein paar Klicks kannst du Mitglied werden.<\/p>\n<\/div>\n<div class=\"reviewsiteurl\"><a href=\"http:\/\/www.legalporno.com\/?track=460.2.19.0\" target=\"_self\" rel=\"nofollow noopener noreferrer\"><span style=\"font-size: 32px; font-style: normal; font-weight: bold; text-decoration: underline;\">Hier klicken, um die webseite zu besuchen <\/span><\/a><\/div>\n<\/div>\n","protected":false},"excerpt":{"rendered":"<p>Zur\u00fcck zur Startseite Seitenbewertung legalporno legalporno.com LegalPorno.com ist eine Kombination aus einer kostenlosen Porno Tube und einer Zahlseite. Um genauer zu sein, auf dieser Plattform f\u00fcr Erwachsene kannst du Vorschauen von qualitativ hochwertigen Porno Produktionen sehen aber um sie in voller L\u00e4nge sehen zu k\u00f6nne, musst du dich zu einer bezahlten Mitgliedschaft anmelden.\u00dcber die Navigationsleiste <a href='https:\/\/www.thepornlist.net\/de\/porn-tube-sites\/legalporno\/' class='excerpt-more'>[&#8230;]<\/a><\/p>\n","protected":false},"author":1,"featured_media":0,"parent":9407,"menu_order":8470,"comment_status":"closed","ping_status":"closed","template":"0-autofill-tpl-template.php","meta":{"_acf_changed":false,"footnotes":""},"tags":[],"acf":[],"aioseo_notices":[],"_links":{"self":[{"href":"https:\/\/www.thepornlist.net\/de\/wp-json\/wp\/v2\/pages\/24424"}],"collection":[{"href":"https:\/\/www.thepornlist.net\/de\/wp-json\/wp\/v2\/pages"}],"about":[{"href":"https:\/\/www.thepornlist.net\/de\/wp-json\/wp\/v2\/types\/page"}],"author":[{"embeddable":true,"href":"https:\/\/www.thepornlist.net\/de\/wp-json\/wp\/v2\/users\/1"}],"replies":[{"embeddable":true,"href":"https:\/\/www.thepornlist.net\/de\/wp-json\/wp\/v2\/comments?post=24424"}],"version-history":[{"count":0,"href":"https:\/\/www.thepornlist.net\/de\/wp-json\/wp\/v2\/pages\/24424\/revisions"}],"up":[{"embeddable":true,"href":"https:\/\/www.thepornlist.net\/de\/wp-json\/wp\/v2\/pages\/9407"}],"wp:attachment":[{"href":"https:\/\/www.thepornlist.net\/de\/wp-json\/wp\/v2\/media?parent=24424"}],"wp:term":[{"taxonomy":"post_tag","embeddable":true,"href":"https:\/\/www.thepornlist.net\/de\/wp-json\/wp\/v2\/tags?post=24424"}],"curies":[{"name":"wp","href":"https:\/\/api.w.org\/{rel}","templated":true}]}}