{"id":9409,"date":"2016-04-06T18:34:15","date_gmt":"2016-04-06T18:34:15","guid":{"rendered":"https:\/\/www.thepornlist.net\/de\/?page_id=9409"},"modified":"2019-05-23T12:50:06","modified_gmt":"2019-05-23T12:50:06","slug":"porn","status":"publish","type":"page","link":"https:\/\/www.thepornlist.net\/de\/porn-tube-sites\/porn\/","title":{"rendered":"porn.com"},"content":{"rendered":"<div class=\"pb\">\n<div class=\"hd\">\n<a href=\"https:\/\/www.thepornlist.net\" base target=\"_self\">Zur\u00fcck zur Startseite<\/a>\n<\/div>\n<div class=\"hd2\">\n<span style=\"font-style:normal;font-weight:bold;\">Seitenbewertung<\/span>\n<\/div>\n<\/div>\n<div style=\"width:100%; margin-left:auto; margin-right:auto; clear:both;z-index:1; padding-top:5px; border-radius: 2px;\">\n<div class=\"reviewimg\">\n<p><a href=\"https:\/\/www.porn.com\/\" rel=\"nofollow\" base target=\"_self\"><img decoding=\"async\" src=\"https:\/\/www.thepornlist.net\/wp-content\/uploads\/2015\/review\/porn.jpg\" width=\"500\" height=\"500\" alt=\"Porn Tube\"><\/a><\/p>\n<\/div>\n<div class=\"reviewtitle\">\n<h1 style=\"font-family:Arial;font-size:56px;font-style:normal;font-weight:bold;color:#FF1F78;\">porn<\/h1>\n<\/div>\n<div class=\"reviewsub\">\n<h2 style=\"font-size:14px;font-style:normal;font-weight:bold;\">porn.com<\/H2>\n<\/div>\n<div class=\"reviewtext\">\n<span style=\"font-size:16px;font-style:normal;\">Der Domain Name porn.com, neben sex.com, sollte der wichtigste Name in der Erwachsenen Industrie sein. Willkommen bei Porn.com, einer riesigen Tube f\u00fcr Erwachsene, wo du all diese ausgefallenen und beliebten Kategorien finden wirst: Amateur, Anal Fisting, Analsex, Anal Sexspielzeug, Vom Arsch in den Mund, Blojob, Crempie und viele andere. Zu jeder Kategorie wirst du dar\u00fcber informiert wie viele Updates die Kategorie bekommen hat. Ich habe euch nicht ohne Grund erz\u00e4hlt, dass diese Porno Tube ein Riese ist \u2013 sie haben Millionen an Videos und du kannst dir jedes einzelne davon ansehen. Wenn du deine eigenen Videos hochladen m\u00f6chtest, kannst du das tun. Das Layout ist in viele Sprachen \u00fcbersetzt und ich sehe keinen Grund warum du diese Webseite nicht jetzt gleich besuchen solltest. <\/br><\/p>\n<p>Auf der Homepage hast du gleich die Navigationsleiste, wo du alle m\u00f6glichen Sachen findest. Darunter wirst du die k\u00fcrzlich hinzugef\u00fcgten kostenlosen Porno Videos sehen. Die Seitenleiste zeigt dir die ganze Kategorie Liste. Lies diese Zeilen, die auf der Webseite stehen \u2013 \u201eWir sind nicht episch \u2013 wir sind schei\u00dflegend\u00e4r!\u201c Mit einem Layout wie diesem, mit so viel an Inhalt und mit solch einem Domain Namen ist es unm\u00f6glich nicht legend\u00e4r zu sein. Schau rein!<br \/>\n<\/span>\n<\/div>\n<div class=\"reviewsiteurl\">\n<a href=\"https:\/\/www.porn.com\/\" rel=\"nofollow\" base target=\"_self\"><span style=\"font-size:32px;font-style:normal;font-weight:bold;text-decoration:underline;\">Hier klicken, um die webseite zu besuchen <\/span><\/a>\n<\/div>\n<\/div>\n","protected":false},"excerpt":{"rendered":"<p>Zur\u00fcck zur Startseite Seitenbewertung porn porn.com Der Domain Name porn.com, neben sex.com, sollte der wichtigste Name in der Erwachsenen Industrie sein. Willkommen bei Porn.com, einer riesigen Tube f\u00fcr Erwachsene, wo du all diese ausgefallenen und beliebten Kategorien finden wirst: Amateur, Anal Fisting, Analsex, Anal Sexspielzeug, Vom Arsch in den Mund, Blojob, Crempie und viele andere. <a href='https:\/\/www.thepornlist.net\/de\/porn-tube-sites\/porn\/' class='excerpt-more'>[&#8230;]<\/a><\/p>\n","protected":false},"author":1,"featured_media":0,"parent":9407,"menu_order":32650,"comment_status":"closed","ping_status":"closed","template":"0-autofill-tpl-template.php","meta":{"_acf_changed":false,"footnotes":""},"tags":[],"acf":[],"aioseo_notices":[],"_links":{"self":[{"href":"https:\/\/www.thepornlist.net\/de\/wp-json\/wp\/v2\/pages\/9409"}],"collection":[{"href":"https:\/\/www.thepornlist.net\/de\/wp-json\/wp\/v2\/pages"}],"about":[{"href":"https:\/\/www.thepornlist.net\/de\/wp-json\/wp\/v2\/types\/page"}],"author":[{"embeddable":true,"href":"https:\/\/www.thepornlist.net\/de\/wp-json\/wp\/v2\/users\/1"}],"replies":[{"embeddable":true,"href":"https:\/\/www.thepornlist.net\/de\/wp-json\/wp\/v2\/comments?post=9409"}],"version-history":[{"count":0,"href":"https:\/\/www.thepornlist.net\/de\/wp-json\/wp\/v2\/pages\/9409\/revisions"}],"up":[{"embeddable":true,"href":"https:\/\/www.thepornlist.net\/de\/wp-json\/wp\/v2\/pages\/9407"}],"wp:attachment":[{"href":"https:\/\/www.thepornlist.net\/de\/wp-json\/wp\/v2\/media?parent=9409"}],"wp:term":[{"taxonomy":"post_tag","embeddable":true,"href":"https:\/\/www.thepornlist.net\/de\/wp-json\/wp\/v2\/tags?post=9409"}],"curies":[{"name":"wp","href":"https:\/\/api.w.org\/{rel}","templated":true}]}}