{"id":9752,"date":"2015-07-21T16:59:03","date_gmt":"2015-07-21T16:59:03","guid":{"rendered":"https:\/\/www.thepornlist.net\/de\/shemale-porn-list\/"},"modified":"2019-06-25T12:29:25","modified_gmt":"2019-06-25T12:29:25","slug":"tranny-porn-sites","status":"publish","type":"page","link":"https:\/\/www.thepornlist.net\/de\/tranny-porn-sites\/","title":{"rendered":"Shemale-Porn-List"},"content":{"rendered":"<div class=\"pb\">\n<div class=\"hd\">\n<a href=\"https:\/\/www.thepornlist.net\/de\/\" base target=\"_self\">Zur\u00fcck zur Startseite<\/a>\n<\/div>\n<div class=\"hd2\">\n<h2 style=\"font-style:normal;font-weight:bold;font-size:18px;color:white;line-height:18px;\"> Shemale Porno seiten<\/H2>\n<\/div>\n<\/div>\n<div class=\"catblock\">\n<div class=\"cattxtnew\">\n<h2>Seiten die deinen versauten Gedanken Vergn\u00fcgen bereiten werden<\/h2>\n<p>Seit Jahrhunderten, sogar seit Jahrtausenden wurde als sehr exotisch und sexy angesehen wenn eine Person zweierlei Geschlechtsteile gleichzeitig hatte. Sie wurden Hermaphroditen genannt und sie wurden sogar f\u00fcr G\u00f6tter gehalten. In einigen L\u00e4ndern ist es noch so, aber jetzt, im 21. Jahrhundert, ist es schwer sie in ihrer reinen Form zu finden und die n\u00e4chst nahe liegende Sache sind \u2013Shemales! Ja, diese leckeren und h\u00fcbschen Transen bringen die Welt zum Summen, im Stillen, denn niemand will zugeben, dass er tats\u00e4chlich von ihnen angezogen wird, aber er wird es. Das ist das Elend durch das sie m\u00fcssen, nicht akzeptiert zu werden, aber hey, so ist das Leben. Jetzt, wo wir offen \u00fcber sie reden, wir werden nicht nur \u00fcber sie sprechen wir werden dir auch zeigen welche Seiten ein Knaller sind, den du besuchen musst und das Hauptthema sind Transen. Diejenigen, die auf den \u201eMann mit M\u00f6psen\u201c Fetisch stehen sind f\u00fcr ihr Vergn\u00fcgen hier denn wir werden diese Wahrnehmung in eine Art von \u201eFrau mit Pimmel\u201c Wahrnehmung \u00e4ndern. Diese Seiten hier werden tats\u00e4chlich Transsexuelle als eine Nische in der Porno Gemeinschaft festigen.<\/p>\n<h2>Sie stopfen ihre Pimmel in etwas wo immer sie k\u00f6nnen<\/h2>\n<p>Wenn du dir irgendwelche der Videos ansiehst, wirst du sehen wie geil sie einfach sind. Der Sex ist immer voller Adrenalin, Verlangen und hei\u00dfen Transen, die eifrig darauf bedacht sind ihren langen, molligen Pimmel in einem Arschloch zu platzieren. Diese Szenen sind so verdammt hei\u00df, keiner kann leugnen dass diejenigen, die diese Videos im Moment machen, genau wissen, was ein gutes Porno Video haben muss. Sie haben gro\u00dfartiges Talent, sie haben gute Ausr\u00fcstung und die Ideen um es knistern zu lassen sind alle da. Es gibt keinen Weg, dass sie irgendeine der Szenen vermasseln k\u00f6nnen, und so werden wir, als Fans, mit der bestm\u00f6glichen Produktion belohnt und sie befinden sich alle im unteren Bereich dieser Seite. Alle Seiten heben ein verschiedenes Erscheinungsbild. Sie drehen sich alle um die gleiche Sache aber es ist die Art wie sie es abliefern und die Kleider, die sie diesen Seiten angezogen haben sind elegant, glamour\u00f6s und manchmal vulg\u00e4r, anr\u00fcchig und es ist offensichtlich, dass abartiger Sex stattfinden wird. Alles in allem sind dies die Top Shemale Seiten, die du dir anschauen musst.<\/p>\n<h2>Alles was sie suchen ist guter alter Analsex<\/h2>\n<p>Bei all diesen Szenen, die sie mit Crossdressern oder mit Transsexuellen drehen, ist es immer das gleiche Thema, das sich durch diese Videos zieht und das ist Analsex. Nat\u00fcrlich werden sie in ihr einziges Loch au\u00dfer ihrem Mund gev\u00f6gelt, aber das ist es wieso diese Szenen so viel Tabu Energie haben. Sie sind nicht nur \u201eFreaks\u201c sondern sie haben Sex auf die \u201efalsche\u201c Art. Das ist genau das, was der durchschnittliche Konsument heutzutage sehen will, also ist das noch ein anderer Grund warum diese Videos solch eine Anziehungskraft auf die Masse haben. Sie verdienen einen etablierten Platz in der Industrie, aber in Wirklichkeit passiert das nicht. Warum? Frage diejenigen, die die Transen Gemeinschaft meiden, denn sie sind diejenigen mit den Antworten. Wir hier, die diese Seite den besten Seiten mit Shemales widmen, wissen warum sie hei\u00df sind und warum sie mehr Aufmerksamkeit erhalten m\u00fcssen als sie jetzt bekommen. Unser Part ist es die besten Seiten zu bewerben und dein Job ist sie zu geniessen und zu teilen, auf diesem Weg k\u00f6nnen die besten Pornos nach oben an die Spitze kommen. <\/p>\n<h2>Dicke geile \u00c4rsche, gro\u00dfe Br\u00fcste und fleischige Pimmel auf dem Bildschirm<\/h2>\n<p>Mit Transen kannst du nichts falsch machen. Sie haben alles. Alle Element, die andere Pornos haben, haben sie auch, aber sie haben alles an einem K\u00f6rper. Diese gro\u00dfen Br\u00fcste sind dabei und manchmal sehen sie viel besser aus als an einigen Frauen. Dann haben sie auch gro\u00dfe \u00c4rsche. Meistens sind sie gebr\u00e4unt, so dass du den Abdruck der Br\u00e4unungsstreifen so graphisch sehen kannst, dass es dich dazu treibt die Kurven, die die Shemale hat, zu \u00fcberpr\u00fcfen. Es gibt \u00fcberall L\u00f6cher, lass uns dar\u00fcber nicht diskutieren und es gibt Pimmel! Sie sind alles, fett, mollig, lang und so, oh so fleischig. Diejenigen, die begeisterte Fans dieser Kategorie sind wissen, dass das die Wahrheit ist und dass ihre Schw\u00e4nze immer Top sind. Deswegen musst du dir die meisten dieser Seiten, die unten aufgelistet sind, anschauen und sehen welche Art von Kunst entstehen kann wenn man reine Liebe f\u00fcr eine Nische hat. Markiere diese beiden Worte, du wirst jede einzelne dieser Seiten lieben und du wirst f\u00fcr mehr zur\u00fcck kommen. <\/p>\n<\/div>\n<\/div>\n<div class=\"tplblockprem\">\n<a href=\"https:\/\/www.transangels.com\/landing\/tgp?ats=eyJhIjo5NzI2LCJjIjoyMjc4MiwibiI6MzUsInMiOjQyNSwiZSI6Nzg2NiwicCI6Mn0=\">Transangels<\/a><br \/>\n<a href=\"https:\/\/www.transangels.com\/landing\/tgp?ats=eyJhIjo5NzI2LCJjIjoyMjc4MiwibiI6MzUsInMiOjQyNSwiZSI6Nzg2NiwicCI6Mn0=\"><img decoding=\"async\" src=\"https:\/\/www.thepornlist.net\/wp-content\/uploads\/2015\/07\/transangels.jpg\" alt=\"Transangels\"><\/a> <\/p>\n<div class=\"tplblockpremtxt\">Trans Angels hat die besten Shemale Pornos mit den hei\u00dfesten Transengirls. Transen anal Videos, Blowjobs und sexy Ladies mit riesigen Schw\u00e4nzen warten.<\/div>\n<\/div>\n<div class=\"tplblockprem\">\n<a href=\"http:\/\/www.trannysurprise.com\/landing\/4\/?ats=eyJhIjo5NzI2LCJjIjo0NzYwODA5MCwibiI6MjAsInMiOjI5MywiZSI6NzQzOSwicCI6MTF9\">Trannysurprise<\/a><br \/>\n<a href=\"http:\/\/www.trannysurprise.com\/landing\/4\/?ats=eyJhIjo5NzI2LCJjIjo0NzYwODA5MCwibiI6MjAsInMiOjI5MywiZSI6NzQzOSwicCI6MTF9\"><img decoding=\"async\" src=\"https:\/\/www.thepornlist.net\/wp-content\/uploads\/2015\/07\/trannysurprise.jpg\" alt=\"Trannysurprise\"><\/a> <\/p>\n<div class=\"tplblockpremtxt\">Schau dir TrannySurprise.com an, die Top bewertete Shemale Pornostars und XXX Videos haben. Diese Seite ist eine unserer Top Auswahl mit gro\u00dfartigen Shemale Pornos. <\/div>\n<\/div>\n<div class=\"tplblockprem\">\n<a href=\"http:\/\/join.shemaleyum.com\/track\/MTAwMjU2LjIuNS41LjAuMC4wLjAuMA\">Shemaleyum<\/a><br \/>\n<a href=\"http:\/\/join.shemaleyum.com\/track\/MTAwMjU2LjIuNS41LjAuMC4wLjAuMA\"><img decoding=\"async\" src=\"https:\/\/www.thepornlist.net\/wp-content\/uploads\/2015\/07\/shemaleyum.jpg\" alt=\"Shemale Porn\"><\/a> <\/p>\n<div class=\"tplblockpremtxt\">Eine Premium Seite, die eine Menge an Transen Porno Inhalten bietet. Sie ist f\u00fcr alle Endger\u00e4te optimiert, hat ganze HD Videos zum Streamen und herunterladen und bekommt t\u00e4glich neue Updates.<\/div>\n<\/div>\n<div class=\"tplblockprem\">\n<a href=\"http:\/\/join.black-tgirls.com\/track\/MTAwMjU2LjIuMS4xLjAuMC4wLjAuMA\">Black-tgirls<\/a><br \/>\n<a href=\"http:\/\/join.black-tgirls.com\/track\/MTAwMjU2LjIuMS4xLjAuMC4wLjAuMA\"><img decoding=\"async\" src=\"https:\/\/www.thepornlist.net\/wp-content\/uploads\/2015\/07\/black-tgirls.jpg\" alt=\"Shemale Porn\"><\/a> <\/p>\n<div class=\"tplblockpremtxt\">Nur amerikanische schwarze Transsexuelle \u2013 das ist es was die Kopfzeile dieser Seite feststellt. Also wenn du ganze HD Videos zum streamen und herunterladen willst, gib etwas Geld aus und geniesse die Inhalte!<\/div>\n<\/div>\n<div class=\"tplblockprem\">\n<a href=\"http:\/\/www.mytrannycams.com\/index.php?psid=thepornlist&#038;pstour=t1&#038;psprogram=PPS\">Mytrannycams<\/a><br \/>\n<a href=\"http:\/\/www.mytrannycams.com\/index.php?psid=thepornlist&#038;pstour=t1&#038;psprogram=PPS\"><img decoding=\"async\" src=\"https:\/\/www.thepornlist.net\/wp-content\/uploads\/2015\/07\/mytrannycams.jpg\" alt=\"Shemale Porn\"><\/a> <\/p>\n<div class=\"tplblockpremtxt\">MyTrannyCams.com ist ein Ort an dem du die hei\u00dfesten Transen Babes vor ihren Webcams sehen kannst. Als ob das nicht genug w\u00e4re haben sie Kategorien, so dass du deine Suche eingrenzen kannst.<\/div>\n<\/div>\n<div class=\"tplblockprem\">\n<a href=\"http:\/\/gaytrans.com\/category\/transsexual\/\">Gaytrans<\/a><br \/>\n<a href=\"http:\/\/gaytrans.com\/category\/transsexual\/\"><img decoding=\"async\" src=\"https:\/\/www.thepornlist.net\/wp-content\/uploads\/2015\/07\/gaytrans2.jpg\" alt=\"Shemale Porn\"><\/a>  <\/p>\n<div class=\"tplblockpremtxt\">Ein Blog \u00e4hnliches Archiv f\u00fcr Erwachsene, das sich mit schwulen und Transen Porno Videos besch\u00e4ftigt. Sie heben ein riesiges Archiv das darauf wartet heruntergeladen zu werden, also stelle sicher, dass du diesen Ort nicht verpassen wirst. <\/div>\n<\/div>\n<div class=\"tplblockprem\">\n<a href=\"http:\/\/shemalehd.net\/\">Shemalehd<\/a><br \/>\n<a href=\"http:\/\/shemalehd.net\/\"><img decoding=\"async\" src=\"https:\/\/www.thepornlist.net\/wp-content\/uploads\/2015\/07\/shemalehd.jpg\" alt=\"Shemale Porn\"><\/a>  <\/p>\n<div class=\"tplblockpremtxt\">ShemaleHD.net ist eine Plattform wo du eine Menge Transen Porno Filme und Bildergalerien finden kannst. Alle ihre Inhalte k\u00f6nnen kostenlos \u00fcber externe Hosting Seiten heruntergeladen werden.<\/div>\n<\/div>\n<div class=\"tplblockprem\">\n<a href=\"http:\/\/pirattranny.net\/\">Pirattranny<\/a><br \/>\n<a href=\"http:\/\/pirattranny.net\/\"><img decoding=\"async\" src=\"https:\/\/www.thepornlist.net\/wp-content\/uploads\/2015\/07\/pirattranny.jpg\" alt=\"Shemale sex\"><\/a>  <\/p>\n<div class=\"tplblockpremtxt\">Ein Ort, der hei\u00dfe Transen Videos teilt. Jede Ver\u00f6ffentlichung hat eine kurze Beschreibung und ein Set von Vorschaubildern. Alle Porno Inhalte k\u00f6nnen kostenlos von externen Servern heruntergeladen werden.<\/div>\n<\/div>\n<div style=\"width:100%; Float:left; line-height:250%; margin-left:auto; margin-right:auto; clear:both;z-index:1;\">\n<p><a href=\"https:\/\/www.thepornlist.net\/de\/\" base target=\"_self\"><\/p>\n<p style=\"text-align:center;\"><span style=\"font-size:40px;text-decoration:underline;font-style:normal;font-weight:bold;text-transform:uppercase;color:6B70FF;\">Hier klicken, um die komplette porno liste <\/span><\/a><\/p>\n<\/div>\n","protected":false},"excerpt":{"rendered":"<p>Zur\u00fcck zur Startseite Shemale Porno seiten Seiten die deinen versauten Gedanken Vergn\u00fcgen bereiten werden Seit Jahrhunderten, sogar seit Jahrtausenden wurde als sehr exotisch und sexy angesehen wenn eine Person zweierlei Geschlechtsteile gleichzeitig hatte. Sie wurden Hermaphroditen genannt und sie wurden sogar f\u00fcr G\u00f6tter gehalten. In einigen L\u00e4ndern ist es noch so, aber jetzt, im 21. <a href='https:\/\/www.thepornlist.net\/de\/tranny-porn-sites\/' class='excerpt-more'>[&#8230;]<\/a><\/p>\n","protected":false},"author":1,"featured_media":0,"parent":0,"menu_order":0,"comment_status":"closed","ping_status":"closed","template":"11new-category-template.php","meta":{"_acf_changed":false,"footnotes":""},"tags":[623],"acf":[],"aioseo_notices":[],"_links":{"self":[{"href":"https:\/\/www.thepornlist.net\/de\/wp-json\/wp\/v2\/pages\/9752"}],"collection":[{"href":"https:\/\/www.thepornlist.net\/de\/wp-json\/wp\/v2\/pages"}],"about":[{"href":"https:\/\/www.thepornlist.net\/de\/wp-json\/wp\/v2\/types\/page"}],"author":[{"embeddable":true,"href":"https:\/\/www.thepornlist.net\/de\/wp-json\/wp\/v2\/users\/1"}],"replies":[{"embeddable":true,"href":"https:\/\/www.thepornlist.net\/de\/wp-json\/wp\/v2\/comments?post=9752"}],"version-history":[{"count":0,"href":"https:\/\/www.thepornlist.net\/de\/wp-json\/wp\/v2\/pages\/9752\/revisions"}],"wp:attachment":[{"href":"https:\/\/www.thepornlist.net\/de\/wp-json\/wp\/v2\/media?parent=9752"}],"wp:term":[{"taxonomy":"post_tag","embeddable":true,"href":"https:\/\/www.thepornlist.net\/de\/wp-json\/wp\/v2\/tags?post=9752"}],"curies":[{"name":"wp","href":"https:\/\/api.w.org\/{rel}","templated":true}]}}