{"id":9760,"date":"2015-12-30T18:35:23","date_gmt":"2015-12-30T18:35:23","guid":{"rendered":"https:\/\/www.thepornlist.net\/de\/porn-lists\/"},"modified":"2019-06-25T12:28:02","modified_gmt":"2019-06-25T12:28:02","slug":"porn-lists","status":"publish","type":"page","link":"https:\/\/www.thepornlist.net\/de\/porn-lists\/","title":{"rendered":"Porn lists"},"content":{"rendered":"<div class=\"pb\">\n<div class=\"hd\">\n<a href=\"https:\/\/www.thepornlist.net\/de\/\" base target=\"_self\">Zur\u00fcck zur Startseite<\/a>\n<\/div>\n<div class=\"hd2\">\n<span style=\"font-style:normal;font-weight:bold;\">Porn lists<\/span>\n<\/div>\n<\/div>\n<div class=\"catblock\">\n<div class=\"cattxtnew\">\n<h2>Pornolisten die nicht so schlecht sind<\/h2>\n<p>Nat\u00fcrlich werden wir anderen Seiten, die das Gleiche tun, was wir tun, Respekt zollen, aber welche Art von Wettbewerber w\u00e4ren wir, wenn wir ihnen zu viel Respekt zollen w\u00fcrden. Genau wie beim  Floyd\/McGregor Kampf, keiner dieser Kerle zollt dem anderen Respekt. Sicher, wenn sie sich Komplimente \u00fcber ihre Weiblichkeit und ihre B\u00e4rte machen, dann sicher aber wie jeder echte K\u00e4mpfer dir sagen w\u00fcrde, respektiere deinen Gegner aber \u00fcbersch\u00e4tze ihn nicht. Das ist die gleiche Herangehensweise, die wir an unseren Wettbewerb haben. Es ist eine gesunde und normale Sichtweise, die uns am Boden h\u00e4lt und wir beobachten den Wettbewerb aufmerksam um zu sehen, welche Schritte sie entwickelt haben, so dass wir nicht schlampig werden und du niemals darunter leiden musst sondern immer nur das beste Produkt bekommst, das es da drau\u00dfen gibt. Hier sind einige der guten Porno Verzeichnisse die wir f\u00fcr wert halten, dass du ihnen deine Aufmerksamkeit schenkst. Diese Jungs machen einen guten Job (nicht so gut) und du solltest sie dir ansehen (so dass du wieder zu uns zur\u00fcck kommst). Sie geben dir Nutzen (wenngleich nicht wie wir), sie lieben was sie tun (aber sie lieben ihre Fans nicht so wie wir) und sie sind gut genug, dass wir sie in unserer Liste aufgenommen haben (das ist die Wahrheit).<\/p>\n<h2>Also worum geht es bei all diesen Seiten?<\/h2>\n<p>Einige w\u00fcrden sagen, dass du ganz einfach zu Google gehen kannst, einige der Seiten Namen eingibst und los geht es, du hast einen leichten Zugang zu Porno Seiten ohne irgend jemandem zu erz\u00e4hlen, was du tust. Nun, wenn du jemand bist, der strenge Eltern hatte und du es nicht magst, wenn man dir sagt, was du im Leben tun sollst, dann mach auf alle F\u00e4lle so weiter, tu es auf diese Art. Niemand h\u00e4lt dir eine Pistole an den Kopf. Wenn du jemand bist, der wei\u00df, dass er nicht viel wei\u00df, und das ist die Tugend einer wirklich schlauen Person, dann wirst du dir die Meinung von Experten ansehen, was Qualit\u00e4t ist und was gut ist. Wir betrachten uns selbst als Experten bei Pornoseiten im allgemeinen, wenn du also verloren bist und keine Ahnung hast, was du dir als n\u00e4chstes im Internet anschauen solltest, dann komm hierher und schaue nach welche Seiten gut sind und welche nicht. Es reduziert sich alles darauf nach der Richtung zu fragen. Wie Frauen dir sagen w\u00fcrden, M\u00e4nnern f\u00e4llt es schwer nach einer Richtung zu fragen aber manchmal ist es notwendig. Unsere gesch\u00e4tzten Kollegen w\u00fcrden zustimmen, dass das zu 100 % wahr ist.<\/p>\n<h2>Die Richtung zeigen was gut ist und was nicht <\/h2>\n<p>Mit all diesen Seiten, die wir in unserer Liste aufgenommen haben, wirst du es schaffen Seiten und Nischen Seiten zu finden, die dich interessieren. Diese Seiten sind dazu bestimmt, dich in die richtige Richtung zu bringen, so dass du so wenig Zeit wie m\u00f6glich verschwendest mit Herumst\u00f6bern und dabei nicht zu masturbieren und damit du eine gute Zeit mit allen Porno M\u00f6glichkeiten hast. Alle diese Seiten sind auf dem Punkt und sie teilen unsere Meinung bez\u00fcglich einiger der Inhalte, die es da drau\u00dfen gibt. Einige der Seiten auf ihren Listen sind nicht auf unserer Liste und umgekehrt, so ist es eine gute Sache, dass sie einige der L\u00f6cher bei unseren Nachforschungen stopfen ( auch wenn es nicht sehr viele sind, wie du sehen kannst). Wir brauchen alle jemanden, der uns im Leben leitet. Die Ampeln leiten die Autos auf den Stra\u00dfen, die Politiker leiten unsere Leben nach der Art wie sie glauben, dass wir leben sollten und wir, die Verzeichnisse,  schlagen vor welche Art von Internet Browsen dein Porno leben haben sollte. Wir stehen hier mit unseren roten, gelben und gr\u00fcnen Lichtern und wir lassen dich wissen, dass einige Orte etwas f\u00fcr dich sind und andere nicht.<\/p>\n<h2>Eine Art von Porno Gourmet Seitensammlung <\/h2>\n<p>Auf eine Art sind wir Br\u00fcder, die Porno Verzeichnisse. Wir sind der gro\u00dfe Bruder und die Seiten, die wir in unserer Liste aufgef\u00fchrt haben sind kleine Br\u00fcder, die gro\u00df werden wollen um die F\u00fchrung der Meute zu \u00fcbernehmen. So lange wir hier sind, ist das nicht m\u00f6glich (die Naturgesetze werden es nicht erlauben, nicht dass wir denken, dass wir das alles sind, aber wir sind es) denn eine gesunde Dosis an Wettbewerb ist n\u00f6tig um uns auf Trab zu halten. Wir liefern alle gute Bewertungen, unsere Forscher sind gut bei dem was sie finden und darin stimmen wir alle \u00fcberein, ihr, die Fans bekommt was ihr braucht und das ist alles, was wir immer wollten. Dies ist der Hauptgrund warum wir unseren Job machen. Nun, trotzdem, schau dir einige der Seiten an und wenn du dann genug hast, komm hierher zur\u00fcck und wir erz\u00e4hlen dir tats\u00e4chlich, was was ist. Wir necken nat\u00fcrlich nur gerade unser kleinen Br\u00fcder.<\/p>\n<\/div>\n<\/div>\n<div class=\"tplblockprem\">\n<a href=\"https:\/\/www.thepornlist.net\/de\/porn-search-engines\/zwei\/\">Zwei.in<\/a><br \/>\n<a href=\"https:\/\/www.thepornlist.net\/de\/porn-search-engines\/zwei\/\"><img decoding=\"async\" src=\"https:\/\/www.thepornlist.net\/wp-content\/uploads\/listsub\/zwei.jpg\"  alt=\"porn Search\"><\/a> <\/p>\n<div class=\"tplblockpremtxt\">Zwei Porn liebt es dich mit Porno zu versorgen! \u2026 wie der Slogan sagt. Sie zeigen dir das Beste vom Besten von allen Arten von tollen und geilen Porno Seiten, die im Internet verf\u00fcgbar sind. <\/div>\n<\/div>\n<div class=\"tplblockprem\">\n<a href=\"https:\/\/www.thepornlist.net\/de\/porn-list\/steezylist\/\">steezylist<\/a><br \/>\n<a href=\"https:\/\/www.thepornlist.net\/de\/porn-list\/steezylist\/\"><img decoding=\"async\" src=\"https:\/\/www.thepornlist.net\/wp-content\/uploads\/listsub\/steezylist.jpg\"  alt=\"steezylist\"><\/a> <\/p>\n<div class=\"tplblockpremtxt\">Dr\u00fccke Ctrl + D um das zu deiner Homepage f\u00fcr Pornos zu machen! Beste Auswahl an Pornos, Amateur Pornos, hardcore, sogar Listen von Listen k\u00f6nnen dort gefunden und genossen werden!<\/div>\n<\/div>\n<div class=\"tplblockprem\">\n<a href=\"https:\/\/www.thepornlist.net\/de\/porn-list\/pornmaniak\/\">pornmaniak<\/a><br \/>\n<a href=\"https:\/\/www.thepornlist.net\/de\/porn-list\/pornmaniak\/\"><img decoding=\"async\" src=\"https:\/\/www.thepornlist.net\/wp-content\/uploads\/listsub\/pornmaniak.jpg\"  alt=\"pornmaniak\"><\/a> <\/p>\n<div class=\"tplblockpremtxt\">Das Beste von Porno Tuben Seiten, Sex Cam Seiten, Premium und viel mehr. Wir w\u00fcrden ihre Auswahl an Dating Seiten vorschlagen falls du Single bist und ein paar coole Comic Seiten. <\/div>\n<\/div>\n<div class=\"tplblockprem\">\n<a href=\"https:\/\/www.thepornlist.net\/de\/porn-list\/adultlinker\/\">adultlinker<\/a><br \/>\n<a href=\"https:\/\/www.thepornlist.net\/de\/porn-list\/adultlinker\/\"><img decoding=\"async\" src=\"https:\/\/www.thepornlist.net\/wp-content\/uploads\/listsub\/adultlinker.jpg\"  alt=\"adultlinker\"><\/a> <\/p>\n<div class=\"tplblockpremtxt\">Es sit wie ein Telefonbuch f\u00fcr Pornos. Viele Inhalte f\u00fcr Erwachsene einschlie\u00dflich Foren f\u00fcr Erwachsene, Cartoons und Hentai und andere werden vorgestellt, neben einigen Eskortagenturen, die du dir anschauen kannst.<\/div>\n<\/div>\n<div class=\"tplblockprem\">\n<a href=\"https:\/\/www.thepornlist.net\/de\/porn-list\/thebestmoviesandwebtv\/\">thebestmoviesandwebtv<\/a><br \/>\n<a href=\"https:\/\/www.thepornlist.net\/de\/porn-list\/thebestmoviesandwebtv\/\"><img decoding=\"async\" src=\"https:\/\/www.thepornlist.net\/wp-content\/uploads\/listsub\/thebestmoviesandwebtv.jpg\"  alt=\"thebestmoviesandwebtv\"><\/a> <\/p>\n<div class=\"tplblockpremtxt\">Wenn du haupts\u00e4chlich nach lustigen Pornos suchst, ist das die Seite. Daneben bieten sie das Beste von brasilianischen Pornos, deutschen Pornos Linktausch Seiten und viel mehr!<\/div>\n<\/div>\n<div class=\"tplblockprem\">\n<a href=\"https:\/\/www.thepornlist.net\/de\/porn-list\/theporndude\/\">theporndude<\/a><br \/>\n<a href=\"https:\/\/www.thepornlist.net\/de\/porn-list\/theporndude\/\"><img decoding=\"async\" src=\"https:\/\/www.thepornlist.net\/wp-content\/uploads\/listsub\/theporndude.jpg\"  alt=\"theporndude\"><\/a> <\/p>\n<div class=\"tplblockpremtxt\">Eine der \u00e4ltesten und besten da drau\u00dfen. Nur das Beste vom Besten, Cooles kostenlos und Saftiges Premium, Teens und Frauen in Aktion neben einigem an Inhalt zu dem du nicht wichsen kannst.<\/div>\n<\/div>\n<div class=\"tplblockprem\">\n<a href=\"https:\/\/www.thepornlist.net\/de\/porn-list\/tblop\/\">tblop<\/a><br \/>\n<a href=\"https:\/\/www.thepornlist.net\/de\/porn-list\/tblop\/\"><img decoding=\"async\" src=\"https:\/\/www.thepornlist.net\/wp-content\/uploads\/listsub\/tblop.jpg\"  alt=\"tblop\"><\/a> <\/p>\n<div class=\"tplblockpremtxt\">Die gro\u00dfe Liste von Pornos, in der Tat! Cooles Aussehen dieser Seite macht es leichter die perfekten Dinge zu finden und an Orte mit einem Klick zu gelangen, an denen du noch nie vorher warst!<\/div>\n<\/div>\n<div style=\"width:1100px; margin-left:auto; margin-right:auto; clear:both;z-index:1;\">\n<p><a href=\"https:\/\/www.thepornlist.net\/de\/\" base target=\"_self\"><\/p>\n<p style=\"text-align:center;\"><span style=\"font-size:40px;text-decoration:underline;font-style:normal;font-weight:bold;text-transform:uppercase;color:6B70FF;\">Hier klicken, um die komplette porno liste <\/span><\/a><\/p>\n<\/div>\n","protected":false},"excerpt":{"rendered":"<p>Zur\u00fcck zur Startseite Porn lists Pornolisten die nicht so schlecht sind Nat\u00fcrlich werden wir anderen Seiten, die das Gleiche tun, was wir tun, Respekt zollen, aber welche Art von Wettbewerber w\u00e4ren wir, wenn wir ihnen zu viel Respekt zollen w\u00fcrden. Genau wie beim Floyd\/McGregor Kampf, keiner dieser Kerle zollt dem anderen Respekt. Sicher, wenn sie <a href='https:\/\/www.thepornlist.net\/de\/porn-lists\/' class='excerpt-more'>[&#8230;]<\/a><\/p>\n","protected":false},"author":1,"featured_media":0,"parent":0,"menu_order":0,"comment_status":"closed","ping_status":"closed","template":"11new-category-template.php","meta":{"_acf_changed":false,"footnotes":""},"tags":[],"acf":[],"aioseo_notices":[],"_links":{"self":[{"href":"https:\/\/www.thepornlist.net\/de\/wp-json\/wp\/v2\/pages\/9760"}],"collection":[{"href":"https:\/\/www.thepornlist.net\/de\/wp-json\/wp\/v2\/pages"}],"about":[{"href":"https:\/\/www.thepornlist.net\/de\/wp-json\/wp\/v2\/types\/page"}],"author":[{"embeddable":true,"href":"https:\/\/www.thepornlist.net\/de\/wp-json\/wp\/v2\/users\/1"}],"replies":[{"embeddable":true,"href":"https:\/\/www.thepornlist.net\/de\/wp-json\/wp\/v2\/comments?post=9760"}],"version-history":[{"count":0,"href":"https:\/\/www.thepornlist.net\/de\/wp-json\/wp\/v2\/pages\/9760\/revisions"}],"wp:attachment":[{"href":"https:\/\/www.thepornlist.net\/de\/wp-json\/wp\/v2\/media?parent=9760"}],"wp:term":[{"taxonomy":"post_tag","embeddable":true,"href":"https:\/\/www.thepornlist.net\/de\/wp-json\/wp\/v2\/tags?post=9760"}],"curies":[{"name":"wp","href":"https:\/\/api.w.org\/{rel}","templated":true}]}}