{"id":9761,"date":"2015-09-25T12:56:52","date_gmt":"2015-09-25T12:56:52","guid":{"rendered":"https:\/\/www.thepornlist.net\/de\/jav-porn-sites\/"},"modified":"2019-06-25T12:28:09","modified_gmt":"2019-06-25T12:28:09","slug":"jav-porn-sites","status":"publish","type":"page","link":"https:\/\/www.thepornlist.net\/de\/jav-porn-sites\/","title":{"rendered":"JAV Porn Sites"},"content":{"rendered":"<div class=\"pb\">\n<div class=\"hd\"><a href=\"https:\/\/www.u5394p15071.web0119.zxcs.nl\/de\/\" target=\"_self\">Zur\u00fcck zur Startseite<\/a><\/div>\n<div class=\"hd2\"><span style=\"font-style: normal; font-weight: bold;\">Jav porn<\/span><\/div>\n<\/div>\n<div class=\"catblock\">\n<div class=\"cattxtnew\">\n<h2>JAV \u2013 Japanische Adult Videos sind auf dem Vormarsch<\/h2>\n<p>Mit allen Fetischen, die wir haben, gibt es eine Billion und einen kleinen Unter-Fetisch, der in der Entwicklung ist. Danke Gott, dass es Nischen gibt um alle diese abgefahrenen Abartigen unter einem Dach zu halten ansonsten w\u00fcrden wir eine Menge Probleme damit haben alle diese Dinge zu kategorisieren. Sobald wir \u00fcber japanische Kultur sprechen, denkt jeder gew\u00f6hnlich an Tradition und abgefahrenen Sex. Das sind verschiedene Dinge aber das ist es, was es so hei\u00df macht. Alle diese Neon Roboter und ihre quiekenden Girls machen das gesamte Gebiet und die Porno Kultur zu einer anderen, eine, die so viel Potenzial hat eine der f\u00fchrenden Nischen zu werden. Der japanische Porno ist voll von Wortspielen, die zu einem Stempel f\u00fcr ihre Produktionen wurden. Asiatische Frauen sind zierlich, unterw\u00fcrfig und sie sind sch\u00fcchtern. Wir alle wissen, dass sie wirklich laut sind sobald sie anfangen zu ficken und sie wimmern und quieken als ob sie Puppen w\u00e4ren und die Luft aus ihren K\u00f6rpern herausgedr\u00fcckt w\u00fcrde. Eine andere Sache sind kleine asiatische Pimmel, das ist ein Mythos aber wenn wir uns irgendeinen der Typen, die in diesen Videos gezeigt werden ansehen, scheint es als ob dieser Mythos wahr w\u00e4re.<\/p>\n<h2>Diese Japanerinnen mit kleinen Titten wollen Schw\u00e4nze<\/h2>\n<p>Dies sind die Seiten, die einige der hei\u00dfesten asiatischen, um exakt zu sein japanischen Porno Videos, liefern und einige davon sind DVDs, einige sind einfache regul\u00e4re Clips und einige sind Videos mit Premium Inhalt, die eine Registrierung erfordern und ein bisschen Gl\u00fcck, so dass du dir einen runter holen kannst bei einem Luder, das einen Schwanz will, der keine 10 cm lang ist. Es gibt so viele Variationen bei diesen japanischen Frauen. Du kannst dir eine BDSM Seite aussuchen oder du kannst eine Seite mit japanischen Schulm\u00e4dchen nehmen, wo du eine Menge abartiger und sch\u00fcchterner asiatischer Babes hast, die gefickt und gestopft werden. Es ist diese Abwechslung, die aus Schlampen wie diesen ein gew\u00fcnschtes Produkt machen und sie f\u00fchren regelm\u00e4\u00dfig neue Ideen und neue Inhalte in dieser ganzen Nische ein, die deine Kinnlade herunterfallen lassen werden. Sie sind gut bekannt f\u00fcr ihre Cosplay Fantasien so dass du dir sogar eine Seite aussuchen kannst die Girls gewidmet ist, die angezogen sind wie deine Lieblings Charaktere. Das macht die ganze Sache so verdammt interessant, dass du keine Ahnung hast, womit du anfangen sollst.<\/p>\n<h2>Brandhei\u00dfe japanische Schlampen warten auf dich<\/h2>\n<p>Es gibt einige Szenarien in japanischen Sex Videos, die wahnsinnig verr\u00fcckt sind. Es gibt eine Menge Inzest, der gezeigt wird, aber sie vertuschen es nicht einmal. In klaren Worten, niemand ist in diesen Videos tats\u00e4chlich miteinander verwandt aber es ist diese Fantasie, die sie f\u00f6rdern, das ist ein bisschen unheimlich denn wir alle wissen, dass es die User sind, die die Art des Inhalts diktieren, der verwendet wird und nicht die Produktionsfirmen. Worauf immer du Bock hast, niemand verurteilt jemanden, und aus genau diesem Grund gibt es Seiten, die einige extreme Szenarien abdecken. Nichts, das herausgeschnitten werden muss aber f\u00fcr jemanden, der nicht denselben Ursprung hat, ist es genug um die Augenbraue zu heben und sich selbst zu denken, verdammt, das sind ein paar verr\u00fcckte Ficker. Ihre Girls sind verdammt hei\u00df und das sieht man. Die meisten von ihnen sind Schlampen mit kleinen M\u00f6psen aber wenn du die Vollbusigen suchst, dann gibt es auch Seiten, die diese Schlampen haben. Jeder bekommt, was er will und jeder kann seine Perversion finden, die Hauptsache ist nicht zu baff zu sein.<\/p>\n<h2>Japanische Girls sind nicht so sch\u00fcchtern wie sie scheinen<\/h2>\n<p>F\u00fcr alle von euch, die diese japanischen Girls schon kennen, kommen diese Szenarien nicht als gro\u00dfe \u00dcberraschung daher. Nur f\u00fcr diejenigen, die noch keine Erfahrung aus erster Hand mit ihnen gemacht haben. Hast du jemals Tintenfisch Pornos gesehen? Ja, sie existieren und ja, sie sind genau das, was du glaubst, das sie sind. Kannst du dir einen Tentakel vorstellen, der in die Vagina einer Frau gestopft wird? Nun, wenn du es dir nicht vorstellen kannst, dann schau dir einige der Seiten hier auf der Liste an und du allein kannst diese Fantasie von deiner To-do-Liste streichen bevor du stirbst. Wir beabsichtigen hier die Tr\u00e4ume der Menschen wahr werden zu lassen. Aber ganz ernsthaft, dies ist vermutlich eine der vielf\u00e4ltigsten Kategorien, die wir auf unserer Seite haben. Die Girls sind fein, die Szenarien sind wild und manchmal verr\u00fcckt aber man kann es mit einem Kulturschock oder so etwas rechtfertigen, und schlie\u00dflich sind die normalen Pornos mit diesen Girls abgefahren. Sie machen es in allen Bereichen gut, vom Schwanz blasen, Muschi lecken bis hin zum Schreien in diese nassen, rosa Vaginas. Asiatische Pornos gehen ab aber japanische Pornos holen mit gro\u00dfem Abstand die Medaille, also schau dir den Rummel an.<\/p>\n<\/div>\n<\/div>\n<div class=\"tplblockprem\"><a href=\"https:\/\/www.u5394p15071.web0119.zxcs.nl\/de\/premium-paysites\/alljapanesepass\/\">alljapanesepass<\/a><br \/>\n<a href=\"https:\/\/join.alljapanesepass.com\/track\/MzUxOC4xMS43LjcuMC4wLjAuMC4w\" rel=\"nofollow\"><img decoding=\"async\" src=\"https:\/\/www.u5394p15071.web0119.zxcs.nl\/wp-content\/uploads\/2015\/08\/alljapanesepass.jpg\" alt=\"porn tubes\" \/><\/a><\/p>\n<div class=\"tplblockpremtxt\">Geile Amateur und professionelle japanische Babes werden dich dazu bringen, ihre abartige Art zu m\u00f6gen! Erstklassige Videos werden dich verr\u00fcckt machen und du hast von jedem Endger\u00e4t Zugriff darauf!<\/div>\n<\/div>\n<div class=\"tplblockprem\"><a href=\"http:\/\/www.crazyasiangfs.com\/tour\/home\/?ats=eyJhIjo5NzI2LCJjIjo0NjMyODMwNiwibiI6MzQsInMiOjQxMSwiZSI6NzczMSwicCI6MTF9\" rel=\"nofollow\">Asiangfs<\/a><br \/>\n<a href=\"http:\/\/www.crazyasiangfs.com\/tour\/home\/?ats=eyJhIjo5NzI2LCJjIjo0NjMyODMwNiwibiI6MzQsInMiOjQxMSwiZSI6NzczMSwicCI6MTF9\" rel=\"nofollow\"><img decoding=\"async\" src=\"https:\/\/www.u5394p15071.web0119.zxcs.nl\/wp-content\/uploads\/2015\/09\/crazyasiangfs.jpg\" alt=\"Asiangfs\" \/><\/a><\/p>\n<div class=\"tplblockpremtxt\">AsianGfs sucht wirklich die Besten der Besten \u00fcberw\u00e4ltigenden asiatischen Nutten aus, die wundersch\u00f6n ficken. Viele Kategorien und Pornostars zum ausw\u00e4hlen sind genug um diese Webseite an die Spitze zu bringen.<\/div>\n<\/div>\n<div class=\"tplblockprem\"><a href=\"https:\/\/www.u5394p15071.web0119.zxcs.nl\/de\/jav-porn-sites\/javhd\/\">javhd<\/a><br \/>\n<a href=\"http:\/\/tds-01.atas.io\/5aa93f2b56e4dd54e7555dee?cv1={tag}&amp;referral={source}&amp;banner={bannerid}\" rel=\"nofollow\"><img decoding=\"async\" src=\"https:\/\/www.u5394p15071.web0119.zxcs.nl\/wp-content\/uploads\/2015\/08\/javhd.jpg\" alt=\"porn tubes\" \/><\/a><\/p>\n<div class=\"tplblockpremtxt\">Es ist die Seite mit den sch\u00f6nsten japanischen M\u00e4dchen und Frauen. Es ist 100 % unzensiert und HD und es wird dich dazu bringen mehr und mehr zu wollen und immer wieder zur\u00fcckzukommen.<\/div>\n<\/div>\n<div class=\"tplblockprem\"><a href=\"http:\/\/wct.link\/click?c=eyJhIjoxNTAyNywibyI6MTEsInAiOjJ9\" rel=\"nofollow\">Me and my asian<\/a><br \/>\n<a href=\"http:\/\/wct.link\/click?c=eyJhIjoxNTAyNywibyI6MTEsInAiOjJ9\" rel=\"nofollow\"><img decoding=\"async\" src=\"https:\/\/www.u5394p15071.web0119.zxcs.nl\/wp-content\/uploads\/2015\/08\/meandmyasian.jpg\" alt=\"meandmyasian\" \/><\/a><\/p>\n<div class=\"tplblockpremtxt\">Hier wirst du die pr\u00e4chtigsten, sch\u00f6nsten und verlockendsten japanischen und japanisch aussehenden Amateur Girls finden. Diese abartigen Nutten werden dich gl\u00fccklich machen und werden dich dazu bringen, Japan besuchen zu wollen!<\/div>\n<\/div>\n<div class=\"tplblockprem\"><a href=\"http:\/\/enter.erito.com\/track\/MTUwMjEuMTUxLjEuMS4wLjAuMC4wLjA\" rel=\"nofollow\">Erito<\/a><br \/>\n<a href=\"http:\/\/enter.erito.com\/track\/MTUwMjEuMTUxLjEuMS4wLjAuMC4wLjA\" rel=\"nofollow\"><img decoding=\"async\" src=\"https:\/\/www.u5394p15071.web0119.zxcs.nl\/wp-content\/uploads\/2015\/08\/erito.jpg\" alt=\"erito\" \/><\/a><\/p>\n<div class=\"tplblockpremtxt\">Mit tollem Aussehen und mit Einfachheit bietet erito.com die spannendsten sexuellen Erfahrungen mit provozierenden und verlockenden japanischen Models, HD Videos und eine Menge mehr f\u00fcr dein Vergn\u00fcgen.<\/div>\n<\/div>\n<div class=\"tplblockprem\"><a href=\"https:\/\/www.u5394p15071.web0119.zxcs.nl\/de\/jav-porn-sites\/av69\/\">av69<\/a><br \/>\n<a href=\"https:\/\/www.u5394p15071.web0119.zxcs.nl\/de\/jav-porn-sites\/av69\/\"><img decoding=\"async\" src=\"https:\/\/www.u5394p15071.web0119.zxcs.nl\/wp-content\/uploads\/2015\/08\/av69.jpg\" alt=\"porn tubes\" \/><\/a><\/p>\n<div class=\"tplblockpremtxt\">Mit \u00fcber 2.000 japanischen Videos f\u00fcr Erwachsene, vollem HD Erlebnis und der Sicherheit beim Browsen hat AV69 seinen weg an die Spitze der japanischen Porno Webseiten geschafft und gibt dir ein unvergessliches erregendes Erlebnis.<\/div>\n<\/div>\n<div class=\"tplblockprem\"><a href=\"https:\/\/www.u5394p15071.web0119.zxcs.nl\/de\/jav-porn-sites\/allgravure\/\">allgravure<\/a><br \/>\n<a href=\"https:\/\/www.u5394p15071.web0119.zxcs.nl\/de\/jav-porn-sites\/allgravure\/\"><img decoding=\"async\" src=\"https:\/\/www.u5394p15071.web0119.zxcs.nl\/wp-content\/uploads\/2015\/08\/allgravure.jpg\" alt=\"porn tubes\" \/><\/a><\/p>\n<div class=\"tplblockpremtxt\">Mit Pornos und sexy Fotos wird diese Webseite dir einen Weg zu sch\u00f6nen, st\u00f6hnenden japanischen Girls zeigen, die unschuldig aussehen und bereit sind ihre Unschuld zu verlieren w\u00e4hrend du ihnen dabei zusiehst.<\/div>\n<\/div>\n<div class=\"tplblockprem\"><a href=\"https:\/\/www.u5394p15071.web0119.zxcs.nl\/de\/best-sex-cam-sites\/sakuralive\/\">sakuralive<\/a><br \/>\n<a href=\"https:\/\/www.u5394p15071.web0119.zxcs.nl\/de\/best-sex-cam-sites\/sakuralive\/\"><img decoding=\"async\" src=\"https:\/\/www.u5394p15071.web0119.zxcs.nl\/wp-content\/uploads\/camsub\/sakuralive.jpg\" alt=\"sakuralive\" \/><\/a><\/p>\n<div class=\"tplblockpremtxt\">Mit innovativem und ansprechendem Layout wird diese Webseite dir ein schnelles Erlebnis bieten vor der Kamera mit vollbusigen japanischen Nutten mit unschuldig aussehenden Gesichtern aber teuflischem Verlangen, zu spielen.<\/div>\n<\/div>\n<div class=\"tplblockprem\"><a href=\"https:\/\/www.u5394p15071.web0119.zxcs.nl\/de\/jav-porn-sites\/avanal\/\">avanal<\/a><br \/>\n<a href=\"https:\/\/www.u5394p15071.web0119.zxcs.nl\/de\/jav-porn-sites\/avanal\/\"><img decoding=\"async\" src=\"https:\/\/www.u5394p15071.web0119.zxcs.nl\/wp-content\/uploads\/2015\/08\/avanal.jpg\" alt=\"porn tubes\" \/><\/a><\/p>\n<div class=\"tplblockpremtxt\">Wenn du sehen m\u00f6chtest wie einige japanische Luder und erstaunliche Sexbomben einen Pimmel in ihren Arsch bekommen, dann ist diese Seite f\u00fcr dich und wird dich nicht entt\u00e4uschen.<\/div>\n<\/div>\n<div class=\"tplblockprem\"><a href=\"https:\/\/www.u5394p15071.web0119.zxcs.nl\/de\/jav-porn-sites\/gangav\/\">gangav<\/a><br \/>\n<a href=\"https:\/\/www.u5394p15071.web0119.zxcs.nl\/de\/jav-porn-sites\/gangav\/\"><img decoding=\"async\" src=\"https:\/\/www.u5394p15071.web0119.zxcs.nl\/wp-content\/uploads\/2015\/08\/gangav.jpg\" alt=\"porn tubes\" \/><\/a><\/p>\n<div class=\"tplblockpremtxt\">Das tollste Archiv mit japanischen Gangbang Videos, mit sehenswerten HD Szenen von Nutten, die von vielen Schw\u00e4nzen in wilden und hinrei\u00dfenden Gangbangs gefickt werden, und all das mit der schnellsten Ladezeit.<\/div>\n<\/div>\n<div class=\"tplblockprem\"><a href=\"https:\/\/www.u5394p15071.web0119.zxcs.nl\/de\/jav-porn-sites\/schoolgirlshd\/\">schoolgirlshd<\/a><br \/>\n<a href=\"https:\/\/www.u5394p15071.web0119.zxcs.nl\/de\/jav-porn-sites\/schoolgirlshd\/\"><img decoding=\"async\" src=\"https:\/\/www.u5394p15071.web0119.zxcs.nl\/wp-content\/uploads\/2015\/08\/schoolgirlshd.jpg\" alt=\"porn tubes\" \/><\/a><\/p>\n<div class=\"tplblockpremtxt\">Wenn du s\u00fc\u00dfe und sch\u00f6ne japanische Studentinnen in allen m\u00f6glichen Situationen sehen willst, die damit enden, dass sie vom Lehrer gefickt werden, diese Seite hat mehr als 2000 tolle Videos.<\/div>\n<\/div>\n<div class=\"tplblockprem\"><a href=\"https:\/\/www.u5394p15071.web0119.zxcs.nl\/de\/jav-porn-sites\/javfor\/\">javfor<\/a><br \/>\n<a href=\"https:\/\/www.u5394p15071.web0119.zxcs.nl\/de\/jav-porn-sites\/javfor\/\"><img decoding=\"async\" src=\"https:\/\/www.u5394p15071.web0119.zxcs.nl\/wp-content\/uploads\/2015\/08\/javfor.jpg\" alt=\"porn tubes\" \/><\/a><\/p>\n<div class=\"tplblockpremtxt\">Eine Menge japanischer zensierter und unzensierter Videos an einem Ort. Mit allen Arten von Kategorien, diese Girls werden dich dazu bringen bei dieser Webseite ein Lesezeichen zu setzen und wieder zu kommen.<\/div>\n<\/div>\n<div class=\"tplblockprem\"><a href=\"https:\/\/www.u5394p15071.web0119.zxcs.nl\/de\/jav-porn-sites\/tdarkangel\/\">tdarkangel<\/a><br \/>\n<a href=\"https:\/\/www.u5394p15071.web0119.zxcs.nl\/de\/jav-porn-sites\/tdarkangel\/\"><img decoding=\"async\" src=\"https:\/\/www.u5394p15071.web0119.zxcs.nl\/wp-content\/uploads\/2015\/08\/tdarkangel.jpg\" alt=\"porn tubes\" \/><\/a><\/p>\n<div class=\"tplblockpremtxt\">Dieser Blog zeigt die sch\u00f6nsten aller japanischen Girls. Mit tollen HD Videos, DVDs und VHR Kopien wirst du sicherlich Spa\u00df haben und einige Zeit auf dieser Seite verbringen.<\/div>\n<\/div>\n<div class=\"tplblockprem\"><a href=\"https:\/\/www.u5394p15071.web0119.zxcs.nl\/de\/jav-porn-sites\/javzi\/\">javzi<\/a><br \/>\n<a href=\"https:\/\/www.u5394p15071.web0119.zxcs.nl\/de\/jav-porn-sites\/javzi\/\"><img decoding=\"async\" src=\"https:\/\/www.u5394p15071.web0119.zxcs.nl\/wp-content\/uploads\/2015\/08\/jpav.jpg\" alt=\"porn tubes\" \/><\/a><\/p>\n<div class=\"tplblockpremtxt\">Volles HD, zensierte und unzensierte Filme stehen f\u00fcr dich zum Download bereit! Geniesse diese begehrenswerten japanischen Models, Pornostars, M\u00e4dchen und Frauen und du wirst zur\u00fcckkehren um mehr zu bekommen.<\/div>\n<\/div>\n<div class=\"tplblockprem\"><a href=\"https:\/\/www.u5394p15071.web0119.zxcs.nl\/de\/jav-porn-sites\/surf2x\/\">surf2x<\/a><br \/>\n<a href=\"https:\/\/www.u5394p15071.web0119.zxcs.nl\/de\/jav-porn-sites\/surf2x\/\"><img decoding=\"async\" src=\"https:\/\/www.u5394p15071.web0119.zxcs.nl\/wp-content\/uploads\/2015\/08\/surf2x.jpg\" alt=\"porn tubes\" \/><\/a><\/p>\n<div class=\"tplblockpremtxt\">Die geilsten Videos von hei\u00dfen japanischen Girls mit allen Arten von Kategorien, von Amateur bis Pornostar, von lustig bis Shemale, alles f\u00fcr dich und dein luxuri\u00f6ses orgasmisches Vergn\u00fcgen.<\/div>\n<\/div>\n<div class=\"tplblockprem\"><a href=\"https:\/\/www.u5394p15071.web0119.zxcs.nl\/de\/jav-porn-sites\/redflava\/\">redflava<\/a><br \/>\n<a href=\"https:\/\/www.u5394p15071.web0119.zxcs.nl\/de\/jav-porn-sites\/redflava\/\"><img decoding=\"async\" src=\"https:\/\/www.u5394p15071.web0119.zxcs.nl\/wp-content\/uploads\/2015\/08\/redflava.jpg\" alt=\"porn tubes\" \/><\/a><\/p>\n<div class=\"tplblockpremtxt\">Regelm\u00e4\u00dfige Updates von hei\u00dfen sexy Bildern von japanischen, koreanischen und chinesischen Girls, die mit ihrem sexy K\u00f6rper posieren um deine langen N\u00e4chte mit Vergn\u00fcgen und erregendem Spa\u00df auszuf\u00fcllen.<\/div>\n<\/div>\n<div class=\"tplblockprem\"><a href=\"https:\/\/www.u5394p15071.web0119.zxcs.nl\/de\/jav-porn-sites\/theporngarage\/\">theporngarage<\/a><br \/>\n<a href=\"https:\/\/www.u5394p15071.web0119.zxcs.nl\/de\/jav-porn-sites\/theporngarage\/\"><img decoding=\"async\" src=\"https:\/\/www.u5394p15071.web0119.zxcs.nl\/wp-content\/uploads\/2015\/08\/theporngarage.jpg\" alt=\"porn tubes\" \/><\/a><\/p>\n<div class=\"tplblockpremtxt\">Sie glauben, dass unzensiert die beste Art an Pornos ist. Schau dir diese erstaunlichen und begehrenswerten unartigen Engel an und st\u00f6bere durch viele Kategorien um deinen Wunsch zu finden.<\/div>\n<\/div>\n<div class=\"tplblockprem\"><a href=\"https:\/\/www.u5394p15071.web0119.zxcs.nl\/de\/jav-porn-sites\/inlajav\/\">inlajav<\/a><br \/>\n<a href=\"https:\/\/www.u5394p15071.web0119.zxcs.nl\/de\/jav-porn-sites\/inlajav\/\"><img decoding=\"async\" src=\"https:\/\/www.u5394p15071.web0119.zxcs.nl\/wp-content\/uploads\/2015\/08\/inlajav.jpg\" alt=\"porn tubes\" \/><\/a><\/p>\n<div class=\"tplblockpremtxt\">Ein Blog, geschrieben auf japanisch, aber trotzdem wert, dass du ihn dir ansiehst und damit spielst. St\u00f6bere herum, finde wonach du suchst und er wird dir letztendlich geben was du dir w\u00fcnschst.<\/div>\n<\/div>\n<div class=\"tplblockprem\"><a href=\"https:\/\/www.u5394p15071.web0119.zxcs.nl\/de\/jav-porn-sites\/javpink\/\">javpink<\/a><br \/>\n<a href=\"https:\/\/www.u5394p15071.web0119.zxcs.nl\/de\/jav-porn-sites\/javpink\/\"><img decoding=\"async\" src=\"https:\/\/www.u5394p15071.web0119.zxcs.nl\/wp-content\/uploads\/2015\/08\/javpink.jpg\" alt=\"porn tubes\" \/><\/a><\/p>\n<div class=\"tplblockpremtxt\">Unzensierte hei\u00dfe japanische Filme, alle in einem Blog. Dieser Blog wird dir eine kurze visuelle Vorschau geben, wie jedes Videos aussieht f\u00fcr deinen Spa\u00df beim leichten und sexy Browsen.<\/div>\n<\/div>\n<div class=\"tplblockprem\"><a href=\"https:\/\/www.u5394p15071.web0119.zxcs.nl\/de\/jav-porn-sites\/porn191\/\">porn191<\/a><br \/>\n<a href=\"https:\/\/www.u5394p15071.web0119.zxcs.nl\/de\/jav-porn-sites\/porn191\/\"><img decoding=\"async\" src=\"https:\/\/www.u5394p15071.web0119.zxcs.nl\/wp-content\/uploads\/2015\/08\/porn191.jpg\" alt=\"porn tubes\" \/><\/a><\/p>\n<div class=\"tplblockpremtxt\">Ein Blog mit einer Bilder Vorschau von hei\u00dfen Videos mit japanischen Ludern, die ficken. Er hat viele Kategorien zum durchst\u00f6bern und er wird dein \u201ejapanisches\u201c Bed\u00fcrfnis befriedigen.<\/div>\n<\/div>\n<div class=\"tplblockprem\"><a href=\"https:\/\/www.u5394p15071.web0119.zxcs.nl\/de\/jav-porn-sites\/cosplaymegagirls\/\">cosplaymegagirls<\/a><br \/>\n<a href=\"https:\/\/www.u5394p15071.web0119.zxcs.nl\/de\/jav-porn-sites\/cosplaymegagirls\/\"><img decoding=\"async\" src=\"https:\/\/www.u5394p15071.web0119.zxcs.nl\/wp-content\/uploads\/2015\/08\/cosplaymegagirls.jpg\" alt=\"porn tubes\" \/><\/a><\/p>\n<div class=\"tplblockpremtxt\">Tolle Webseite mit vielen Cosplay Models die nur f\u00fcr deine Augen posieren. Dein Verlangen wird au\u00dferdem gestillt durch Nacktbilder und Cosplay Porno Videos von S\u00fc\u00dfen, die du anbeten wirst.<\/div>\n<\/div>\n<div class=\"tplblockprem\"><a href=\"https:\/\/www.u5394p15071.web0119.zxcs.nl\/de\/jav-porn-sites\/latestpornstar\/\">latestpornstar<\/a><br \/>\n<a href=\"https:\/\/www.u5394p15071.web0119.zxcs.nl\/de\/jav-porn-sites\/latestpornstar\/\"><img decoding=\"async\" src=\"https:\/\/www.u5394p15071.web0119.zxcs.nl\/wp-content\/uploads\/2015\/08\/latestpornstar.jpg\" alt=\"porn tubes\" \/><\/a><\/p>\n<div class=\"tplblockpremtxt\">latestpornstar.com zeigt dir die neuesten Pornostars ihrer Wahl, was mehr als genug ist um dein Bed\u00fcrfnis zu erf\u00fcllen japanische Action zu sehen und Spa\u00df auf diesem Blog zu haben.<\/div>\n<\/div>\n<div class=\"tplblockprem\"><a href=\"https:\/\/www.u5394p15071.web0119.zxcs.nl\/de\/jav-porn-sites\/asianpornmovies\/\">asianpornmovies<\/a><br \/>\n<a href=\"https:\/\/www.u5394p15071.web0119.zxcs.nl\/de\/jav-porn-sites\/asianpornmovies\/\"><img decoding=\"async\" src=\"https:\/\/www.u5394p15071.web0119.zxcs.nl\/wp-content\/uploads\/2015\/08\/asianpornmovies.jpg\" alt=\"porn tubes\" \/><\/a><\/p>\n<div class=\"tplblockpremtxt\">Das ist eine wirklich coole Webseite, die tolle und verlockende asiatische Porno Videos bietet und eine Menge an Kategorien zum ausw\u00e4hlen. Ein tolles Layout macht es leicht sich umzusehen.<\/div>\n<\/div>\n<div class=\"tplblockprem\"><a href=\"https:\/\/www.u5394p15071.web0119.zxcs.nl\/de\/jav-porn-sites\/javextreme\/\">javextreme<\/a><br \/>\n<a href=\"https:\/\/www.u5394p15071.web0119.zxcs.nl\/de\/jav-porn-sites\/javextreme\/\"><img decoding=\"async\" src=\"https:\/\/www.u5394p15071.web0119.zxcs.nl\/wp-content\/uploads\/2015\/08\/javextreme.jpg\" alt=\"porn tubes\" \/><\/a><\/p>\n<div class=\"tplblockpremtxt\">Nun diese Seite ist f\u00fcr die echten Liebhaber von Abartigem. Hier kannst du alle Arten von verdrehten und b\u00f6sen Sex Videos finden um deinen Wunsch nach abartigem Spa\u00df zu erf\u00fcllen.<\/div>\n<\/div>\n<div style=\"width: 100%; float: left; margin-left: auto; margin-right: auto; clear: both; z-index: 1;\">\n<p>&nbsp;<\/p>\n<p style=\"text-align: center;\"><span style=\"font-size: 40px; text-decoration: underline; font-style: normal; font-weight: bold; text-transform: uppercase; color: 6b70ff;\">Hier klicken, um die komplette porno liste <\/span><\/p>\n<\/div>\n","protected":false},"excerpt":{"rendered":"<p>Zur\u00fcck zur Startseite Jav porn JAV \u2013 Japanische Adult Videos sind auf dem Vormarsch Mit allen Fetischen, die wir haben, gibt es eine Billion und einen kleinen Unter-Fetisch, der in der Entwicklung ist. Danke Gott, dass es Nischen gibt um alle diese abgefahrenen Abartigen unter einem Dach zu halten ansonsten w\u00fcrden wir eine Menge Probleme <a href='https:\/\/www.thepornlist.net\/de\/jav-porn-sites\/' class='excerpt-more'>[&#8230;]<\/a><\/p>\n","protected":false},"author":1,"featured_media":0,"parent":0,"menu_order":0,"comment_status":"closed","ping_status":"closed","template":"11new-category-template.php","meta":{"_acf_changed":false,"footnotes":""},"tags":[],"acf":[],"aioseo_notices":[],"_links":{"self":[{"href":"https:\/\/www.thepornlist.net\/de\/wp-json\/wp\/v2\/pages\/9761"}],"collection":[{"href":"https:\/\/www.thepornlist.net\/de\/wp-json\/wp\/v2\/pages"}],"about":[{"href":"https:\/\/www.thepornlist.net\/de\/wp-json\/wp\/v2\/types\/page"}],"author":[{"embeddable":true,"href":"https:\/\/www.thepornlist.net\/de\/wp-json\/wp\/v2\/users\/1"}],"replies":[{"embeddable":true,"href":"https:\/\/www.thepornlist.net\/de\/wp-json\/wp\/v2\/comments?post=9761"}],"version-history":[{"count":0,"href":"https:\/\/www.thepornlist.net\/de\/wp-json\/wp\/v2\/pages\/9761\/revisions"}],"wp:attachment":[{"href":"https:\/\/www.thepornlist.net\/de\/wp-json\/wp\/v2\/media?parent=9761"}],"wp:term":[{"taxonomy":"post_tag","embeddable":true,"href":"https:\/\/www.thepornlist.net\/de\/wp-json\/wp\/v2\/tags?post=9761"}],"curies":[{"name":"wp","href":"https:\/\/api.w.org\/{rel}","templated":true}]}}