{"id":9775,"date":"2016-05-16T18:55:17","date_gmt":"2016-05-16T18:55:17","guid":{"rendered":"https:\/\/www.thepornlist.net\/de\/shesfreaky\/"},"modified":"2019-05-06T10:50:13","modified_gmt":"2019-05-06T10:50:13","slug":"shesfreaky","status":"publish","type":"page","link":"https:\/\/www.thepornlist.net\/de\/ebony-porn-sites\/shesfreaky\/","title":{"rendered":"shesfreaky.com"},"content":{"rendered":"<div class=\"pb\">\n<div class=\"hd\">\n<a href=\"https:\/\/www.thepornlist.net\/de\/\" base target=\"_self\">Zur\u00fcck zur Startseite<\/a>\n<\/div>\n<div class=\"hd2\">\n<span style=\"font-style:normal;font-weight:bold;\">Seitenbewertung<\/span>\n<\/div>\n<\/div>\n<div style=\"width:100%; margin-left:auto; margin-right:auto; clear:both;z-index:1; padding-top:5px; border-radius: 2px;\">\n<div class=\"reviewimg\">\n<p><a href=\"http:\/\/www.shesfreaky.com\/\" base target=\"_self\"><img decoding=\"async\" src=\"https:\/\/www.thepornlist.net\/wp-content\/uploads\/ebonyrev\/shesfreaky.jpg\" width=\"500\" height=\"500\" alt=\"Porn Tube\"><\/a><\/p>\n<\/div>\n<div class=\"reviewtitle\">\n<h1 style=\"font-family:Arial;font-size:56px;font-style:normal;font-weight:bold;color:#FF1F78;\">shesfreaky<\/h1>\n<\/div>\n<div class=\"reviewsub\">\n<h2 style=\"font-size:14px;font-style:normal;font-weight:bold;\">shesfreaky.com<\/H2>\n<\/div>\n<div class=\"reviewtext\">\n<span style=\"font-size:16px;font-style:normal;\">Sie ist abgefahren, wie ein Pornostar! Und sie wei\u00df es! Willkommen bei ShesFreaky.com, einer Porno Tube voller schwarzer Pornos und Ebony Clips, auf die du kostenlos zugreifen kannst, nur mit ein paar Klicks. Das Layout sieht angenehm aus und alles scheint ziemlich gut zu funktionieren.<\/br><\/p>\n<p>Die Seite beginnt mit der Navigationsleiste und die hat Schaltfl\u00e4chen wie Videos, Galerien, Kategorien und einige andere. Wenn wir \u00fcber Posts sprechen, haben wir einen Bereich mit beworbenen Videos und darunter wirst du die k\u00fcrzlich hinzugef\u00fcgten Clips sehen. Scrolle bis du das Men\u00fc erreichst, das dir erlaubt zwischen den Seiten zu browsen oder bis du die Beschreibung lesen kannst, die sie zeigen:\u201c Unsere Seite ist allen Liebhabern von selbstgedrehten schwarzen Pornos da drau\u00dfen gewidmet. Shesfreaky bittet dir tonnenweise von Usern hochgeladenen Porno Videos von hei\u00dfen Ebony Selbstfilmern, Bilder von Nachbarinnen und sexy Latinas mit runden \u00c4rschen. Du findest Sex Clips in denen allt\u00e4gliche paare im Mittelpunkt stehen, nicht die gleichen alten Porno Videos, bei denen angemalte Models mit falschen Titten mitspielen. Egal ob du abgefahrene Lesben beim Muschi lecken und beim aneinander reiben der Muschis sehen willst geile Teens \u00fcber 18 beim Solosex oder interracial Paare, die es miteinander treiben \u2013 all das ist hier auf ShesFreaky.com und alles 100% kostenlos!\u201c Besuche Shesfreaky und genie\u00dfe all diese Ebony Pornos.<br \/>\n<\/span>\n<\/div>\n<div class=\"reviewsiteurl\">\n<a href=\"http:\/\/www.shesfreaky.com\/\" base target=\"_self\"><span style=\"font-size:32px;font-style:normal;font-weight:bold;text-decoration:underline;\">Hier klicken, um die webseite zu besuchen <\/span><\/a>\n<\/div>\n<\/div>\n","protected":false},"excerpt":{"rendered":"<p>Zur\u00fcck zur Startseite Seitenbewertung shesfreaky shesfreaky.com Sie ist abgefahren, wie ein Pornostar! Und sie wei\u00df es! Willkommen bei ShesFreaky.com, einer Porno Tube voller schwarzer Pornos und Ebony Clips, auf die du kostenlos zugreifen kannst, nur mit ein paar Klicks. Das Layout sieht angenehm aus und alles scheint ziemlich gut zu funktionieren. Die Seite beginnt mit <a href='https:\/\/www.thepornlist.net\/de\/ebony-porn-sites\/shesfreaky\/' class='excerpt-more'>[&#8230;]<\/a><\/p>\n","protected":false},"author":1,"featured_media":0,"parent":9777,"menu_order":15850,"comment_status":"closed","ping_status":"closed","template":"0-autofill-tpl-template.php","meta":{"_acf_changed":false,"footnotes":""},"tags":[],"acf":[],"aioseo_notices":[],"_links":{"self":[{"href":"https:\/\/www.thepornlist.net\/de\/wp-json\/wp\/v2\/pages\/9775"}],"collection":[{"href":"https:\/\/www.thepornlist.net\/de\/wp-json\/wp\/v2\/pages"}],"about":[{"href":"https:\/\/www.thepornlist.net\/de\/wp-json\/wp\/v2\/types\/page"}],"author":[{"embeddable":true,"href":"https:\/\/www.thepornlist.net\/de\/wp-json\/wp\/v2\/users\/1"}],"replies":[{"embeddable":true,"href":"https:\/\/www.thepornlist.net\/de\/wp-json\/wp\/v2\/comments?post=9775"}],"version-history":[{"count":0,"href":"https:\/\/www.thepornlist.net\/de\/wp-json\/wp\/v2\/pages\/9775\/revisions"}],"up":[{"embeddable":true,"href":"https:\/\/www.thepornlist.net\/de\/wp-json\/wp\/v2\/pages\/9777"}],"wp:attachment":[{"href":"https:\/\/www.thepornlist.net\/de\/wp-json\/wp\/v2\/media?parent=9775"}],"wp:term":[{"taxonomy":"post_tag","embeddable":true,"href":"https:\/\/www.thepornlist.net\/de\/wp-json\/wp\/v2\/tags?post=9775"}],"curies":[{"name":"wp","href":"https:\/\/api.w.org\/{rel}","templated":true}]}}