{"id":9777,"date":"2016-05-16T14:58:56","date_gmt":"2016-05-16T14:58:56","guid":{"rendered":"https:\/\/www.thepornlist.net\/de\/ebony-porn-sites\/"},"modified":"2026-01-15T12:07:06","modified_gmt":"2026-01-15T12:07:06","slug":"ebony-porn-sites","status":"publish","type":"page","link":"https:\/\/www.thepornlist.net\/de\/ebony-porn-sites\/","title":{"rendered":"Ebony Pornoseiten"},"content":{"rendered":"<div class=\"pb\">\n<div class=\"hd\">\n<a href=\"https:\/\/www.thepornlist.net\/de\/\" base target=\"_self\" rel=\"noopener\">Zur\u00fcck zur Startseite<\/a>\n<\/div>\n<div class=\"hd2\">\n<span style=\"font-style:normal;font-weight:bold;\">Top Ebony Pornoseiten<\/span>\n<\/div>\n<\/div>\n<div class=\"catblock\">\n<div class=\"cattxtnew\">\n<h2>Knisternd hei\u00dfer Ghetto Arsch bedeutet nur eine Sache!<\/h2>\n<p>Diese Schlampen sind verdammt verr\u00fcckt und sie alle lieben es zu rammeln wie Karnickel. Sie sind dunkel, sie sind s\u00fc\u00df wie Schokolade und sie sind feucht bei dem Wunsch in ihre Fotzen gefickt zu werden. Ebony Babes sind so knackig und so kurvig, dass es keinen Mann auf der Welt gibt, der ihrem Charme widerstehen kann. Die Art wie sie mit diesen \u00c4rschen wackeln und die Art, wie sie Schw\u00e4nze blasen ist etwas, das nicht einmal Psychologen ganz verstehen k\u00f6nnen. F\u00fcr alle von euch da drau\u00dfen, die Fans von gro\u00dfen schwarzen \u00c4rschen, vom Arsch wackeln und vom Schwanz blasen sind, das genauso schlampig wie unanst\u00e4ndig ist, haben wir eine Liste gemacht mit all diesen Seiten hier, von denen wir meinen, dass sie einige der besten Pornos mit schwarzen Frauen liefern, die es da drau\u00dfen gibt. Einige dieser Seiten sind Premium Seiten, sie liefern Inhalte, die exklusiv und geil sind und dann sind da noch die einfachen Amateur Seiten, die trotzdem voller Schweinkram und Sauereien sind und sie sind alle das, wof\u00fcr du sie h\u00e4ltst. Schwarze Frauen werden doggy style geknallt und gefickt von Kerlen, die gl\u00fccklich sind dass sie solch sch\u00f6ne Vorz\u00fcge ficken k\u00f6nnen.<\/p>\n<h2>Wackele mit dem Hintern, alles geht um den Arsch Baby<\/h2>\n<p>Diese Girls lieben es, wenn sie Schlampen und Flittchen genannt werden. Das ist eine kulturelle Sache, eine gegen die wir keine Argumente haben und das wollen wir auch gar nicht. Wenn sie Nutten und Flittchen sein wollen, soll es so sein. Wir ermutigen solche Verhaltensweisen immer, seien wir ehrlich, wir sind im Porno Gesch\u00e4ft. Aber ihr, die Fans, ihr liebt das auch denn schwarze Frauen wurden gezeichnet als dick\u00e4rschige Frauen, die Pimmel lutschen k\u00f6nnen, die es lieben wirklich hart gefickt zu werden und alle der unten stehenden Seiten zeigen genau diese Szenarien, die wir gerade erl\u00e4utert haben. Das ist der Lauf der Dinge. Wir sagen nicht, dass es okay ist aber wir sagen, dass es verdammt sexy ist! Davon abgesehen, stelle sicher, dass du dir alle der Seiten, die auf der Liste stehen, anschaust denn sie tafeln alle etwas Neues auf. Alle von ihnen haben ein verschiedenes Aroma aber sie sind alle k\u00f6stlich. Nimm einen Bissen, gehe zur n\u00e4chsten und finde heraus welche dir besser schmeckt. Euer Geschmack Jungs, wird belohnt werden. <\/p>\n<h2>Diese runden \u00c4rsche und Titten, die du gerne selbst h\u00e4ttest<\/h2>\n<p>Schwarze Frauen in Pornos sind immer ein bisschen wilder als wei\u00dfe Luder. Sie haben eine bestimmte Art mit dem Schwanz umzugehen und es scheint als w\u00e4ren sie geiler als der Rest. Darum lieben wir es sie ficken zu sehen. Wenn wir dann noch den Arsch und die Kurven, die sie haben, zur Mischung hinzuf\u00fcgen und den versauten Mund, den sie haben wenn sie gefickt werden, dann ist das ein ganzes Szenario, ein perfektes Szenario f\u00fcr dich in einem 6 Minuten Clip dargestellt. Darum erscheinen sie so exotisch und so verdammt verlockend. Wenn du einen schwarzen Schwanz zur ganzen Sache dazu gibst, das ist explosiv aber wir sprechen nicht \u00fcber M\u00e4nner in diesem Bereich, auch wenn du du bei manchen der Seiten auch diesen Geschmack entwickeln k\u00f6nntest, wenn es das ist, was deinen Hintern reizt, Pardon, deine Fantasie nat\u00fcrlich! Leg los, und gib den Schlampen eine Chance. Du hast noch nie vorher eine schwarze Schlampe gefickt? Dann ist hier deine Chance zu sehen, was was ist und warum du ausgehen, eine schwarze Ebony finden und ihr einen Ritt geben solltest. Sie leben es, sie brauchen es, sie lechzen danach!<\/p>\n<h2>Vollbusige schwarze Nutten w\u00fcrden deinen Schwanz abbei\u00dfen wenn sie die Chance h\u00e4tten<\/h2>\n<p>Es ist besser sich auf diese Weise anzusehen wie ein Ghetto Hintern aussieht. Um ehrlich zu sein, sind die Videos, die du auf allen dieser Seiten sehen wirst, wirklich grob und unanst\u00e4ndig. Einige der schwarzen Babes sind tats\u00e4chlich so geil. Sie sind alle woll\u00fcstig, das wissen wir alle, und sie sind abh\u00e4ngig von Schw\u00e4nzen. Schau dir einige der Seiten wie wie Blackgfs zum Beispiel. Diese Ladies sind alle Profis bei dem was sie tun und sieh sie dir an. Sie sehen aus als ob sie ihr Leben lang Arsch Proteine gegessen h\u00e4tten. Kannst du dir vorstellen, wie es w\u00e4re, deinen Schwanz in eine dieser Muschis zu stecken? Die W\u00e4rme und die Feuchtigkeit kombiniert mit der Weichheit an deinem Schwanz? Dann dr\u00fccken sie mit ihren Muskeln deinen Schwanz sogar noch fester. Junge, das ist der Himmel und das ist genau das, was diese Seiten zu bieten haben. Die Videos sind fan-fucking-tastisch, wenn du das nicht sehen kannst, hast du ein Problem, mein Herr. Diese Seiten k\u00f6nnten nicht besser sein und deswegen stellen wir sie dir vor. Schau sie dir an, geniesse sie, genug ist genug!\n<\/p><\/div>\n<\/div>\n<div class=\"tplblockprem\">\n<a href=\"http:\/\/www.blackgfs.com\/main.htm?id=thepornlist\" rel=\"nofollow\">Blackgfs<\/a><br \/>\n<a href=\"http:\/\/www.blackgfs.com\/main.htm?id=thepornlist\" rel=\"nofollow\"><img decoding=\"async\" src=\"https:\/\/www.thepornlist.net\/wp-content\/uploads\/ebonysub\/blackgfs.jpg\" alt=\"blackgfs\"><\/a> <\/p>\n<div class=\"tplblockpremtxt\">blackgfs.com sucht wirklich die Besten der Besten umwerfenden schwarzen Schlampen aus, die wundersch\u00f6n ficken. Viele Kategorien und Pornostars zum ausw\u00e4hlen ist genug um diese Webseite an die Spitze zu stellen. <\/div>\n<\/div>\n<div class=\"tplblockprem\">\n<a href=\"http:\/\/join.teenyblack.com\/track\/MTU1MzIuMi4zNC4zNC4yOC4wLjAuMC4w\" rel=\"nofollow\">Teenyblack<\/a><br \/>\n<a href=\"http:\/\/join.teenyblack.com\/track\/MTU1MzIuMi4zNC4zNC4yOC4wLjAuMC4w\" rel=\"nofollow\"><img decoding=\"async\" src=\"https:\/\/www.thepornlist.net\/wp-content\/uploads\/2016\/05\/teenyblack.jpg\" alt=\"teenyblack\"><\/a> <\/p>\n<div class=\"tplblockpremtxt\">Teenyblack.com ist dein Zuhause f\u00fcr hei\u00dfe Ebony Teen Pornos mit den hei\u00dfesten schwarzen Teens in hardcore HD Pornos. Diese Webseite ist eine unserer Top Auswahlen.<\/div>\n<\/div>\n<div class=\"tplblockprem\">\n<a href=\"http:\/\/www.roundandbrown.com\/landing\/4\/home\/?ats=eyJhIjo5NzI2LCJjIjo0NzYwNzEwNiwibiI6MjAsInMiOjMwMiwiZSI6NzQzNywicCI6MTF9\" rel=\"nofollow\">Roundandbrown<\/a><br \/>\n<a href=\"http:\/\/www.roundandbrown.com\/landing\/4\/home\/?ats=eyJhIjo5NzI2LCJjIjo0NzYwNzEwNiwibiI6MjAsInMiOjMwMiwiZSI6NzQzNywicCI6MTF9\" rel=\"nofollow\"><img decoding=\"async\" src=\"https:\/\/www.thepornlist.net\/wp-content\/uploads\/ebonysub\/roundandbrown.jpg\" alt=\"roundandbrown\"><\/a> <\/p>\n<div class=\"tplblockpremtxt\">Roundandbrown ist einfach nur fantastisch. Von dem Moment an, in dem du die Seite betrittst, wirst du umgehauen von einigen vertr\u00e4umten, k\u00f6stlichen schwarzen Pornostars, die die Verantwortlichen f\u00fcr deine zuk\u00fcnftigen schwarzen Sex Tr\u00e4ume sind. <\/div>\n<\/div>\n<div class=\"tplblockprem\">\n<a href=\"http:\/\/www.brownbunnies.com\/t1\/pps=thepornlist\/\" rel=\"nofollow\">brownbunnies<\/a><br \/>\n<a href=\"http:\/\/www.brownbunnies.com\/t1\/pps=thepornlist\/\" rel=\"nofollow\"><img decoding=\"async\" src=\"https:\/\/www.thepornlist.net\/wp-content\/uploads\/ebonysub\/brownbunnies.jpg\" alt=\"Brownbunnies\"><\/a> <\/p>\n<div class=\"tplblockpremtxt\">Brown bunnies ist was du willst und erstaunliche vollbusige schwarze Nutten, die ficken, ist was du bekommst. Videos von Top Qualit\u00e4t und Pornostars garantieren, dass du den intensivsten Orgasmus jemals bekommen wirst.<\/div>\n<\/div>\n<div class=\"tplblockprem\">\n<a href=\"http:\/\/wct.link\/click?c=eyJhIjoxNTAyNywibyI6MTQsInAiOjJ9\" rel=\"nofollow\">myebonygf<\/a><br \/>\n<a href=\"http:\/\/wct.link\/click?c=eyJhIjoxNTAyNywibyI6MTQsInAiOjJ9\" rel=\"nofollow\"><img decoding=\"async\" src=\"https:\/\/www.thepornlist.net\/wp-content\/uploads\/ebonysub\/myebonygf.jpg\" alt=\"myebonygf\"><\/a> <\/p>\n<div class=\"tplblockpremtxt\">Suchst du nach Pornostars, schwarz wie die Nacht, die auf alle Arten ficken? Such nicht weiter, den hier kannst du einige Videos finden, die dir den Mund w\u00e4ssrig machen und die bereit zum downloaden und zum streamen sind. <\/div>\n<\/div>\n<div class=\"tplblockprem\">\n<a href=\"https:\/\/www.thepornlist.net\/de\/porn-tube-sites\/porn\/\">porn<\/a><br \/>\n<a href=\"https:\/\/www.thepornlist.net\/de\/porn-tube-sites\/porn\/\"><img decoding=\"async\" src=\"https:\/\/www.thepornlist.net\/wp-content\/uploads\/ebonysub\/porn.jpg\" alt=\"porn\"><\/a> <\/p>\n<div class=\"tplblockpremtxt\">Porn.com ist ein Klassiker. An diese Domain kannst du dich leicht erinnern und sp\u00e4ter zur\u00fcck kommen um alle Arten von Sex Videos und Sex Kategorien zu finden, die du magst.<\/div>\n<\/div>\n<div class=\"tplblockprem\">\n<a href=\"https:\/\/www.thepornlist.net\/de\/ebony-porn-sites\/shesfreaky\/\">shesfreaky<\/a><br \/>\n<a href=\"https:\/\/www.thepornlist.net\/de\/ebony-porn-sites\/shesfreaky\/\"><img decoding=\"async\" src=\"https:\/\/www.thepornlist.net\/wp-content\/uploads\/ebonysub\/shesfreaky.jpg\" alt=\"shesfreaky\"><\/a> <\/p>\n<div class=\"tplblockpremtxt\">Und sie wei\u00df es. Jedes verlockende schwarze Girl, das hier gezeigt wird ist f\u00fcr dich da damit du erstklassige Ficks, Reiten und Schwanz blasen zu sehen bekommst, das du nirgendwo anders finden wirst.<\/div>\n<\/div>\n<div class=\"tplblockprem\">\n<a href=\"https:\/\/www.thepornlist.net\/de\/porn-tube-sites\/hoodamateurs\/\">hoodamateurs<\/a><br \/>\n<a href=\"https:\/\/www.thepornlist.net\/de\/porn-tube-sites\/hoodamateurs\/\"><img decoding=\"async\" src=\"https:\/\/www.thepornlist.net\/wp-content\/uploads\/ebonysub\/hoodamateurs.jpg\" alt=\"hoodamateurs\"><\/a> <\/p>\n<div class=\"tplblockpremtxt\">Diese schwarzen Nutten ficken meistens einige Typen aus dem Viertel und sie m\u00f6gen es dabei gefilmt zu werden und dir zu zeigen wie gut sie ihre Arsch auf dem Schwanz h\u00fcpfen lassen k\u00f6nnen.<\/div>\n<\/div>\n<div class=\"tplblockprem\">\n<a href=\"https:\/\/www.thepornlist.net\/de\/ebony-porn-sites\/blackz\/\">blackz<\/a><br \/>\n<a href=\"https:\/\/www.thepornlist.net\/de\/ebony-porn-sites\/blackz\/\"><img decoding=\"async\" src=\"https:\/\/www.thepornlist.net\/wp-content\/uploads\/ebonysub\/blackz.jpg\" alt=\"blackz\"><\/a> <\/p>\n<div class=\"tplblockpremtxt\">Diese Webseite mit meist schwarzen Girls wird zu deinem Tempel der Lust werden. Mit tollen Kan\u00e4len zum ausw\u00e4hlen, ficken, spritzen, reiten, blasen und noch viel mehr wird mit Klasse pr\u00e4sentiert.<\/div>\n<\/div>\n<div class=\"tplblockprem\">\n<a href=\"https:\/\/www.thepornlist.net\/de\/ebony-porn-sites\/naijaporntube\/\">naijaporntube<\/a><br \/>\n<a href=\"https:\/\/www.thepornlist.net\/de\/ebony-porn-sites\/naijaporntube\/\"><img decoding=\"async\" src=\"https:\/\/www.thepornlist.net\/wp-content\/uploads\/ebonysub\/naijaporntube.jpg\" alt=\"naijaporntube\"><\/a> <\/p>\n<div class=\"tplblockpremtxt\">Du betrittst die Welt einiger geiler schwarzer Leute, die es lieben zu ficken. F\u00fchle dich frei durch die vielen Videos zu suchen um zu finden was dir gef\u00e4llt und deine eigenen hochzuladen.<\/div>\n<\/div>\n<div class=\"tplblockprem\">\n<a href=\"https:\/\/www.thepornlist.net\/de\/porn-tube-sites\/eporner\/\">eporner<\/a><br \/>\n<a href=\"https:\/\/www.thepornlist.net\/de\/porn-tube-sites\/eporner\/\"><img decoding=\"async\" src=\"https:\/\/www.thepornlist.net\/wp-content\/uploads\/ebonysub\/eporner.jpg\" alt=\"eporner\"><\/a> <\/p>\n<div class=\"tplblockpremtxt\">Eporner.com wird dir qualitativ hochwertige 1080  Porno Videos zeigen, die erstaunlich sind. Die Videos sind zum kostenlosen downloaden und es gibt viele Kategorien zum ausw\u00e4hlen. Diese Seite wird dir gefallen.<\/div>\n<\/div>\n<div class=\"tplblockprem\">\n<a href=\"https:\/\/www.thepornlist.net\/de\/porn-tube-sites\/xhamster\/\">xhamster<\/a><br \/>\n<a href=\"https:\/\/www.thepornlist.net\/de\/porn-tube-sites\/xhamster\/\"><img decoding=\"async\" src=\"https:\/\/www.thepornlist.net\/wp-content\/uploads\/ebonysub\/xhamster.jpg\" alt=\"xhamster\"><\/a> <\/p>\n<div class=\"tplblockpremtxt\">Das gut bekannte Xhamster bringt dir t\u00e4glich die besten Pornos. Eine der \u00e4ltesten Seiten mit dem gr\u00f6\u00dften Archiv aller Arten von Fickvideos zum ausw\u00e4hlen und um sie woll\u00fcstig zu geniessen.<\/div>\n<\/div>\n<div class=\"tplblockprem\">\n<a href=\"https:\/\/www.thepornlist.net\/de\/ebony-porn-sites\/shegotass\/\">shegotass<\/a><br \/>\n<a href=\"https:\/\/www.thepornlist.net\/de\/ebony-porn-sites\/shegotass\/\"><img decoding=\"async\" src=\"https:\/\/www.thepornlist.net\/wp-content\/uploads\/ebonysub\/shegotass.jpg\" alt=\"shegotass\"><\/a> <\/p>\n<div class=\"tplblockpremtxt\">Shegotass.info ist denjenigen gewidmet die einige verlockende schwarze \u00c4rsche sehen wollen. Mit dem regelm\u00e4\u00dfigen Update wirst du keinen Mangel an Videos haben, die du dir anschauen kannst.<\/div>\n<\/div>\n<div class=\"tplblockprem\">\n<a href=\"https:\/\/www.thepornlist.net\/de\/ebony-porn-sites\/ghettotube\/\">ghettotube<\/a><br \/>\n<a href=\"https:\/\/www.thepornlist.net\/de\/ebony-porn-sites\/ghettotube\/\"><img decoding=\"async\" src=\"https:\/\/www.thepornlist.net\/wp-content\/uploads\/ebonysub\/ghettotube.jpg\" alt=\"ghettotube\"><\/a> <\/p>\n<div class=\"tplblockpremtxt\">Schlampen aus dem Ghetto kommen direkt von der Stra\u00dfe zu den Porno Videos. Alle Arte von unanst\u00e4ndigem Zeug passiert hier und du solltest es dir wirklich anschauen.<\/div>\n<\/div>\n<div style=\"width:100%; Float:left; line-height:250%; margin-left:auto; margin-right:auto; clear:both;z-index:1;\">\n<p><a href=\"https:\/\/www.thepornlist.net\/de\/\" base target=\"_self\" rel=\"noopener\"><\/p>\n<p style=\"text-align:center;\"><span style=\"font-size:40px;text-decoration:underline;font-style:normal;font-weight:bold;text-transform:uppercase;color:6B70FF;\">Hier klicken, um die komplette porno liste <\/span><\/a><\/p>\n<\/div>\n","protected":false},"excerpt":{"rendered":"<p>Zur\u00fcck zur Startseite Top Ebony Pornoseiten Knisternd hei\u00dfer Ghetto Arsch bedeutet nur eine Sache! Diese Schlampen sind verdammt verr\u00fcckt und sie alle lieben es zu rammeln wie Karnickel. Sie sind dunkel, sie sind s\u00fc\u00df wie Schokolade und sie sind feucht bei dem Wunsch in ihre Fotzen gefickt zu werden. Ebony Babes sind so knackig und <a href='https:\/\/www.thepornlist.net\/de\/ebony-porn-sites\/' class='excerpt-more'>[&#8230;]<\/a><\/p>\n","protected":false},"author":1,"featured_media":0,"parent":0,"menu_order":0,"comment_status":"closed","ping_status":"closed","template":"11new-category-template.php","meta":{"_acf_changed":false,"footnotes":""},"tags":[],"acf":[],"aioseo_notices":[],"_links":{"self":[{"href":"https:\/\/www.thepornlist.net\/de\/wp-json\/wp\/v2\/pages\/9777"}],"collection":[{"href":"https:\/\/www.thepornlist.net\/de\/wp-json\/wp\/v2\/pages"}],"about":[{"href":"https:\/\/www.thepornlist.net\/de\/wp-json\/wp\/v2\/types\/page"}],"author":[{"embeddable":true,"href":"https:\/\/www.thepornlist.net\/de\/wp-json\/wp\/v2\/users\/1"}],"replies":[{"embeddable":true,"href":"https:\/\/www.thepornlist.net\/de\/wp-json\/wp\/v2\/comments?post=9777"}],"version-history":[{"count":2,"href":"https:\/\/www.thepornlist.net\/de\/wp-json\/wp\/v2\/pages\/9777\/revisions"}],"predecessor-version":[{"id":258777,"href":"https:\/\/www.thepornlist.net\/de\/wp-json\/wp\/v2\/pages\/9777\/revisions\/258777"}],"wp:attachment":[{"href":"https:\/\/www.thepornlist.net\/de\/wp-json\/wp\/v2\/media?parent=9777"}],"wp:term":[{"taxonomy":"post_tag","embeddable":true,"href":"https:\/\/www.thepornlist.net\/de\/wp-json\/wp\/v2\/tags?post=9777"}],"curies":[{"name":"wp","href":"https:\/\/api.w.org\/{rel}","templated":true}]}}