{"id":9787,"date":"2016-05-19T12:44:02","date_gmt":"2016-05-19T12:44:02","guid":{"rendered":"https:\/\/www.thepornlist.net\/de\/thepiratebay\/"},"modified":"2022-06-30T10:18:27","modified_gmt":"2022-06-30T10:18:27","slug":"thepiratebay","status":"publish","type":"page","link":"https:\/\/www.thepornlist.net\/de\/porn-torrent-sites\/thepiratebay\/","title":{"rendered":"thepiratebay.org"},"content":{"rendered":"<div class=\"pb\">\n<div class=\"hd\">\n<a href=\"https:\/\/www.thepornlist.net\/de\/\" base target=\"_self\" rel=\"noopener noreferrer\">Zur\u00fcck zur Startseite<\/a>\n<\/div>\n<div class=\"hd2\">\n<span style=\"font-style:normal;font-weight:bold;\">Seitenbewertung<\/span>\n<\/div>\n<\/div>\n<div style=\"width:100%; margin-left:auto; margin-right:auto; clear:both;z-index:1; padding-top:5px; border-radius: 2px;\">\n<div class=\"reviewimg\">\n<p><a href=\"https:\/\/thepiratebay.org\/browse\/500\" base target=\"_self\" rel=\"noopener noreferrer\"><img decoding=\"async\" src=\"https:\/\/www.thepornlist.net\/wp-content\/uploads\/torrentrev\/thepiratebay.jpg\" width=\"500\" height=\"500\" alt=\"Porn Tube\"><\/a><\/p>\n<\/div>\n<div class=\"reviewtitle\">\n<h1 style=\"font-family:Arial;font-size:56px;font-style:normal;font-weight:bold;color:#FF1F78;\">thepiratebay<\/h1>\n<\/div>\n<div class=\"reviewsub\">\n<h2 style=\"font-size:14px;font-style:normal;font-weight:bold;\">thepiratebay.org<\/H2>\n<\/div>\n<div class=\"reviewtext\">\n<span style=\"font-size:16px;font-style:normal;\">ThePirateBay muss nicht vorgestellt werden. Wir alle wissen, was dieser Ort ist und wir alle haben ihn zuvor schon verwendet. Wir kennen auch die Geschichten von ihm und wir haben diesen Namen in den Nachrichten geh\u00f6rt. Nun, wen interessiert es schon welche Gesetze sie brechen wenn sie gutes Zeug liefern? Es ist nicht unser Problem wie sie das tun, so lange sie es tun. Willkommen bei ThePirateBay, ohne jeden Zweifel die gr\u00f6\u00dfte Torrent Plattform, die du je gesehen hast.<\/br><\/p>\n<p>Sie ist nicht extra f\u00fcr Pornos gemacht worden aber sie wird dir jede Menge davon liefern. TBP teilt alle Arten von Inhalten, von Musik zu Dokumentationen und von Filmen hin zu Unterhaltung f\u00fcr Erwachsene. Alles was du tun musst, ist die Suchbegriffe in den Kasten mit der Suchfunktion einzugeben und auf enter zu dr\u00fccken. Du kannst sogar eine Feinabstimmung bei deinen Suchen vornehmen indem du die Art des Inhalts, die du in deinen Ergebnissen bekommen m\u00f6chtest, festlegst: Audio, Video, Anwendungen, Spiel und (\u00dcberraschung, \u00dcberraschung!) Pornos. Andere z\u00e4hlen nicht! Sei ein guter Sportsmann und s\u00e4e den Torrent, den du heruntergeladen hast damit auch andere diesen Film genie\u00dfen k\u00f6nnen.<\/br><\/p>\n<p>Wenn du meine Meinung lesen willst, solltest du ThePirateBay wirklich besuchen. Setze schnell ein Lesezeichen und verwende es denn das ist ein Ort an dem du wirklich sein solltest!<br \/>\n<\/span>\n<\/div>\n<div class=\"reviewsiteurl\">\n<a href=\"https:\/\/thepiratebay.org\/browse\/500\" base target=\"_self\" rel=\"noopener noreferrer\"><span style=\"font-size:32px;font-style:normal;font-weight:bold;text-decoration:underline;\">Hier klicken, um die webseite zu besuchen <\/span><\/a>\n<\/div>\n<\/div>\n","protected":false},"excerpt":{"rendered":"<p>Zur\u00fcck zur Startseite Seitenbewertung thepiratebay thepiratebay.org ThePirateBay muss nicht vorgestellt werden. Wir alle wissen, was dieser Ort ist und wir alle haben ihn zuvor schon verwendet. Wir kennen auch die Geschichten von ihm und wir haben diesen Namen in den Nachrichten geh\u00f6rt. Nun, wen interessiert es schon welche Gesetze sie brechen wenn sie gutes Zeug <a href='https:\/\/www.thepornlist.net\/de\/porn-torrent-sites\/thepiratebay\/' class='excerpt-more'>[&#8230;]<\/a><\/p>\n","protected":false},"author":1,"featured_media":0,"parent":9816,"menu_order":16230,"comment_status":"closed","ping_status":"closed","template":"0-autofill-tpl-template.php","meta":{"_acf_changed":false,"footnotes":""},"tags":[],"acf":[],"aioseo_notices":[],"_links":{"self":[{"href":"https:\/\/www.thepornlist.net\/de\/wp-json\/wp\/v2\/pages\/9787"}],"collection":[{"href":"https:\/\/www.thepornlist.net\/de\/wp-json\/wp\/v2\/pages"}],"about":[{"href":"https:\/\/www.thepornlist.net\/de\/wp-json\/wp\/v2\/types\/page"}],"author":[{"embeddable":true,"href":"https:\/\/www.thepornlist.net\/de\/wp-json\/wp\/v2\/users\/1"}],"replies":[{"embeddable":true,"href":"https:\/\/www.thepornlist.net\/de\/wp-json\/wp\/v2\/comments?post=9787"}],"version-history":[{"count":0,"href":"https:\/\/www.thepornlist.net\/de\/wp-json\/wp\/v2\/pages\/9787\/revisions"}],"up":[{"embeddable":true,"href":"https:\/\/www.thepornlist.net\/de\/wp-json\/wp\/v2\/pages\/9816"}],"wp:attachment":[{"href":"https:\/\/www.thepornlist.net\/de\/wp-json\/wp\/v2\/media?parent=9787"}],"wp:term":[{"taxonomy":"post_tag","embeddable":true,"href":"https:\/\/www.thepornlist.net\/de\/wp-json\/wp\/v2\/tags?post=9787"}],"curies":[{"name":"wp","href":"https:\/\/api.w.org\/{rel}","templated":true}]}}