{"id":9789,"date":"2016-05-19T12:43:58","date_gmt":"2016-05-19T12:43:58","guid":{"rendered":"https:\/\/www.thepornlist.net\/de\/pornbay\/"},"modified":"2019-05-06T13:24:11","modified_gmt":"2019-05-06T13:24:11","slug":"pornbay","status":"publish","type":"page","link":"https:\/\/www.thepornlist.net\/de\/porn-torrent-sites\/pornbay\/","title":{"rendered":"pornbay.org"},"content":{"rendered":"<div class=\"pb\">\n<div class=\"hd\">\n<a href=\"https:\/\/www.thepornlist.net\/de\/\" base target=\"_self\">Zur\u00fcck zur Startseite<\/a>\n<\/div>\n<div class=\"hd2\">\n<span style=\"font-style:normal;font-weight:bold;\">Seitenbewertung<\/span>\n<\/div>\n<\/div>\n<div style=\"width:100%; margin-left:auto; margin-right:auto; clear:both;z-index:1; padding-top:5px; border-radius: 2px;\">\n<div class=\"reviewimg\">\n<p><a href=\"https:\/\/pornbay.org\/\" base target=\"_self\"><img decoding=\"async\" src=\"https:\/\/www.thepornlist.net\/wp-content\/uploads\/torrentrev\/pornbay.jpg\" width=\"500\" height=\"500\" alt=\"Porn Tube\"><\/a><\/p>\n<\/div>\n<div class=\"reviewtitle\">\n<h1 style=\"font-family:Arial;font-size:56px;font-style:normal;font-weight:bold;color:#FF1F78;\">pornbay<\/h1>\n<\/div>\n<div class=\"reviewsub\">\n<h2 style=\"font-size:14px;font-style:normal;font-weight:bold;\">pornbay.org<\/H2>\n<\/div>\n<div class=\"reviewtext\">\n<span style=\"font-size:16px;font-style:normal;\">PornBay.org ist noch eine andere Porno Torrent Plattform, mit einem kleinen Unterschied. Diese Seite arbeitet nicht mit Einladungen sondern mit regul\u00e4ren Anmeldungen. Das bedeutet, dass du beim Betreten hier nichts anderes hast als das Logos und die Schaltfl\u00e4chen f\u00fcrs Einloggen und zum anmelden. Nutze sie schnell zum betreten denn du wirst keinen einzigen neuen Torrent verpassen wollen, der hier einen Platz gefunden hat.<\/br><\/p>\n<p>Willkommen bei PornBay.org, einem gro\u00dfen Porno Torrent Tracker bei dem du eine Menge an Inhalten von ber\u00fchmten Studios finden wirst, genauso wie Inhalte die von Amateuren gemacht wurden. Wenn du Bilder willst, bekommst du sie, wenn du Clips willst, mach weiter und lade sie herunter und wenn du Filme in voller L\u00e4nge willst, tu dir keinen Zwang an. Vergiss nicht, dass du einen Client brauchen wirst, der dir helfen wird die Materialien von diesen Torrents herunterzuladen denn ohne einen Client gibt es nicht viel, was du tun kannst. Aber es kostet nichts einen Client in die Finger zu bekommen und es kann in ein paar Sekunden erledigt sein. Wenn du nicht wei\u00dft, was ich meine, verwende Google um ein Tutorial zu finden und lies es.<\/br> <\/p>\n<p>Es gibt sonst nichts weiter \u00fcber PornBay.org zu sagen. Alles, was du jetzt noch tun musst, ist dir einen Account anzulegen.<br \/>\n<\/span>\n<\/div>\n<div class=\"reviewsiteurl\">\n<a href=\"https:\/\/pornbay.org\/\" base target=\"_self\"><span style=\"font-size:32px;font-style:normal;font-weight:bold;text-decoration:underline;\">Hier klicken, um die webseite zu besuchen <\/span><\/a>\n<\/div>\n<\/div>\n","protected":false},"excerpt":{"rendered":"<p>Zur\u00fcck zur Startseite Seitenbewertung pornbay pornbay.org PornBay.org ist noch eine andere Porno Torrent Plattform, mit einem kleinen Unterschied. Diese Seite arbeitet nicht mit Einladungen sondern mit regul\u00e4ren Anmeldungen. Das bedeutet, dass du beim Betreten hier nichts anderes hast als das Logos und die Schaltfl\u00e4chen f\u00fcrs Einloggen und zum anmelden. Nutze sie schnell zum betreten denn <a href='https:\/\/www.thepornlist.net\/de\/porn-torrent-sites\/pornbay\/' class='excerpt-more'>[&#8230;]<\/a><\/p>\n","protected":false},"author":1,"featured_media":0,"parent":9816,"menu_order":15010,"comment_status":"closed","ping_status":"closed","template":"0-autofill-tpl-template.php","meta":{"_acf_changed":false,"footnotes":""},"tags":[],"acf":[],"aioseo_notices":[],"_links":{"self":[{"href":"https:\/\/www.thepornlist.net\/de\/wp-json\/wp\/v2\/pages\/9789"}],"collection":[{"href":"https:\/\/www.thepornlist.net\/de\/wp-json\/wp\/v2\/pages"}],"about":[{"href":"https:\/\/www.thepornlist.net\/de\/wp-json\/wp\/v2\/types\/page"}],"author":[{"embeddable":true,"href":"https:\/\/www.thepornlist.net\/de\/wp-json\/wp\/v2\/users\/1"}],"replies":[{"embeddable":true,"href":"https:\/\/www.thepornlist.net\/de\/wp-json\/wp\/v2\/comments?post=9789"}],"version-history":[{"count":0,"href":"https:\/\/www.thepornlist.net\/de\/wp-json\/wp\/v2\/pages\/9789\/revisions"}],"up":[{"embeddable":true,"href":"https:\/\/www.thepornlist.net\/de\/wp-json\/wp\/v2\/pages\/9816"}],"wp:attachment":[{"href":"https:\/\/www.thepornlist.net\/de\/wp-json\/wp\/v2\/media?parent=9789"}],"wp:term":[{"taxonomy":"post_tag","embeddable":true,"href":"https:\/\/www.thepornlist.net\/de\/wp-json\/wp\/v2\/tags?post=9789"}],"curies":[{"name":"wp","href":"https:\/\/api.w.org\/{rel}","templated":true}]}}