{"id":9792,"date":"2016-05-19T12:42:56","date_gmt":"2016-05-19T12:42:56","guid":{"rendered":"https:\/\/www.thepornlist.net\/de\/rarbg\/"},"modified":"2019-05-06T13:24:23","modified_gmt":"2019-05-06T13:24:23","slug":"rarbg","status":"publish","type":"page","link":"https:\/\/www.thepornlist.net\/de\/porn-torrent-sites\/rarbg\/","title":{"rendered":"rarbg.to"},"content":{"rendered":"<div class=\"pb\">\n<div class=\"hd\">\n<a href=\"https:\/\/www.thepornlist.net\/de\/\" base target=\"_self\">Zur\u00fcck zur Startseite<\/a>\n<\/div>\n<div class=\"hd2\">\n<span style=\"font-style:normal;font-weight:bold;\">Seitenbewertung<\/span>\n<\/div>\n<\/div>\n<div style=\"width:100%; margin-left:auto; margin-right:auto; clear:both;z-index:1; padding-top:5px; border-radius: 2px;\">\n<div class=\"reviewimg\">\n<p><a href=\"https:\/\/rarbg.to\/torrents.php\" base target=\"_self\"><img decoding=\"async\" src=\"https:\/\/www.thepornlist.net\/wp-content\/uploads\/torrentrev\/rarbg.jpg\" width=\"500\" height=\"500\" alt=\"Porn Tube\"><\/a><\/p>\n<\/div>\n<div class=\"reviewtitle\">\n<h1 style=\"font-family:Arial;font-size:56px;font-style:normal;font-weight:bold;color:#FF1F78;\">rarbg<\/h1>\n<\/div>\n<div class=\"reviewsub\">\n<h2 style=\"font-size:14px;font-style:normal;font-weight:bold;\">rarbg.to<\/H2>\n<\/div>\n<div class=\"reviewtext\">\n<span style=\"font-size:16px;font-style:normal;\">RarBG.to ist ein Ort an dem du jede Menge Torrents haben wirst, die darauf warten, dass du sie dir auf deine Festplatte ziehst. Selbst wenn die Seite nicht f\u00fcr Pornos gemacht wurde, wirst du eine Menge an Unterhaltung f\u00fcr Erwachsene auf ihren Seiten finden. Das kannst du in der Seitenleiste sehen zwischen anderen Optionen wie Filme, TV Shows, Spiele, Musik, Software. Merkst du, was ich f\u00fcr ein guter Kerl bin? Neben den Pornos gebe ich dir auch alles andere damit du deine Freundin gl\u00fccklich machen kannst w\u00e4hrend du nach Pornos surfst. Such einen romantischen Film aus, den du mit ihr zusammen anschauen kannst w\u00e4hrend ihr Popcorn esst.<\/br> <\/p>\n<p>Willkommen bei RarBG.to. Ich sehe mehr als 37.000 Seiten voller Torrents. Der Kasten mit der Suchfunktion befindet sich genau in der Mitte und wird dir bei deinen Suchen helfen. Du musst dort den Titel der Sache, nach der du suchst, rein schreiben und dann enter dr\u00fccken. Die Plattform wird dir die Ergebnisse basierend auf deinen Suchbegriffen liefern und ich bin mir ziemlich sicher, dass es nur eine geringe Chance gibt, das bestimmte Material nicht zu finden. Soweit ich sehen kann, kannst du downloaden ohne dass du einen Account anlegst, was sehr gut ist. Besuche RarBG.to und schau dir an, was sie in ihrem Angebot haben. Es k\u00f6nnte dir gefallen!<\/p>\n<p><\/span>\n<\/div>\n<div class=\"reviewsiteurl\">\n<a href=\"https:\/\/rarbg.to\/torrents.php\" base target=\"_self\"><span style=\"font-size:32px;font-style:normal;font-weight:bold;text-decoration:underline;\">Hier klicken, um die webseite zu besuchen <\/span><\/a>\n<\/div>\n<\/div>\n","protected":false},"excerpt":{"rendered":"<p>Zur\u00fcck zur Startseite Seitenbewertung rarbg rarbg.to RarBG.to ist ein Ort an dem du jede Menge Torrents haben wirst, die darauf warten, dass du sie dir auf deine Festplatte ziehst. Selbst wenn die Seite nicht f\u00fcr Pornos gemacht wurde, wirst du eine Menge an Unterhaltung f\u00fcr Erwachsene auf ihren Seiten finden. Das kannst du in der <a href='https:\/\/www.thepornlist.net\/de\/porn-torrent-sites\/rarbg\/' class='excerpt-more'>[&#8230;]<\/a><\/p>\n","protected":false},"author":1,"featured_media":0,"parent":9816,"menu_order":17190,"comment_status":"closed","ping_status":"closed","template":"0-autofill-tpl-template.php","meta":{"_acf_changed":false,"footnotes":""},"tags":[],"acf":[],"aioseo_notices":[],"_links":{"self":[{"href":"https:\/\/www.thepornlist.net\/de\/wp-json\/wp\/v2\/pages\/9792"}],"collection":[{"href":"https:\/\/www.thepornlist.net\/de\/wp-json\/wp\/v2\/pages"}],"about":[{"href":"https:\/\/www.thepornlist.net\/de\/wp-json\/wp\/v2\/types\/page"}],"author":[{"embeddable":true,"href":"https:\/\/www.thepornlist.net\/de\/wp-json\/wp\/v2\/users\/1"}],"replies":[{"embeddable":true,"href":"https:\/\/www.thepornlist.net\/de\/wp-json\/wp\/v2\/comments?post=9792"}],"version-history":[{"count":0,"href":"https:\/\/www.thepornlist.net\/de\/wp-json\/wp\/v2\/pages\/9792\/revisions"}],"up":[{"embeddable":true,"href":"https:\/\/www.thepornlist.net\/de\/wp-json\/wp\/v2\/pages\/9816"}],"wp:attachment":[{"href":"https:\/\/www.thepornlist.net\/de\/wp-json\/wp\/v2\/media?parent=9792"}],"wp:term":[{"taxonomy":"post_tag","embeddable":true,"href":"https:\/\/www.thepornlist.net\/de\/wp-json\/wp\/v2\/tags?post=9792"}],"curies":[{"name":"wp","href":"https:\/\/api.w.org\/{rel}","templated":true}]}}