{"id":9795,"date":"2016-05-19T12:40:56","date_gmt":"2016-05-19T12:40:56","guid":{"rendered":"https:\/\/www.thepornlist.net\/de\/cheggit\/"},"modified":"2019-05-06T13:24:01","modified_gmt":"2019-05-06T13:24:01","slug":"cheggit","status":"publish","type":"page","link":"https:\/\/www.thepornlist.net\/de\/porn-torrent-sites\/cheggit\/","title":{"rendered":"cheggit.me"},"content":{"rendered":"<div class=\"pb\">\n<div class=\"hd\">\n<a href=\"https:\/\/www.thepornlist.net\/de\/\" base target=\"_self\">Zur\u00fcck zur Startseite<\/a>\n<\/div>\n<div class=\"hd2\">\n<span style=\"font-style:normal;font-weight:bold;\">Seitenbewertung<\/span>\n<\/div>\n<\/div>\n<div style=\"width:100%; margin-left:auto; margin-right:auto; clear:both;z-index:1; padding-top:5px; border-radius: 2px;\">\n<div class=\"reviewimg\">\n<p><a href=\"http:\/\/www.cheggit.me\/\" base target=\"_self\"><img decoding=\"async\" src=\"https:\/\/www.thepornlist.net\/wp-content\/uploads\/torrentrev\/cheggit.jpg\" width=\"500\" height=\"500\" alt=\"Porn Tube\"><\/a><\/p>\n<\/div>\n<div class=\"reviewtitle\">\n<h1 style=\"font-family:Arial;font-size:56px;font-style:normal;font-weight:bold;color:#FF1F78;\">cheggit<\/h1>\n<\/div>\n<div class=\"reviewsub\">\n<h2 style=\"font-size:14px;font-style:normal;font-weight:bold;\">cheggit.me<\/H2>\n<\/div>\n<div class=\"reviewtext\">\n<span style=\"font-size:16px;font-style:normal;\">Lass mich diese Bewertung damit beginnen, dir zu erkl\u00e4ren, was genau Cheggit bedeutet: \u201echeck it\u201c. Also jetzt wei\u00dft du es! Es scheint als ob dieser Ort neu gestaltet wurde. Das hei\u00dft, dass er doppelt besser sein muss, denn wir k\u00f6nnen erwarten, dass etwas, das \u00fcberarbeitet wurde, danach besser sein wird. Warum sollte man es ansonsten tun?<\/br><\/p>\n<p>Wie andere Porno Torrent Plattformen wird auch Cheggit.me keinen Unterschied machen und dich nur rein lassen wenn du einen Nutzernamen registrierst. Das ist kostenlos und wird nur ein paar Sekunden deiner Zeit in Anspruch nehmen, so dass ich keinen Grund sehe, es nicht zu tun. Wenn du wei\u00dft, dass du hier so viele Leckerbissen, so viele Teens, die versaute Sachen treiben und so viele Milfs, die in qualitativ hochwertigen Produktionen agieren, finden wirst, solltest du deinen Account in der ersten Sekunde deines Daseins auf dieser Plattform anlegen.<\/br><\/p>\n<p>Um Torrents zu verwenden, wirst du einen Client ben\u00f6tigen, der dir dabei helfen wird die Inhalte herunterzuladen. Wenn du nicht wei\u00dft, wie das geht, verwende eine Suchmaschine um ein Tutorial zu finden, das dir auf deiner Reise helfen kann. Und vergiss nicht den Client herunterzuladen. Besuche Cheggit.me und ziehe deinen Vorteil aus allem, was sie haben. Du wirst nicht entt\u00e4uscht sein.<br \/>\n<\/span>\n<\/div>\n<div class=\"reviewsiteurl\">\n<a href=\"http:\/\/www.cheggit.me\/\" base target=\"_self\"><span style=\"font-size:32px;font-style:normal;font-weight:bold;text-decoration:underline;\">Hier klicken, um die webseite zu besuchen <\/span><\/a>\n<\/div>\n<\/div>\n","protected":false},"excerpt":{"rendered":"<p>Zur\u00fcck zur Startseite Seitenbewertung cheggit cheggit.me Lass mich diese Bewertung damit beginnen, dir zu erkl\u00e4ren, was genau Cheggit bedeutet: \u201echeck it\u201c. Also jetzt wei\u00dft du es! Es scheint als ob dieser Ort neu gestaltet wurde. Das hei\u00dft, dass er doppelt besser sein muss, denn wir k\u00f6nnen erwarten, dass etwas, das \u00fcberarbeitet wurde, danach besser sein <a href='https:\/\/www.thepornlist.net\/de\/porn-torrent-sites\/cheggit\/' class='excerpt-more'>[&#8230;]<\/a><\/p>\n","protected":false},"author":1,"featured_media":0,"parent":9816,"menu_order":12530,"comment_status":"closed","ping_status":"closed","template":"0-autofill-tpl-template.php","meta":{"_acf_changed":false,"footnotes":""},"tags":[],"acf":[],"aioseo_notices":[],"_links":{"self":[{"href":"https:\/\/www.thepornlist.net\/de\/wp-json\/wp\/v2\/pages\/9795"}],"collection":[{"href":"https:\/\/www.thepornlist.net\/de\/wp-json\/wp\/v2\/pages"}],"about":[{"href":"https:\/\/www.thepornlist.net\/de\/wp-json\/wp\/v2\/types\/page"}],"author":[{"embeddable":true,"href":"https:\/\/www.thepornlist.net\/de\/wp-json\/wp\/v2\/users\/1"}],"replies":[{"embeddable":true,"href":"https:\/\/www.thepornlist.net\/de\/wp-json\/wp\/v2\/comments?post=9795"}],"version-history":[{"count":0,"href":"https:\/\/www.thepornlist.net\/de\/wp-json\/wp\/v2\/pages\/9795\/revisions"}],"up":[{"embeddable":true,"href":"https:\/\/www.thepornlist.net\/de\/wp-json\/wp\/v2\/pages\/9816"}],"wp:attachment":[{"href":"https:\/\/www.thepornlist.net\/de\/wp-json\/wp\/v2\/media?parent=9795"}],"wp:term":[{"taxonomy":"post_tag","embeddable":true,"href":"https:\/\/www.thepornlist.net\/de\/wp-json\/wp\/v2\/tags?post=9795"}],"curies":[{"name":"wp","href":"https:\/\/api.w.org\/{rel}","templated":true}]}}