{"id":9796,"date":"2016-05-19T12:40:04","date_gmt":"2016-05-19T12:40:04","guid":{"rendered":"https:\/\/www.thepornlist.net\/de\/bootytape\/"},"modified":"2019-05-06T13:23:57","modified_gmt":"2019-05-06T13:23:57","slug":"bootytape","status":"publish","type":"page","link":"https:\/\/www.thepornlist.net\/de\/porn-torrent-sites\/bootytape\/","title":{"rendered":"bootytape.com"},"content":{"rendered":"<div class=\"pb\">\n<div class=\"hd\">\n<a href=\"https:\/\/www.thepornlist.net\/de\/\" base target=\"_self\">Zur\u00fcck zur Startseite<\/a>\n<\/div>\n<div class=\"hd2\">\n<span style=\"font-style:normal;font-weight:bold;\">Seitenbewertung<\/span>\n<\/div>\n<\/div>\n<div style=\"width:100%; margin-left:auto; margin-right:auto; clear:both;z-index:1; padding-top:5px; border-radius: 2px;\">\n<div class=\"reviewimg\">\n<p><a href=\"https:\/\/xxx.bootytape.com\/\" base target=\"_self\"><img decoding=\"async\" src=\"https:\/\/www.thepornlist.net\/wp-content\/uploads\/torrentrev\/bootytape.jpg\" width=\"500\" height=\"500\" alt=\"Porn Tube\"><\/a><\/p>\n<\/div>\n<div class=\"reviewtitle\">\n<h1 style=\"font-family:Arial;font-size:56px;font-style:normal;font-weight:bold;color:#FF1F78;\">bootytape<\/h1>\n<\/div>\n<div class=\"reviewsub\">\n<h2 style=\"font-size:14px;font-style:normal;font-weight:bold;\">bootytape.com<\/H2>\n<\/div>\n<div class=\"reviewtext\">\n<span style=\"font-size:16px;font-style:normal;\">\u201eBootyTape ist ein Porno Torrent Tracker f\u00fcr Amateure und selbst Gedrehtes, der kostenlos Torrents aus den Bereichen  schwarz, Sex, Ebony, asiatisch, interracial, Latina, Teen, Milf und multikulturell anbietet\u201c &#8211; nett! Und sie werden dir auch dies erz\u00e4hlen \u201eLade selbst gedrehte und Amateur ethnische Porno Torrents kostenlos herunter. Diese xxx Torrents sind nur f\u00fcr alle ab 18 oder \u00e4lter.\u201c.<\/br><\/p>\n<p>Willkommen bei BootyTape.com, einer Porno Plattform auf der du in der Lage sein wirst jede Menge Torrents herunterzuladen, die jede Art von Unterhaltung f\u00fcr Erwachsene beinhalten werden.Ich mag die Tatsache, dass die Homepage dir alles \u00fcber diesen Ort verr\u00e4t und \u00fcber Torrents (wie man sie verwendet). Lass es mich dir zeigen: \u201eWarum melde ich mich an? Du meldest dich an um unser absolut kostenloses Netzwerk, das Dateien teilt, zu nutzen \/ Wie kann das kostenlos sein? Nun, es ist kostenlos weil wir die Bittorrent Technik nutzen um Dateien zu teilen. Das bedeutet, nachdem du etwas heruntergeladen hast, l\u00e4dst du anderes hoch. \/ Was ist eine .torrent Datei? Eine .torrent Datei ist eine kleine Datei mit ungef\u00e4hr 10 KB. Diese kleine Datei erlaubt dir gr\u00f6\u00dfere Dateien, die du willst, herunterzuladen. .torrent Dateien erlauben dir alle Arten elektronischer Dateien wie Audio, Video, etc. herunterzuladen\u201c. Dieser Leitfaden eht noch weiter und du solltest BootyTape.com besuchen um das Tutorial zu lesen.<br \/>\n<\/span>\n<\/div>\n<div class=\"reviewsiteurl\">\n<a href=\"https:\/\/xxx.bootytape.com\/\" base target=\"_self\"><span style=\"font-size:32px;font-style:normal;font-weight:bold;text-decoration:underline;\">Hier klicken, um die webseite zu besuchen <\/span><\/a>\n<\/div>\n<\/div>\n","protected":false},"excerpt":{"rendered":"<p>Zur\u00fcck zur Startseite Seitenbewertung bootytape bootytape.com \u201eBootyTape ist ein Porno Torrent Tracker f\u00fcr Amateure und selbst Gedrehtes, der kostenlos Torrents aus den Bereichen schwarz, Sex, Ebony, asiatisch, interracial, Latina, Teen, Milf und multikulturell anbietet\u201c &#8211; nett! Und sie werden dir auch dies erz\u00e4hlen \u201eLade selbst gedrehte und Amateur ethnische Porno Torrents kostenlos herunter. Diese xxx <a href='https:\/\/www.thepornlist.net\/de\/porn-torrent-sites\/bootytape\/' class='excerpt-more'>[&#8230;]<\/a><\/p>\n","protected":false},"author":1,"featured_media":0,"parent":9816,"menu_order":11310,"comment_status":"closed","ping_status":"closed","template":"0-autofill-tpl-template.php","meta":{"_acf_changed":false,"footnotes":""},"tags":[],"acf":[],"aioseo_notices":[],"_links":{"self":[{"href":"https:\/\/www.thepornlist.net\/de\/wp-json\/wp\/v2\/pages\/9796"}],"collection":[{"href":"https:\/\/www.thepornlist.net\/de\/wp-json\/wp\/v2\/pages"}],"about":[{"href":"https:\/\/www.thepornlist.net\/de\/wp-json\/wp\/v2\/types\/page"}],"author":[{"embeddable":true,"href":"https:\/\/www.thepornlist.net\/de\/wp-json\/wp\/v2\/users\/1"}],"replies":[{"embeddable":true,"href":"https:\/\/www.thepornlist.net\/de\/wp-json\/wp\/v2\/comments?post=9796"}],"version-history":[{"count":0,"href":"https:\/\/www.thepornlist.net\/de\/wp-json\/wp\/v2\/pages\/9796\/revisions"}],"up":[{"embeddable":true,"href":"https:\/\/www.thepornlist.net\/de\/wp-json\/wp\/v2\/pages\/9816"}],"wp:attachment":[{"href":"https:\/\/www.thepornlist.net\/de\/wp-json\/wp\/v2\/media?parent=9796"}],"wp:term":[{"taxonomy":"post_tag","embeddable":true,"href":"https:\/\/www.thepornlist.net\/de\/wp-json\/wp\/v2\/tags?post=9796"}],"curies":[{"name":"wp","href":"https:\/\/api.w.org\/{rel}","templated":true}]}}