{"id":9799,"date":"2016-05-18T18:03:23","date_gmt":"2016-05-18T18:03:23","guid":{"rendered":"https:\/\/www.thepornlist.net\/de\/myhentaicomics\/"},"modified":"2019-05-20T10:01:24","modified_gmt":"2019-05-20T10:01:24","slug":"myhentaicomics","status":"publish","type":"page","link":"https:\/\/www.thepornlist.net\/de\/porn-comic-sites\/myhentaicomics\/","title":{"rendered":"myhentaicomics.com"},"content":{"rendered":"<div class=\"pb\">\n<div class=\"hd\">\n<a href=\"https:\/\/www.thepornlist.net\/de\/\" base target=\"_self\">Zur\u00fcck zur Startseite<\/a>\n<\/div>\n<div class=\"hd2\">\n<span style=\"font-style:normal;font-weight:bold;\">Seitenbewertung<\/span>\n<\/div>\n<\/div>\n<div style=\"width:100%; margin-left:auto; margin-right:auto; clear:both;z-index:1; padding-top:5px; border-radius: 2px;\">\n<div class=\"reviewimg\">\n<p><a href=\"http:\/\/myhentaicomics.com\/\" base target=\"_self\"><img decoding=\"async\" src=\"https:\/\/www.thepornlist.net\/wp-content\/uploads\/comicrev\/myhentaicomics.jpg\" width=\"500\" height=\"500\" alt=\"Porn Tube\"><\/a><\/p>\n<\/div>\n<div class=\"reviewtitle\">\n<h1 style=\"font-family:Arial;font-size:56px;font-style:normal;font-weight:bold;color:#FF1F78;\">myhentaicomics<\/h1>\n<\/div>\n<div class=\"reviewsub\">\n<h2 style=\"font-size:14px;font-style:normal;font-weight:bold;\">myhentaicomics.com<\/H2>\n<\/div>\n<div class=\"reviewtext\">\n<span style=\"font-size:16px;font-style:normal;\">Ich mag die Idee, die hinter dem Layout dieser Webseite steht. Sicher, sie hat keine erstklassige Grafik, aber die Idee ist interessant. Und ich mag auch die Kombination der Farben. Gut, nun lass uns weitermachen MyHentaiComics.com ist eine Porno Seite, die sich mit kostenlosen Inhalten aus der Hentai Nische befasst. Ihre Kategorien sind: hardcore, Inzest, interracial, Lesben, pf\u00e4hlen, schwanger und mehr. All dies kann in der Navigationsleiste gesehen werden, und noch einiges mehr. Du kannst sie nicht verpassen denn sie ist in leuchtendem blau!<\/br><\/p>\n<p>Die letzten Updates sind genau da, auf der Homepage, und du hast sie unter ziemlich h\u00fcbschen Postern. Soweit ich sehen kann, haben sie im Moment insgesamt 5.180 Fotos und sie alle befinden sich auf mehr als 400 Seiten. Wenn du einen spezifischen Inhalt willst, kannst du den Kasten mit der Suchfunktion verwenden, den du in der echten Ecke siehst, neben der Navigationsleiste.<\/br><\/p>\n<p>Jeder Post hat Schlagworte und wenn du auf sie zugreifst, wirst du \u00e4hnliche Inhalte sehen. Diese Option k\u00f6nnte n\u00fctzlich sein. Ich wei\u00df nicht, was ich noch \u00fcber MyHentaiComics sagen soll. Es k\u00f6nnte eine gute Erg\u00e4nzung in der Liste deiner Lesezeichen von Hentai Orten sein und du solltest vorbeischauen um zu sehen, ob es das ist. Viel Spa\u00df w\u00e4hrend du dort bist!<br \/>\n<\/span>\n<\/div>\n<div class=\"reviewsiteurl\">\n<a href=\"http:\/\/myhentaicomics.com\/\" base target=\"_self\"><span style=\"font-size:32px;font-style:normal;font-weight:bold;text-decoration:underline;\">Hier klicken, um die webseite zu besuchen <\/span><\/a>\n<\/div>\n<\/div>\n","protected":false},"excerpt":{"rendered":"<p>Zur\u00fcck zur Startseite Seitenbewertung myhentaicomics myhentaicomics.com Ich mag die Idee, die hinter dem Layout dieser Webseite steht. Sicher, sie hat keine erstklassige Grafik, aber die Idee ist interessant. Und ich mag auch die Kombination der Farben. Gut, nun lass uns weitermachen MyHentaiComics.com ist eine Porno Seite, die sich mit kostenlosen Inhalten aus der Hentai Nische <a href='https:\/\/www.thepornlist.net\/de\/porn-comic-sites\/myhentaicomics\/' class='excerpt-more'>[&#8230;]<\/a><\/p>\n","protected":false},"author":1,"featured_media":0,"parent":9814,"menu_order":19670,"comment_status":"closed","ping_status":"closed","template":"0-autofill-tpl-template.php","meta":{"_acf_changed":false,"footnotes":""},"tags":[],"acf":[],"aioseo_notices":[],"_links":{"self":[{"href":"https:\/\/www.thepornlist.net\/de\/wp-json\/wp\/v2\/pages\/9799"}],"collection":[{"href":"https:\/\/www.thepornlist.net\/de\/wp-json\/wp\/v2\/pages"}],"about":[{"href":"https:\/\/www.thepornlist.net\/de\/wp-json\/wp\/v2\/types\/page"}],"author":[{"embeddable":true,"href":"https:\/\/www.thepornlist.net\/de\/wp-json\/wp\/v2\/users\/1"}],"replies":[{"embeddable":true,"href":"https:\/\/www.thepornlist.net\/de\/wp-json\/wp\/v2\/comments?post=9799"}],"version-history":[{"count":0,"href":"https:\/\/www.thepornlist.net\/de\/wp-json\/wp\/v2\/pages\/9799\/revisions"}],"up":[{"embeddable":true,"href":"https:\/\/www.thepornlist.net\/de\/wp-json\/wp\/v2\/pages\/9814"}],"wp:attachment":[{"href":"https:\/\/www.thepornlist.net\/de\/wp-json\/wp\/v2\/media?parent=9799"}],"wp:term":[{"taxonomy":"post_tag","embeddable":true,"href":"https:\/\/www.thepornlist.net\/de\/wp-json\/wp\/v2\/tags?post=9799"}],"curies":[{"name":"wp","href":"https:\/\/api.w.org\/{rel}","templated":true}]}}