{"id":9801,"date":"2016-05-18T17:58:14","date_gmt":"2016-05-18T17:58:14","guid":{"rendered":"https:\/\/www.thepornlist.net\/de\/8muses\/"},"modified":"2020-11-07T10:34:39","modified_gmt":"2020-11-07T10:34:39","slug":"8muses","status":"publish","type":"page","link":"https:\/\/www.thepornlist.net\/de\/porn-comic-sites\/8muses\/","title":{"rendered":"8muses.com"},"content":{"rendered":"<div class=\"pb\">\n<div class=\"hd\">\n<a href=\"https:\/\/www.thepornlist.net\/de\/\" base target=\"_self\" rel=\"noopener noreferrer\">Zur\u00fcck zur Startseite<\/a>\n<\/div>\n<div class=\"hd2\">\n<span style=\"font-style:normal;font-weight:bold;\">Seitenbewertung<\/span>\n<\/div>\n<\/div>\n<div style=\"width:100%; margin-left:auto; margin-right:auto; clear:both;z-index:1; padding-top:5px; border-radius: 2px;\">\n<div class=\"reviewimg\">\n<p><a href=\"https:\/\/www.8muses.com\/\" base target=\"_self\" rel=\"noopener noreferrer\"><img decoding=\"async\" src=\"https:\/\/www.thepornlist.net\/wp-content\/uploads\/comicrev\/8muses.jpg\" width=\"500\" height=\"500\" alt=\"Porn Tube\"><\/a><\/p>\n<\/div>\n<div class=\"reviewtitle\">\n<h1 style=\"font-family:Arial;font-size:56px;font-style:normal;font-weight:bold;color:#FF1F78;\">8muses<\/h1>\n<\/div>\n<div class=\"reviewsub\">\n<h2 style=\"font-size:14px;font-style:normal;font-weight:bold;\">8muses.com<\/H2>\n<\/div>\n<div class=\"reviewtext\">\n<span style=\"font-size:16px;font-style:normal;\">Es ist ganz leicht Nutzen aus all dem, was hier geteilt wird, zu ziehen! 8Muses hat kostenlose Sex Comics und Cartoons f\u00fcr Erwachsen, Porno Comics, Hentai, 3D Pornos, JAB Comix, Milftoon, Bewusstseinskontrolle Comics und andere. Das Layout ist ein bisschen anders und es gibt dir auf der Homepage einige allgemeine Kategorien, auf die du mit einem einzigen Klick zugreifen kannst.<\/br> <\/p>\n<p>Die Navigationsleiste hat 2 Aufklappmen\u00fcs und das erste, das Mehr Inhalt hei\u00dft, zeigt dir die k\u00fcrzlich aktualisierten Ergebnisse, Hentai \/ Manga, Fake Ber\u00fchmtheiten, ein Forum und die M\u00f6glichkeit dich anzumelden. In der N\u00e4he davon hast du sortierte Alben und dieses Men\u00fc wird dir gestatten auf die meist gesehenen Updates, die beliebtesten, und die neuesten Posts zuzugreifen. Wenn du ein paar Schl\u00fcsselw\u00f6rter hast oder wenn du wei\u00dft welche Begriffe du benutzen musst um das zu finden, was du sehen willst, gib sie in den Kasten mit der Suchfunktion ein, der unter einem Vergr\u00f6\u00dferungsglas in der N\u00e4he der Navigationsleiste versteckt ist. Das Men\u00fc, das sich zwischen den Seiten browsen l\u00e4sst, ist wie auf jeder anderen Porno Webseite in der N\u00e4he der Fu\u00dfleiste und du wirst nach unten scrollen um es zu erreichen.<\/br><\/p>\n<p>Besuche 8muses.com um kostenlose Sex Comics und Cartoons f\u00fcr Erwachsene anzuschauen. Setze bei der Adresse ein Lesezeichen.<br \/>\n<\/span>\n<\/div>\n<div class=\"reviewsiteurl\">\n<a href=\"https:\/\/www.8muses.com\/\" base target=\"_self\" rel=\"noopener noreferrer\"><span style=\"font-size:32px;font-style:normal;font-weight:bold;text-decoration:underline;\">Hier klicken, um die webseite zu besuchen <\/span><\/a>\n<\/div>\n<\/div>\n","protected":false},"excerpt":{"rendered":"<p>Zur\u00fcck zur Startseite Seitenbewertung 8muses 8muses.com Es ist ganz leicht Nutzen aus all dem, was hier geteilt wird, zu ziehen! 8Muses hat kostenlose Sex Comics und Cartoons f\u00fcr Erwachsen, Porno Comics, Hentai, 3D Pornos, JAB Comix, Milftoon, Bewusstseinskontrolle Comics und andere. Das Layout ist ein bisschen anders und es gibt dir auf der Homepage einige <a href='https:\/\/www.thepornlist.net\/de\/porn-comic-sites\/8muses\/' class='excerpt-more'>[&#8230;]<\/a><\/p>\n","protected":false},"author":1,"featured_media":0,"parent":9814,"menu_order":21270,"comment_status":"closed","ping_status":"closed","template":"0-autofill-tpl-template.php","meta":{"_acf_changed":false,"footnotes":""},"tags":[],"acf":[],"aioseo_notices":[],"_links":{"self":[{"href":"https:\/\/www.thepornlist.net\/de\/wp-json\/wp\/v2\/pages\/9801"}],"collection":[{"href":"https:\/\/www.thepornlist.net\/de\/wp-json\/wp\/v2\/pages"}],"about":[{"href":"https:\/\/www.thepornlist.net\/de\/wp-json\/wp\/v2\/types\/page"}],"author":[{"embeddable":true,"href":"https:\/\/www.thepornlist.net\/de\/wp-json\/wp\/v2\/users\/1"}],"replies":[{"embeddable":true,"href":"https:\/\/www.thepornlist.net\/de\/wp-json\/wp\/v2\/comments?post=9801"}],"version-history":[{"count":0,"href":"https:\/\/www.thepornlist.net\/de\/wp-json\/wp\/v2\/pages\/9801\/revisions"}],"up":[{"embeddable":true,"href":"https:\/\/www.thepornlist.net\/de\/wp-json\/wp\/v2\/pages\/9814"}],"wp:attachment":[{"href":"https:\/\/www.thepornlist.net\/de\/wp-json\/wp\/v2\/media?parent=9801"}],"wp:term":[{"taxonomy":"post_tag","embeddable":true,"href":"https:\/\/www.thepornlist.net\/de\/wp-json\/wp\/v2\/tags?post=9801"}],"curies":[{"name":"wp","href":"https:\/\/api.w.org\/{rel}","templated":true}]}}