{"id":9802,"date":"2016-05-18T17:57:35","date_gmt":"2016-05-18T17:57:35","guid":{"rendered":"https:\/\/www.thepornlist.net\/de\/18comix\/"},"modified":"2019-06-21T12:14:30","modified_gmt":"2019-06-21T12:14:30","slug":"18comix","status":"publish","type":"page","link":"https:\/\/www.thepornlist.net\/de\/porn-comic-sites\/18comix\/","title":{"rendered":"18comix.com"},"content":{"rendered":"<div class=\"pb\">\n<div class=\"hd\">\n<a href=\"https:\/\/www.thepornlist.net\/de\/\" base target=\"_self\">Zur\u00fcck zur Startseite<\/a>\n<\/div>\n<div class=\"hd2\">\n<span style=\"font-style:normal;font-weight:bold;\">Seitenbewertung<\/span>\n<\/div>\n<\/div>\n<div style=\"width:100%; margin-left:auto; margin-right:auto; clear:both;z-index:1; padding-top:5px; border-radius: 2px;\">\n<div class=\"reviewimg\">\n<p><a href=\"https:\/\/18comix.com\/\" base target=\"_self\"><img decoding=\"async\" src=\"https:\/\/www.thepornlist.net\/wp-content\/uploads\/comicrev\/18comix.jpg\" width=\"500\" height=\"500\" alt=\"Porn Tube\"><\/a><\/p>\n<\/div>\n<div class=\"reviewtitle\">\n<h1 style=\"font-family:Arial;font-size:56px;font-style:normal;font-weight:bold;color:#FF1F78;\">18comix<\/h1>\n<\/div>\n<div class=\"reviewsub\">\n<h2 style=\"font-size:14px;font-style:normal;font-weight:bold;\">18comix.com<\/H2>\n<\/div>\n<div class=\"reviewtext\">\n<span style=\"font-size:16px;font-style:normal;\">Comics f\u00fcr Erwachsene, 3D Comics, Hentai, japanisch Spiele und einiges andere. Das ist es, was du in der Navigationsleiste von 18comix.com finden wirst und schon ein Blick darauf reicht damit du verstehst, was hier passiert und was du bekommen wirst. Es ist ein Blog und dieser Blog wird dir eine Menge kostenloser Erwachsenencomics liefern.<\/br><\/p>\n<p>Die Seitenleiste beginnt mit einer Liste beliebter Studios und du kannst auf irgendeins klicken um spezifischen Inhalt zu sehen. In der Mitte, wie gew\u00f6hnlich, wirst du ihre letzten Updates sehen und jedes einzelne davon hat einen Screenshot und Infos wie den Autor, das Datum des Hochladens, die Kategorie unter der der Post hinzugef\u00fcgt wurde, die Anzahl der Klicks und Seiten und die Gr\u00f6\u00dfe. Ich bin nicht ganz sicher, was Gr\u00f6\u00dfe bedeutet und was es beschreibt denn es gibt nur eine Zahl. Du wirst zu jeder Ver\u00f6ffentlichung auch Schlagworte bekommen und durch sie wirst du auf \u00e4hnliche Produktionen zugreifen k\u00f6nnen. Du kannst dich registrieren und vorbeischauen um ein Teil dieser Gemeinschaft zu werden. Wenn du diesen Ort magst, dann los.<\/br><\/p>\n<p>18comix funktioniert ziemlich gut und das Layout ist angenehm. Du kannst ein Lesezeichen setzen!<br \/>\n<\/span>\n<\/div>\n<div class=\"reviewsiteurl\">\n<a href=\"https:\/\/18comix.com\/\" base target=\"_self\"><span style=\"font-size:32px;font-style:normal;font-weight:bold;text-decoration:underline;\">Hier klicken, um die webseite zu besuchen <\/span><\/a>\n<\/div>\n<\/div>\n","protected":false},"excerpt":{"rendered":"<p>Zur\u00fcck zur Startseite Seitenbewertung 18comix 18comix.com Comics f\u00fcr Erwachsene, 3D Comics, Hentai, japanisch Spiele und einiges andere. Das ist es, was du in der Navigationsleiste von 18comix.com finden wirst und schon ein Blick darauf reicht damit du verstehst, was hier passiert und was du bekommen wirst. Es ist ein Blog und dieser Blog wird dir <a href='https:\/\/www.thepornlist.net\/de\/porn-comic-sites\/18comix\/' class='excerpt-more'>[&#8230;]<\/a><\/p>\n","protected":false},"author":1,"featured_media":0,"parent":9814,"menu_order":18150,"comment_status":"closed","ping_status":"closed","template":"0-autofill-tpl-template.php","meta":{"_acf_changed":false,"footnotes":""},"tags":[],"acf":[],"aioseo_notices":[],"_links":{"self":[{"href":"https:\/\/www.thepornlist.net\/de\/wp-json\/wp\/v2\/pages\/9802"}],"collection":[{"href":"https:\/\/www.thepornlist.net\/de\/wp-json\/wp\/v2\/pages"}],"about":[{"href":"https:\/\/www.thepornlist.net\/de\/wp-json\/wp\/v2\/types\/page"}],"author":[{"embeddable":true,"href":"https:\/\/www.thepornlist.net\/de\/wp-json\/wp\/v2\/users\/1"}],"replies":[{"embeddable":true,"href":"https:\/\/www.thepornlist.net\/de\/wp-json\/wp\/v2\/comments?post=9802"}],"version-history":[{"count":0,"href":"https:\/\/www.thepornlist.net\/de\/wp-json\/wp\/v2\/pages\/9802\/revisions"}],"up":[{"embeddable":true,"href":"https:\/\/www.thepornlist.net\/de\/wp-json\/wp\/v2\/pages\/9814"}],"wp:attachment":[{"href":"https:\/\/www.thepornlist.net\/de\/wp-json\/wp\/v2\/media?parent=9802"}],"wp:term":[{"taxonomy":"post_tag","embeddable":true,"href":"https:\/\/www.thepornlist.net\/de\/wp-json\/wp\/v2\/tags?post=9802"}],"curies":[{"name":"wp","href":"https:\/\/api.w.org\/{rel}","templated":true}]}}