{"id":9804,"date":"2016-05-16T18:57:13","date_gmt":"2016-05-16T18:57:13","guid":{"rendered":"https:\/\/www.thepornlist.net\/de\/ebony-porn-sites\/naijaporntube\/"},"modified":"2019-05-06T10:51:33","modified_gmt":"2019-05-06T10:51:33","slug":"naijaporntube","status":"publish","type":"page","link":"https:\/\/www.thepornlist.net\/de\/ebony-porn-sites\/naijaporntube\/","title":{"rendered":"naijaporntube.com"},"content":{"rendered":"<div class=\"pb\">\n<div class=\"hd\">\n<a href=\"https:\/\/www.thepornlist.net\/de\/\" base target=\"_self\">Zur\u00fcck zur Startseite<\/a>\n<\/div>\n<div class=\"hd2\">\n<span style=\"font-style:normal;font-weight:bold;\">Seitenbewertung<\/span>\n<\/div>\n<\/div>\n<div style=\"width:100%; margin-left:auto; margin-right:auto; clear:both;z-index:1; padding-top:5px; border-radius: 2px;\">\n<div class=\"reviewimg\">\n<p><a href=\"http:\/\/www.naijaporntube.com\/\" base target=\"_self\"><img decoding=\"async\" src=\"https:\/\/www.thepornlist.net\/wp-content\/uploads\/ebonyrev\/naijaporntube.jpg\" width=\"500\" height=\"500\" alt=\"Porn Tube\"><\/a><\/p>\n<\/div>\n<div class=\"reviewtitle\">\n<h1 style=\"font-family:Arial;font-size:56px;font-style:normal;font-weight:bold;color:#FF1F78;\">naijaporntube<\/h1>\n<\/div>\n<div class=\"reviewsub\">\n<h2 style=\"font-size:14px;font-style:normal;font-weight:bold;\">naijaporntube.com<\/H2>\n<\/div>\n<div class=\"reviewtext\">\n<span style=\"font-size:16px;font-style:normal;\">NaijaPornTube k\u00fcmmert sich einen Schei\u00df um angenehme Layouts, moderne Optionen oder irgendwelche anderen Sachen. Alles was sie wollen ist dir jede Menge hochwertige Ebony Inhalte f\u00fcr Erwachsene zu liefern in Nischen wie afrikanischer Porno, Amateur, Blowjobs, Cuckold, selbstgedreht, interracial, Lesben, Webcam und viele andere.<\/br> <\/p>\n<p>Willkommen bei NaijaPornTube.com, einer Tube voller schwarzer Inhalte. Viele Clips sind in HD und du wirst sehen k\u00f6nnen, welche es sind. Die Homepage zeigt als erstes Videos, die gerade in diesem Moment angeschaut werden und danach kommen die neuesten kostenlosen Porno Videos. In der Seitenleiste hast du die Liste mit den Kategorien und eine Wolke mit Schlagworten und das war es schon. Wenn du scrollst erreichst du die Fu\u00dfleiste und dort siehst du das Men\u00fc, das es dir erlaubt zwischen den Seiten zu browsen. In diesem Moment sehe ich 105 Seiten voller schwarzer Clips.<\/br><\/p>\n<p>Du hast auch eine Navigationsleiste in der du Schaltfl\u00e4chen f\u00fcr Videos, Fotos und Pornostars und einige andere Dinge hast. Du kannst dich bereit machen denn darunter kannst du deine speziellen Suchbegriffe in den Kasten eingeben, mit dem du nach speziellen Inhalten suchen kannst. Du kannst sogar einen kostenlosen Account anmelden um Teil dieser Gemeinschaft zu werden. Nutze diesen Account um deine eigenen Ebony Inhalte hochzuladen. Besuche NaijaPornTube und schau es dir an!<br \/>\n<\/span>\n<\/div>\n<div class=\"reviewsiteurl\">\n<a href=\"http:\/\/www.naijaporntube.com\/\" base target=\"_self\"><span style=\"font-size:32px;font-style:normal;font-weight:bold;text-decoration:underline;\">Hier klicken, um die webseite zu besuchen <\/span><\/a>\n<\/div>\n<\/div>\n","protected":false},"excerpt":{"rendered":"<p>Zur\u00fcck zur Startseite Seitenbewertung naijaporntube naijaporntube.com NaijaPornTube k\u00fcmmert sich einen Schei\u00df um angenehme Layouts, moderne Optionen oder irgendwelche anderen Sachen. Alles was sie wollen ist dir jede Menge hochwertige Ebony Inhalte f\u00fcr Erwachsene zu liefern in Nischen wie afrikanischer Porno, Amateur, Blowjobs, Cuckold, selbstgedreht, interracial, Lesben, Webcam und viele andere. Willkommen bei NaijaPornTube.com, einer Tube <a href='https:\/\/www.thepornlist.net\/de\/ebony-porn-sites\/naijaporntube\/' class='excerpt-more'>[&#8230;]<\/a><\/p>\n","protected":false},"author":1,"featured_media":0,"parent":9777,"menu_order":17170,"comment_status":"closed","ping_status":"closed","template":"0-autofill-tpl-template.php","meta":{"_acf_changed":false,"footnotes":""},"tags":[],"acf":[],"aioseo_notices":[],"_links":{"self":[{"href":"https:\/\/www.thepornlist.net\/de\/wp-json\/wp\/v2\/pages\/9804"}],"collection":[{"href":"https:\/\/www.thepornlist.net\/de\/wp-json\/wp\/v2\/pages"}],"about":[{"href":"https:\/\/www.thepornlist.net\/de\/wp-json\/wp\/v2\/types\/page"}],"author":[{"embeddable":true,"href":"https:\/\/www.thepornlist.net\/de\/wp-json\/wp\/v2\/users\/1"}],"replies":[{"embeddable":true,"href":"https:\/\/www.thepornlist.net\/de\/wp-json\/wp\/v2\/comments?post=9804"}],"version-history":[{"count":0,"href":"https:\/\/www.thepornlist.net\/de\/wp-json\/wp\/v2\/pages\/9804\/revisions"}],"up":[{"embeddable":true,"href":"https:\/\/www.thepornlist.net\/de\/wp-json\/wp\/v2\/pages\/9777"}],"wp:attachment":[{"href":"https:\/\/www.thepornlist.net\/de\/wp-json\/wp\/v2\/media?parent=9804"}],"wp:term":[{"taxonomy":"post_tag","embeddable":true,"href":"https:\/\/www.thepornlist.net\/de\/wp-json\/wp\/v2\/tags?post=9804"}],"curies":[{"name":"wp","href":"https:\/\/api.w.org\/{rel}","templated":true}]}}