{"id":9805,"date":"2016-05-16T18:57:13","date_gmt":"2016-05-16T18:57:13","guid":{"rendered":"https:\/\/www.thepornlist.net\/de\/ebony-porn-sites\/shegotass\/"},"modified":"2019-05-06T10:52:27","modified_gmt":"2019-05-06T10:52:27","slug":"shegotass","status":"publish","type":"page","link":"https:\/\/www.thepornlist.net\/de\/ebony-porn-sites\/shegotass\/","title":{"rendered":"shegotass.info"},"content":{"rendered":"<div class=\"pb\">\n<div class=\"hd\">\n<a href=\"https:\/\/www.thepornlist.net\/de\/\" base target=\"_self\">Zur\u00fcck zur Startseite<\/a>\n<\/div>\n<div class=\"hd2\">\n<span style=\"font-style:normal;font-weight:bold;\">Seitenbewertung<\/span>\n<\/div>\n<\/div>\n<div style=\"width:100%; margin-left:auto; margin-right:auto; clear:both;z-index:1; padding-top:5px; border-radius: 2px;\">\n<div class=\"reviewimg\">\n<p><a href=\"http:\/\/www.shegotass.info\/\" base target=\"_self\"><img decoding=\"async\" src=\"https:\/\/www.thepornlist.net\/wp-content\/uploads\/ebonyrev\/shegotass.jpg\" width=\"500\" height=\"500\" alt=\"Porn Tube\"><\/a><\/p>\n<\/div>\n<div class=\"reviewtitle\">\n<h1 style=\"font-family:Arial;font-size:56px;font-style:normal;font-weight:bold;color:#FF1F78;\">shegotass<\/h1>\n<\/div>\n<div class=\"reviewsub\">\n<h2 style=\"font-size:14px;font-style:normal;font-weight:bold;\">shegotass.info<\/H2>\n<\/div>\n<div class=\"reviewtext\">\n<span style=\"font-size:16px;font-style:normal;\">Ja, Ebony Babes haben erstaunliche \u00c4rsche. Im wahrsten Sinne des Wortes erstaunliche Hintern! Schwarze Babes sind einzigartig und aus diesem Grund haben viele Webseiten ihren Inhalt dieser Nische gewidmet, von A-Z. SheGotAss.info ist eine von ihnen und hat eine Menge schwarze Pornos auf ihren Seiten.<\/br><\/p>\n<p>Mit der Navigationsleiste kannst du den Inhalt nach letzten Clips am besten bewerteten und am meisten gesehenen sortieren. Daneben siehst du Schaltfl\u00e4chen f\u00fcr die Kategorien: Models mit geilem Arsch, schwarze Amateur Pornos, Muschi Bilder, tanzende nackte \u00c4rsche, Pornos aus der Nachbarschaft, fette Muschis und einige andere. Sie haben sogar eine Liste mit Top Models: Stacy Adams, Nyomi Banxxx, Caramel, Sinnamon Love, Sydnee Capri und mehr. Ich mag die Tatsache, dass du sehen kannst wie viele Clips unter jeder einzelnen dieser Kategorien hinzugef\u00fcgt wurden.<\/br><\/p>\n<p>Wenn du auf der Homepage scrollst, wirst du den Bereich f\u00fcr Top Videos heute finden. Zu jeder Ver\u00f6ffentlichung bekommst du ein Vorschaubild mit einer Vorschau, einem Titel, der L\u00e4nge, dem Datum des Hochladens, die Bewertung und die Anzahl der Klicks. In der N\u00e4he der Fu\u00dfleiste, haben wir das Men\u00fc, das es uns erlaubt zwischen den Seiten zu browsen und die Wolke mit den Schlagworten.<br \/>\n<\/span>\n<\/div>\n<div class=\"reviewsiteurl\">\n<a href=\"http:\/\/www.shegotass.info\/\" base target=\"_self\"><span style=\"font-size:32px;font-style:normal;font-weight:bold;text-decoration:underline;\">Hier klicken, um die webseite zu besuchen <\/span><\/a>\n<\/div>\n<\/div>\n","protected":false},"excerpt":{"rendered":"<p>Zur\u00fcck zur Startseite Seitenbewertung shegotass shegotass.info Ja, Ebony Babes haben erstaunliche \u00c4rsche. Im wahrsten Sinne des Wortes erstaunliche Hintern! Schwarze Babes sind einzigartig und aus diesem Grund haben viele Webseiten ihren Inhalt dieser Nische gewidmet, von A-Z. SheGotAss.info ist eine von ihnen und hat eine Menge schwarze Pornos auf ihren Seiten. Mit der Navigationsleiste kannst <a href='https:\/\/www.thepornlist.net\/de\/ebony-porn-sites\/shegotass\/' class='excerpt-more'>[&#8230;]<\/a><\/p>\n","protected":false},"author":1,"featured_media":0,"parent":9777,"menu_order":21230,"comment_status":"closed","ping_status":"closed","template":"0-autofill-tpl-template.php","meta":{"_acf_changed":false,"footnotes":""},"tags":[],"acf":[],"aioseo_notices":[],"_links":{"self":[{"href":"https:\/\/www.thepornlist.net\/de\/wp-json\/wp\/v2\/pages\/9805"}],"collection":[{"href":"https:\/\/www.thepornlist.net\/de\/wp-json\/wp\/v2\/pages"}],"about":[{"href":"https:\/\/www.thepornlist.net\/de\/wp-json\/wp\/v2\/types\/page"}],"author":[{"embeddable":true,"href":"https:\/\/www.thepornlist.net\/de\/wp-json\/wp\/v2\/users\/1"}],"replies":[{"embeddable":true,"href":"https:\/\/www.thepornlist.net\/de\/wp-json\/wp\/v2\/comments?post=9805"}],"version-history":[{"count":0,"href":"https:\/\/www.thepornlist.net\/de\/wp-json\/wp\/v2\/pages\/9805\/revisions"}],"up":[{"embeddable":true,"href":"https:\/\/www.thepornlist.net\/de\/wp-json\/wp\/v2\/pages\/9777"}],"wp:attachment":[{"href":"https:\/\/www.thepornlist.net\/de\/wp-json\/wp\/v2\/media?parent=9805"}],"wp:term":[{"taxonomy":"post_tag","embeddable":true,"href":"https:\/\/www.thepornlist.net\/de\/wp-json\/wp\/v2\/tags?post=9805"}],"curies":[{"name":"wp","href":"https:\/\/api.w.org\/{rel}","templated":true}]}}