{"id":9811,"date":"2016-05-16T16:56:01","date_gmt":"2016-05-16T16:56:01","guid":{"rendered":"https:\/\/www.thepornlist.net\/de\/watchmygf\/"},"modified":"2019-05-20T11:34:14","modified_gmt":"2019-05-20T11:34:14","slug":"watchmygf","status":"publish","type":"page","link":"https:\/\/www.thepornlist.net\/de\/amateur-porn-sites\/watchmygf\/","title":{"rendered":"watchmygf.me"},"content":{"rendered":"<div class=\"pb\">\n<div class=\"hd\">\n<a href=\"https:\/\/www.thepornlist.net\/de\/\" base target=\"_self\">Zur\u00fcck zur Startseite<\/a>\n<\/div>\n<div class=\"hd2\">\n<span style=\"font-style:normal;font-weight:bold;\">Seitenbewertung<\/span>\n<\/div>\n<\/div>\n<div style=\"width:100%; margin-left:auto; margin-right:auto; clear:both;z-index:1; padding-top:5px; border-radius: 2px;\">\n<div class=\"reviewimg\">\n<p><a href=\"http:\/\/www.watchmygf.me\/\" base target=\"_self\"><img decoding=\"async\" src=\"https:\/\/www.thepornlist.net\/wp-content\/uploads\/amateurrev\/watchmygf.jpg\" width=\"500\" height=\"500\" alt=\"Porn Tube\"><\/a><\/p>\n<\/div>\n<div class=\"reviewtitle\">\n<h1 style=\"font-family:Arial;font-size:56px;font-style:normal;font-weight:bold;color:#FF1F78;\">watchmygf<\/h1>\n<\/div>\n<div class=\"reviewsub\">\n<h2 style=\"font-size:14px;font-style:normal;font-weight:bold;\">watchmygf.me<\/H2>\n<\/div>\n<div class=\"reviewtext\">\n<span style=\"font-size:16px;font-style:normal;\">Um ehrlich zu sein, wenn du eine h\u00fcbsche Freundin hast, h\u00e4tte ich nichts dagegen sie nackt und in meinem Bett zu sehen. Willkommen bei WatchMyGF.com, einer Porno Tube, die sehr Premium aussieht, auch wenn sie es nicht ist. Es geht alles um Amateur Babes, hoch geladene Inhalte, hei\u00dfe zu Hause gedrehte Clips und Freundinnen (falls diese Babes wirklich Amateurinnen sind).<\/br><\/p>\n<p>Auf der Homepage geht es gleich mit jeder Menge Optionen los. Zuerst solltest du dir die Navigationsleiste ansehen denn sie hat Schaltfl\u00e4chen f\u00fcr Videos, Fotos, Kategorien, Kan\u00e4le, Wahre Geschichten, Girls und f\u00fcr die Gemeinschaft. Darunter wirst du Vorschaubilder f\u00fcr die beliebtesten Videos mit Freundinnen und beliebte Fotos sehen. Du findest die Vorschauen hinter den Vorschaubildern und die Art und Weise wie die Ver\u00f6ffentlichungen dargestellt werden ist einfach exquisit. Ich habe dir ja schon gesagt, dass diese Seite nach Premium und einer Million Dollar aussieht.<\/br><\/p>\n<p>In der oberen rechten Ecke wirst du das Men\u00fc sehen, das es dir erlaubt hoch zu laden, einen Account anzulegen oder auf deinen Account zuzugreifen falls du schon einen hast. In der Mitte der Kopfzeile wartet ein Suche Kasten auf dich und du kannst ihn verwenden wenn du spezielle Inhalte suchst.<\/br> <\/p>\n<p>Wenn du Porno Videos von Ex Freundinnen sehen willst, dann besuche WatchMyGF.com und nutze all das, was es dort gibt.<br \/>\n<\/span>\n<\/div>\n<div class=\"reviewsiteurl\">\n<a href=\"http:\/\/www.watchmygf.me\/\" base target=\"_self\"><span style=\"font-size:32px;font-style:normal;font-weight:bold;text-decoration:underline;\">Hier klicken, um die webseite zu besuchen <\/span><\/a>\n<\/div>\n<\/div>\n","protected":false},"excerpt":{"rendered":"<p>Zur\u00fcck zur Startseite Seitenbewertung watchmygf watchmygf.me Um ehrlich zu sein, wenn du eine h\u00fcbsche Freundin hast, h\u00e4tte ich nichts dagegen sie nackt und in meinem Bett zu sehen. Willkommen bei WatchMyGF.com, einer Porno Tube, die sehr Premium aussieht, auch wenn sie es nicht ist. Es geht alles um Amateur Babes, hoch geladene Inhalte, hei\u00dfe zu <a href='https:\/\/www.thepornlist.net\/de\/amateur-porn-sites\/watchmygf\/' class='excerpt-more'>[&#8230;]<\/a><\/p>\n","protected":false},"author":1,"featured_media":0,"parent":9817,"menu_order":25510,"comment_status":"closed","ping_status":"closed","template":"0-autofill-tpl-template.php","meta":{"_acf_changed":false,"footnotes":""},"tags":[],"acf":[],"aioseo_notices":[],"_links":{"self":[{"href":"https:\/\/www.thepornlist.net\/de\/wp-json\/wp\/v2\/pages\/9811"}],"collection":[{"href":"https:\/\/www.thepornlist.net\/de\/wp-json\/wp\/v2\/pages"}],"about":[{"href":"https:\/\/www.thepornlist.net\/de\/wp-json\/wp\/v2\/types\/page"}],"author":[{"embeddable":true,"href":"https:\/\/www.thepornlist.net\/de\/wp-json\/wp\/v2\/users\/1"}],"replies":[{"embeddable":true,"href":"https:\/\/www.thepornlist.net\/de\/wp-json\/wp\/v2\/comments?post=9811"}],"version-history":[{"count":0,"href":"https:\/\/www.thepornlist.net\/de\/wp-json\/wp\/v2\/pages\/9811\/revisions"}],"up":[{"embeddable":true,"href":"https:\/\/www.thepornlist.net\/de\/wp-json\/wp\/v2\/pages\/9817"}],"wp:attachment":[{"href":"https:\/\/www.thepornlist.net\/de\/wp-json\/wp\/v2\/media?parent=9811"}],"wp:term":[{"taxonomy":"post_tag","embeddable":true,"href":"https:\/\/www.thepornlist.net\/de\/wp-json\/wp\/v2\/tags?post=9811"}],"curies":[{"name":"wp","href":"https:\/\/api.w.org\/{rel}","templated":true}]}}