{"id":9815,"date":"2016-05-16T15:13:47","date_gmt":"2016-05-16T15:13:47","guid":{"rendered":"https:\/\/www.thepornlist.net\/de\/indian-porn-sites\/"},"modified":"2019-11-08T09:21:07","modified_gmt":"2019-11-08T09:21:07","slug":"indian-porn-sites","status":"publish","type":"page","link":"https:\/\/www.thepornlist.net\/de\/indian-porn-sites\/","title":{"rendered":"Indischer Porno"},"content":{"rendered":"<div class=\"pb\">\n<div class=\"hd\">\n<a href=\"https:\/\/www.thepornlist.net\/de\/\" base target=\"_self\" rel=\"noopener noreferrer\">Zur\u00fcck zur Startseite<\/a>\n<\/div>\n<div class=\"hd2\">\n<span style=\"font-style:normal;font-weight:bold;\">Top Indian Pornoseiten<\/span>\n<\/div>\n<\/div>\n<div class=\"catblock\">\n<div class=\"cattxtnew\">\n<h2>Desi Babes sind eigentlich, Indische Babes<\/h2>\n<p>F\u00fcr diejenigen, die es nicht wissen, als Desi Girls gelten die Girls, die aus den indischen und s\u00fcdasiatischen Teilen der Welt stammen. Indien, Pakistan, Bangladesh sind die L\u00e4nder, die als Desi L\u00e4nder bezeichnet werden. Ja. Jetzt, da du ein bisschen \u00fcber die geographischen Bedingungen wei\u00dft, lass uns zu dem zur\u00fcckkommen, was wir am besten kennen, Porno. Hindu Pornos ist eines der exotischeren Porno Genres denn es ist nicht so normal ein Desi Girl zu sehen, das so locker vor der Kamera ist, gefickt wird oder Schw\u00e4nze bl\u00e4st. Es ist eine Tatsache, dass sie mit ihrem Glauben ein bisschen konservativ sind und es nicht normal solch ein Girl zu sehen, das abgeht. Es ist tief in ihrem Glaubenssystem eingepflanzt und sie bleiben ihrer Sache treu. Nun, lass uns eine Frage stellen, die du vielleicht ziemlich verbl\u00fcffend finden wirst, unser geneigter Leser. Findest du Girls, die ihre sexy Vorz\u00fcge nicht offen zeigen hei\u00dfer oder weniger hei\u00df und wirst du erregter wenn du alles auf einmal zu sehen bekommst oder bevorzugst du die ganze Sache vorher schon zu sehen und wenn sie erst einmal nackt ist, dann ist es genau das Gleiche? Das Mysterium ist es, das diese Babes hei\u00df macht.<\/p>\n<h2>Wenn Hari Krishna Pornos gemacht h\u00e4tte, w\u00e4ren viel Fotzen mit den Fingern gefickt worden<\/h2>\n<p>Indische Pornos k\u00f6nnen normalerweise auf einige Amateur Arten gesehen werden. Wir haben entschieden den Schleier zu l\u00fcften und dir zu zeigen wie sexy diese Porno Videos sein k\u00f6nnen. Die Girls sind umhauend und verdammt hei\u00df. Es gibt keine M\u00f6glichkeit, dass du nicht hart wirst wenn du erst einmal siehst, wie hei\u00df sie aussehen. Schau dir ein paar der Premium Porno Videos an. Die Girls, die ausgesucht wurden um in diesen Videos im Mittelpunkt zu stehen, sind Sex G\u00f6ttinnen und sie sehen aus als ob sie aus einem Mythos oder einer Legende \u00fcber eine sch\u00f6ne K\u00f6nigin, die vor Tausenden von Jahren gelebt hat und die genau die Sch\u00f6nheit hatte, die dich umbringen k\u00f6nnte, kommen w\u00fcrden. Ja, es ist wahr. Wenn sie ein vollbusiges, hei\u00dfes Desi Babe gefunden haben, wirst du deine Eier in unter einer Sekunde zum platzen bringen. Es ist verr\u00fcckt, wie verdammt geil sie aussehen, Auf der anderen Seite, gibt es nicht viele von ihnen. Wie wir schon gesagt haben, sie sind ein Edelstein, wenn du ihn erst einmal gefunden hast, ist er viel wert. Also erinnere dich bei jeder Seite in der Liste daran, was du in deinen H\u00e4nden h\u00e4ltst.<\/p>\n<h2>Meistens sind indische Pornos Amateur Videos<\/h2>\n<p>Wie du bemerken kannst sind es meistens Amateur Videos, die Desi Babes in den Mittelpunkt stellen. Das liegt an der Tatsache, dass es h\u00f6llisch schwer ist ein anst\u00e4ndiges Hindu Babe dazu zu bekommen, Pornostar zu werden. Wir hatten k\u00fcrzlich eine Situation, in die Mia Khalifa involviert war. Sie kam aus dem Mittleren Osten aber sie wurde amerikanisiert. Als sie dann bekannt wurde, fing es an, dass sie Todesdrohungen bekam und es war eine Kontroverse f\u00fcr die Leute, die in diesen L\u00e4ndern leben. Diese Leute nehmen diese Dinge wirklich ernst und wenn du ein cooles Desi Girl ficken sehen willst glaubst du es besser, dass sie nicht aus Indien stammen wird. Sie k\u00f6nnte Desi sein aber sie wird nicht dort leben, das ist ganz sicher. Also, wenn wir einen Blick auf die Seiten werfen, die wir hier haben, und es sieht nicht viele davon, macht es Sinn warum das so ist. Der Bereich ist schlank denn die Seltenheit ist gro\u00df. Wenn du ein hei\u00dfes Hindu Girl siehst, dann gef\u00e4llt sie dir besser. Wir haben \u00fcberall im ganzen Netz gesucht um einige hei\u00dfe Seiten zu finden, die wir dir pr\u00e4sentieren k\u00f6nnen, aber was du siehst ist was du bekommst, sie sind so selten.<\/p>\n<h2>Sex mit einem exotischen Luder ist immer der Knaller<\/h2>\n<p>Es ist immer das Gleiche mit all diesen seltenen Nischen Girls. Du bekommst entweder Tonnen von selbst gedrehten Amateur Videos oder du bekommst einen Pornostar, der lustlos wird weil ihre \u201eLeute\u201c sie beanspruchen und ihren Glauben auf sie anwenden. Etwas Voodoo Zeug, das sogar wir nicht verstehen k\u00f6nnen. Aber wenn du dir einige Videos anschaust, wie die, die wir angeschaut haben, wirst du einiges an hei\u00dfem Sex finden, perfekte F\u00e4higkeiten beim Schwanz blasen, die dich \u00fcberraschen werden und einige geile Ficks. Alles dreht sich um das Wesentliche. Ungeachtet davon, dass diese Nische keine High-end Produktion hat, hat sie extreme Talente und das ist es, was die Fans sehen wollen. Tolle Hindu Babes, die von ihren M\u00e4nnern wie Hasen gefickt werden, ist alles, was ein Porno Fan jemals braucht. Sieh dir alle Seiten auf der Liste an, es wird nicht lange dauern wenn du nicht planst dabei zu wichsen, und sieh wie ein echter Diamant im Rohzustand wirklich aussieht. Du wirst freudig \u00fcberrascht werden und wir sind sicher, das du wieder kommen wirst, sp\u00e4ter, um dir dieses eine Luder anzusehen, das deine Aufmerksamkeit auf sich zieht. <\/p>\n<\/div>\n<\/div>\n<div class=\"tplblockprem\">\n<a href=\"http:\/\/wct.link\/click?c=eyJhIjoxNTAyNywibyI6MTMsInAiOjJ9\" rel=\"nofollow\">Indiangfvideos<\/a><br \/>\n<a href=\"http:\/\/wct.link\/click?c=eyJhIjoxNTAyNywibyI6MTMsInAiOjJ9\" rel=\"nofollow\"><img decoding=\"async\" src=\"https:\/\/www.thepornlist.net\/wp-content\/uploads\/indiansub\/indiangfvideos.jpg\" ><\/a> <\/p>\n<div class=\"tplblockpremtxt\">Eine Premium Seite, wo du hei\u00dfen indischen Freundinnen bei einer Menge von unanst\u00e4ndigen Sachen zusehen kannst. Solo Babes, angezogen, nackt, masturbierend, blasend, fickend und viel mehr erwartet dich auf dieser Seite. <\/div>\n<\/div>\n<div class=\"tplblockprem\">\n<a href=\"http:\/\/www.delhisexchat.com\/?affID=IPE-778402\" rel=\"nofollow\">Delhi Sex Chat<\/a><br \/>\n<a href=\"http:\/\/www.delhisexchat.com\/?affID=IPE-778402\" rel=\"nofollow\"><img decoding=\"async\" src=\"https:\/\/www.thepornlist.net\/wp-content\/uploads\/2016\/05\/delhi-sex-chat.jpg\" alt=\"delhi sex chat\"><\/a> <\/p>\n<div class=\"tplblockpremtxt\">Der beste Sex Chat spezialisiert auf indische Girls. Sprich mit echten Desi Girls, sexy Bhabhis und Mallu Tanten. Sie sprechen alle indischen Sprachen, Hindi, Tamil. Bengali und Gujarati!<\/div>\n<\/div>\n<div class=\"tplblockprem\">\n<a href=\"http:\/\/secure.desipapa.com\/track\/MTQxNi4xLjkuMTUuMC4wLjAuMC4w\" rel=\"nofollow\">desipapa<\/a><br \/>\n<a href=\"http:\/\/secure.desipapa.com\/track\/MTQxNi4xLjkuMTUuMC4wLjAuMC4w\" rel=\"nofollow\"><img decoding=\"async\" src=\"https:\/\/www.thepornlist.net\/wp-content\/uploads\/indiansub\/desipapa.jpg\" ><\/a> <\/p>\n<div class=\"tplblockpremtxt\">Eine riesige Sammlung von indischen hardcore Porno Videos. DesiPapa hat mehr indische Sex Videos und Pussys als du jemals gesehen hast. Geniesse diese nackten indischen Girls!<\/div>\n<\/div>\n<div class=\"tplblockprem\">\n<a href=\"https:\/\/www.thepornlist.net\/de\/indian-porn-sites\/porn\/\">porn<\/a><br \/>\n<a href=\"https:\/\/www.thepornlist.net\/de\/indian-porn-sites\/porn\/\"><img decoding=\"async\" src=\"https:\/\/www.thepornlist.net\/wp-content\/uploads\/indiansub\/porn.jpg\"  alt=\"porn\"><\/a> <\/p>\n<div class=\"tplblockpremtxt\">Eine ber\u00fchmte und kostenlose Porno Tube mit einem Namen, der alles erkl\u00e4rt. Du kannst hier Tonnen von Babes aus dem Osten finden denn es gibt hier Kategorien, die sich darauf spezialisiert haben.<\/div>\n<\/div>\n<div class=\"tplblockprem\">\n<a href=\"https:\/\/www.thepornlist.net\/de\/indian-porn-sites\/sextube\/\">sextube<\/a><br \/>\n<a href=\"https:\/\/www.thepornlist.net\/de\/indian-porn-sites\/sextube\/\"><img decoding=\"async\" src=\"https:\/\/www.thepornlist.net\/wp-content\/uploads\/indiansub\/sextube.jpg\"  alt=\"sextube\"><\/a> <\/p>\n<div class=\"tplblockpremtxt\">Eine kostenlose Porno Tube wie jede andere, au\u00dfer dass diese sich auf hei\u00dfe indische Babes spezialisiert hat. Ihre Kategorien drehen sich um eine besondere Nische also sei bereit f\u00fcr ein exotisches Erlebnis!<\/div>\n<\/div>\n<div class=\"tplblockprem\">\n<a href=\"https:\/\/www.thepornlist.net\/de\/indian-porn-sites\/indianxtube\/\">indianxtube<\/a><br \/>\n<a href=\"https:\/\/www.thepornlist.net\/de\/indian-porn-sites\/indianxtube\/\"><img decoding=\"async\" src=\"https:\/\/www.thepornlist.net\/wp-content\/uploads\/indiansub\/indianxtube.jpg\"  alt=\"indianxtube\"><\/a> <\/p>\n<div class=\"tplblockpremtxt\">Eine Porno Tube, die hei\u00dfe Desi Videos von ihren hochladenden Mitgliedern sammelt. Es kostet nichts sie zu verwenden, aber du musst einen Account haben wenn du deine Porno Materialien hochladen willst. <\/div>\n<\/div>\n<div class=\"tplblockprem\">\n<a href=\"https:\/\/www.thepornlist.net\/de\/indian-porn-sites\/desihoes\/\">desihoes<\/a><br \/>\n<a href=\"https:\/\/www.thepornlist.net\/de\/indian-porn-sites\/desihoes\/\"><img decoding=\"async\" src=\"https:\/\/www.thepornlist.net\/wp-content\/uploads\/indiansub\/desihoes.jpg\"  alt=\"desihoes\"><\/a> <\/p>\n<div class=\"tplblockpremtxt\">DesiHoes.com, was kann ich noch mehr sagen? Es ist schon klar, dass sich die Seite mit Desi Flittchen besch\u00e4ftigt, ich f\u00fcge nur hinzu, dass diese Flittchen unglaubliches Zeug treiben. Und dass sie kostenlos ist. <\/div>\n<\/div>\n<div style=\"width:100%; Float:left; line-height:250%; margin-left:auto; margin-right:auto; clear:both;z-index:1;\">\n<p><a href=\"https:\/\/www.thepornlist.net\/de\/\" base target=\"_self\" rel=\"noopener noreferrer\"><\/p>\n<p style=\"text-align:center;\"><span style=\"font-size:40px;text-decoration:underline;font-style:normal;font-weight:bold;text-transform:uppercase;color:6B70FF;\">Hier klicken, um die komplette porno liste <\/span><\/a><\/p>\n<\/div>\n","protected":false},"excerpt":{"rendered":"<p>Zur\u00fcck zur Startseite Top Indian Pornoseiten Desi Babes sind eigentlich, Indische Babes F\u00fcr diejenigen, die es nicht wissen, als Desi Girls gelten die Girls, die aus den indischen und s\u00fcdasiatischen Teilen der Welt stammen. Indien, Pakistan, Bangladesh sind die L\u00e4nder, die als Desi L\u00e4nder bezeichnet werden. Ja. Jetzt, da du ein bisschen \u00fcber die geographischen <a href='https:\/\/www.thepornlist.net\/de\/indian-porn-sites\/' class='excerpt-more'>[&#8230;]<\/a><\/p>\n","protected":false},"author":1,"featured_media":0,"parent":0,"menu_order":0,"comment_status":"closed","ping_status":"closed","template":"11new-category-template.php","meta":{"_acf_changed":false,"footnotes":""},"tags":[621],"acf":[],"aioseo_notices":[],"_links":{"self":[{"href":"https:\/\/www.thepornlist.net\/de\/wp-json\/wp\/v2\/pages\/9815"}],"collection":[{"href":"https:\/\/www.thepornlist.net\/de\/wp-json\/wp\/v2\/pages"}],"about":[{"href":"https:\/\/www.thepornlist.net\/de\/wp-json\/wp\/v2\/types\/page"}],"author":[{"embeddable":true,"href":"https:\/\/www.thepornlist.net\/de\/wp-json\/wp\/v2\/users\/1"}],"replies":[{"embeddable":true,"href":"https:\/\/www.thepornlist.net\/de\/wp-json\/wp\/v2\/comments?post=9815"}],"version-history":[{"count":0,"href":"https:\/\/www.thepornlist.net\/de\/wp-json\/wp\/v2\/pages\/9815\/revisions"}],"wp:attachment":[{"href":"https:\/\/www.thepornlist.net\/de\/wp-json\/wp\/v2\/media?parent=9815"}],"wp:term":[{"taxonomy":"post_tag","embeddable":true,"href":"https:\/\/www.thepornlist.net\/de\/wp-json\/wp\/v2\/tags?post=9815"}],"curies":[{"name":"wp","href":"https:\/\/api.w.org\/{rel}","templated":true}]}}