{"id":9829,"date":"2016-05-14T18:40:40","date_gmt":"2016-05-14T18:40:40","guid":{"rendered":"https:\/\/www.thepornlist.net\/de\/vintage-porn-sites\/"},"modified":"2019-06-27T11:56:36","modified_gmt":"2019-06-27T11:56:36","slug":"vintage-porn-sites","status":"publish","type":"page","link":"https:\/\/www.thepornlist.net\/de\/vintage-porn-sites\/","title":{"rendered":"Vintage Pornoseiten"},"content":{"rendered":"<div class=\"pb\">\n<div class=\"hd\">\n<a href=\"https:\/\/www.thepornlist.net\/de\/\" base target=\"_self\">Zur\u00fcck zur Startseite<\/a>\n<\/div>\n<div class=\"hd2\">\n<span style=\"font-style:normal;font-weight:bold;\">Best Vintage, classic and Retro Pornoseiten<\/span>\n<\/div>\n<\/div>\n<div class=\"catblock\">\n<div class=\"cattxtnew\">\n<h2>Die Evergreens sind aus einem bestimmten Grund immer gr\u00fcn<\/h2>\n<p>Als diese Videos gemacht worden sind, waren die meisten von uns noch nicht einmal geboren. F\u00fcr alle von euch, die es schon waren, herzlichen Gl\u00fcckwunsch! Ihr seid sehr alt. Ihr habt es so weit geschafft nur um ein paar Pornos anzuschauen. Ein dickes Lob an euch! Aber der Rest von uns, wir waren nicht da um Zeugen der goldenen \u00c4ra der Pornos zu werden, als Pornos noch so etwas wie ein h\u00f6llisches Tabu waren, aber sie waren im Vormarsch und die unleugbare Kraft und Energie dahinter waren die Flugbahn zum Erfolg. Nun, hier sind wir schon fast Arch\u00e4ologen, die euch die \u00dcberreste, von dem was einmal war, zeigen. Der Porno war rau, mit irrer Musik und sie haben sich alle nicht so ernst genommen. Um fair zu sein, die meisten der Stars, und sogar diejenigen, die keine waren, mussten riesige Eier haben und den Mut in diesen Zeiten das zu tun, was sie getan haben. Die Zeiten, in denen sie gelebt haben, waren noch verklemmt und der Liberalismus hatte gerade erst angefangen, es war hart und wenn man tat, was man getan hat, wurde man vermutlich von der Gesellschaft in der man gelabt hat, gemieden. Heute ist es ein bisschen besser, aber damals war es Krieg!<\/p>\n<h2>Retro das immer noch Gift wie frisches Zeug hat<\/h2>\n<p>Wenn du einen Blick auf irgendeinen Porno Streifen aus diesen Zeiten wirfst, 70er, 80er, 90er, kannst du sehen, dass die Produktion nicht so ausgefallen war. Sie wollten es auch nicht sein. Sie haben die Essenz der Kunst zur Schau gestellt, das Ficken. Es war alles so unbeholfen und rau, dass du einfach sp\u00fcren kannst, dass diese Darsteller und Darstellerinnen darauf standen. Sie haben nicht so viel vorget\u00e4uscht wie es heute getan wird. Heute ist der Fake Faktor gr\u00f6\u00dfer denn heute tun Girls es  f\u00fcr Geld und den Ruhm, h\u00e4ufiger als in den fr\u00fcheren Tagen. Damals gab es fast kein Geld im Porno aber sie haben es trotzdem gemacht. Das hei\u00dft, dass sie es unbedingt wollten und du kannst diese Stimmung vor der Kamera sp\u00fcren. Es ist ein echter Moment, mit der Kamera eingefangen, und es ist erstaunlich. Hier sind einige der Seiten, die cool zum browsen und zum anschauen einiger Videos von der alten Schule. Einige zeigen Pornos, einige pr\u00e4sentieren Bilder aus den Magazinen, die es damals gab. Du kannst sehen, wie abgenutzt sie aussehen und du kannst dir sogar vorstellen, wie die Seiten der alten Magazine aneinander kleben, genau so real ist all das.<\/p>\n<h2>Gold Pornos, die Sorte, die sich unsere Gro\u00dfeltern anschauten<\/h2>\n<p>Wir m\u00fcssen den alten Porno Machern applaudieren. Sie haben wirklich gewusst, was sie taten. Es war wahrscheinlich nicht leicht alle diese Filme zu machen. Damals waren es alles Filme. Sie wurden in Theatern gespielt. Man musste sich wirklich anstrengen, Blut, Schwei\u00df und Tr\u00e4nen waren n\u00f6tig damit es funktionierte. Wenn das Produkt nicht gut war, war es vermutlich der letzte Streifen den sie gemacht haben denn erst das Geld hat die Porno Welt voran gebracht. Wenn sie ihre Kosten nicht decken konnten, Sayonara Playa, dann war alles vorbei. In den 80ern fing die Porno Szene an durchzustarten wie Raketen und Pornostars bekamen langsam Anerkennung und einen Bekanntheitsgrad. Auf all diesen Seiten, die wir euch pr\u00e4sentiert haben, kannst du die meisten dieser Videos und Filme in voller L\u00e4nge sehen. Leute wie Ron Jeremy der in den 70ern angefangen hat, die Amber Lynns, die Nina Hartleys, sie alle begannen mehr und mehr Anerkennung zu bekommen und man kann sagen, dass die Leute sie zur Kenntnis genommen haben. Nat\u00fcrlich haben sie das, sie haben schon immer, es ist nur, dass sie sich gesch\u00e4mt haben es zuzugeben. <\/p>\n<h2>Klassiker werden f\u00fcr immer Klassiker sein<\/h2>\n<p>Diese Filme sind wie die besten Spieler einer Mannschaft, die Mitglieder der Ruhmeshalle der Pornos. Wenn wir einen Blick darauf werfen, wie weit sich der Porno von damals bis heute entwickelt hat, ist es erstaunlich wozu er geworden ist. Jetzt gibt es Girls, die alleine durch Instagram Pornostars werden. Du musst sogar nicht einmal dein Zuhause verlassen, du kannst Webcam Star sein. Man kann mit Pornos auf so viele Arten Geld verdienen. Es gab in fr\u00fcheren Jahren nur einen Weg und du musstest einen Pimmel in deine Fotze lassen um bezahlt zu werden. Um diesen Pionieren die Ehre zu erweisen, sind die Seiten, die wir unter einem Dach gesammelt haben das beste vom Besten, die Seiten, die deine Aufmerksamkeit wert sind. Einige der Seiten haben eine verschiedene Art von Inhalt, aber du wirst sie trotzdem lieben. Wir werden dir nicht erz\u00e4hlen, was es ist, es liegt an dir herauszufinden, was es ist wor\u00fcber wir reden. Retro ist hier um f\u00fcr immer zu bleiben, zeigt sich hier in der Form eines Videos und nun schau dir an, wie die Vergangenheit war.<\/p><\/div>\n<\/div>\n<div class=\"tplblockprem\">\n<a href=\"https:\/\/www.thepornlist.net\/de\/vintage-porn-sites\/theclassicporn\/\">theclassicporn<\/a><br \/>\n<a href=\"http:\/\/www.theclassicporn.com\/index.html?id=thepornlist\" rel=\"nofollow\"><img decoding=\"async\" src=\"https:\/\/www.thepornlist.net\/wp-content\/uploads\/vintagesub\/theclassicporn.jpg\" alt=\"vintage porn\"><\/a> <\/p>\n<div class=\"tplblockpremtxt\">Tolle Filme in voller L\u00e4nge warten auf dich um dich in der Zeit mit zur\u00fcckzunehmen! Mit vielen Kategorien und Pornostars aus denen du ausw\u00e4hlen kannst, diese Oldtimer werden dich richtig befriedigen!<\/div>\n<\/div>\n<div class=\"tplblockprem\">\n<a href=\"https:\/\/www.thepornlist.net\/de\/vintage-porn-sites\/vcaxxx\/\">vcaxxx<\/a><br \/>\n<a href=\"http:\/\/secure.vcaxxx.com\/track\/NDM1NTg0LjIuMTguMTMuMC4wLjAuMC4w\" rel=\"nofollow\"><img decoding=\"async\" src=\"https:\/\/www.thepornlist.net\/wp-content\/uploads\/vintagesub\/vcaxxx.jpg\" alt=\"vintage porn\"><\/a> <\/p>\n<div class=\"tplblockpremtxt\">VCA  Klassiker sind ein Archiv von erstaunlichen Porno Videos der alten Schule, und sie haben eine Premium Mitgliedschaft und zeigen mehr als 8.000 Videos und 75.000 Fotos, mach mit um vollen Zugang zu bekommen!<\/div>\n<\/div>\n<div class=\"tplblockprem\">\n<a href=\"https:\/\/www.thepornlist.net\/de\/vintage-porn-sites\/vintageclassicporn\/\">vintageclassicporn<\/a><br \/>\n<a href=\"http:\/\/imctrck.com\/ct?id=45876&#038;bn=2362\" rel=\"nofollow\"><img decoding=\"async\" src=\"https:\/\/www.thepornlist.net\/wp-content\/uploads\/vintagesub\/vintageclassicporn.jpg\" alt=\"vintage porn\"><\/a> <\/p>\n<div class=\"tplblockpremtxt\">Diese Webseite hat einige der besten Porno Klassiker, die jemals herausgekommen sind, zusammengestellt! Mach jetzt mit und erhalte Zugang zu den wundersch\u00f6nsten Models, die damals gefickt haben!<\/div>\n<\/div>\n<div class=\"tplblockprem\">\n<a href=\"https:\/\/www.thepornlist.net\/de\/vintage-porn-sites\/retroraw\/\">retroraw<\/a><br \/>\n<a href=\"https:\/\/www.thepornlist.net\/de\/vintage-porn-sites\/retroraw\/\"><img decoding=\"async\" src=\"https:\/\/www.thepornlist.net\/wp-content\/uploads\/vintagesub\/retroraw.jpg\" alt=\"vintage porn\"><\/a> <\/p>\n<div class=\"tplblockpremtxt\">Raue Videos aus einer Retro Kategorie. Schau dir einige der DVDs im Mitgliederbereich an und du wirst herausfinden, dass die alten Pornos sich wirklich bem\u00fcht haben eine Geschichte zu erz\u00e4hlen!<\/div>\n<\/div>\n<div class=\"tplblockprem\">\n<a href=\"https:\/\/www.thepornlist.net\/de\/vintage-porn-sites\/rodox\/\">rodox<\/a><br \/>\n<a href=\"https:\/\/www.thepornlist.net\/de\/vintage-porn-sites\/rodox\/\"><img decoding=\"async\" src=\"https:\/\/www.thepornlist.net\/wp-content\/uploads\/vintagesub\/rodox.jpg\" alt=\"vintage porn\"><\/a> <\/p>\n<div class=\"tplblockpremtxt\">Wie der Slogan sagt, dies ist eine Sammlung aus 40 Jahren der besten d\u00e4nischen hardcore Pornos! Einige der Pornostars sind erstaunlich und es ist schwer sie anderswo zu finden!<\/div>\n<\/div>\n<div class=\"tplblockprem\">\n<a href=\"https:\/\/www.thepornlist.net\/de\/vintage-porn-sites\/retropornarchive\/\">retropornarchive<\/a><br \/>\n<a href=\"https:\/\/www.thepornlist.net\/de\/vintage-porn-sites\/retropornarchive\/\"><img decoding=\"async\" src=\"https:\/\/www.thepornlist.net\/wp-content\/uploads\/vintagesub\/retropornarchive.jpg\" alt=\"vintage porn\"><\/a> <\/p>\n<div class=\"tplblockpremtxt\">Ein tolles Archiv der besten Pornostars aus alten Tagen die dir durch ihre originellen Geschichten und die besten downloadbaren Szenen, die du absolut lieben wirst, gefallen werden!<\/div>\n<\/div>\n<div class=\"tplblockprem\">\n<a href=\"https:\/\/www.thepornlist.net\/de\/vintage-porn-sites\/goldpornfilms\/\">goldpornfilms<\/a><br \/>\n<a href=\"https:\/\/www.thepornlist.net\/de\/vintage-porn-sites\/goldpornfilms\/\"><img decoding=\"async\" src=\"https:\/\/www.thepornlist.net\/wp-content\/uploads\/vintagesub\/goldpornfilms.jpg\" alt=\"vintage porn\"><\/a> <\/p>\n<div class=\"tplblockpremtxt\">Eine ehrlich erstaunliche Sammlung von klassischen Porno Videos, die kostenlos verf\u00fcgbar sind! Tolles Aussehen neben einem organisierten Layout wird es dir viel leichter machen das perfekte Porno Video der alten Schule zu finden!<\/div>\n<\/div>\n<div class=\"tplblockprem\">\n<a href=\"https:\/\/www.thepornlist.net\/de\/vintage-porn-sites\/vintagevideos\/\">vintagevideos<\/a><br \/>\n<a href=\"https:\/\/www.thepornlist.net\/de\/vintage-porn-sites\/vintagevideos\/\"><img decoding=\"async\" src=\"https:\/\/www.thepornlist.net\/wp-content\/uploads\/vintagesub\/vintagevideos.jpg\" alt=\"vintage porn\"><\/a> <\/p>\n<div class=\"tplblockpremtxt\">Eine Webseite, die dich in die guten alten Zeiten zur\u00fcckbringen wird als die Filme lang und die Geschichten real waren und wo die Luder wild und frei gefickt haben. Geniesse es und du wirst wieder kommen!<\/div>\n<\/div>\n<div class=\"tplblockprem\">\n<a href=\"https:\/\/www.thepornlist.net\/de\/vintage-porn-sites\/vintagemags\/\">vintagemags<\/a><br \/>\n<a href=\"https:\/\/www.thepornlist.net\/de\/vintage-porn-sites\/vintagemags\/\"><img decoding=\"async\" src=\"https:\/\/www.thepornlist.net\/wp-content\/uploads\/vintagesub\/vintagemags.jpg\" alt=\"vintage porn\"><\/a> <\/p>\n<div class=\"tplblockpremtxt\">Diese Seite ist in Form eines Blogs und es werden regelm\u00e4\u00dfig neue klassische Videos ver\u00f6ffentlicht und es gibt die coolste Auswahl hier! Alle Arten von Kategorien warte auf dich!<\/div>\n<\/div>\n<div style=\"width:100%; Float:left; line-height:250%; margin-left:auto; margin-right:auto; clear:both;z-index:1;\">\n<p><a href=\"https:\/\/www.thepornlist.net\/de\/\" base target=\"_self\"><\/p>\n<p style=\"text-align:center;\"><span style=\"font-size:40px;text-decoration:underline;font-style:normal;font-weight:bold;text-transform:uppercase;color:6B70FF;\">Hier klicken, um die komplette porno liste <\/span><\/a><\/p>\n<\/div>\n","protected":false},"excerpt":{"rendered":"<p>Zur\u00fcck zur Startseite Best Vintage, classic and Retro Pornoseiten Die Evergreens sind aus einem bestimmten Grund immer gr\u00fcn Als diese Videos gemacht worden sind, waren die meisten von uns noch nicht einmal geboren. F\u00fcr alle von euch, die es schon waren, herzlichen Gl\u00fcckwunsch! Ihr seid sehr alt. Ihr habt es so weit geschafft nur um <a href='https:\/\/www.thepornlist.net\/de\/vintage-porn-sites\/' class='excerpt-more'>[&#8230;]<\/a><\/p>\n","protected":false},"author":1,"featured_media":0,"parent":0,"menu_order":0,"comment_status":"closed","ping_status":"closed","template":"11new-category-template.php","meta":{"_acf_changed":false,"footnotes":""},"tags":[],"acf":[],"aioseo_notices":[],"_links":{"self":[{"href":"https:\/\/www.thepornlist.net\/de\/wp-json\/wp\/v2\/pages\/9829"}],"collection":[{"href":"https:\/\/www.thepornlist.net\/de\/wp-json\/wp\/v2\/pages"}],"about":[{"href":"https:\/\/www.thepornlist.net\/de\/wp-json\/wp\/v2\/types\/page"}],"author":[{"embeddable":true,"href":"https:\/\/www.thepornlist.net\/de\/wp-json\/wp\/v2\/users\/1"}],"replies":[{"embeddable":true,"href":"https:\/\/www.thepornlist.net\/de\/wp-json\/wp\/v2\/comments?post=9829"}],"version-history":[{"count":0,"href":"https:\/\/www.thepornlist.net\/de\/wp-json\/wp\/v2\/pages\/9829\/revisions"}],"wp:attachment":[{"href":"https:\/\/www.thepornlist.net\/de\/wp-json\/wp\/v2\/media?parent=9829"}],"wp:term":[{"taxonomy":"post_tag","embeddable":true,"href":"https:\/\/www.thepornlist.net\/de\/wp-json\/wp\/v2\/tags?post=9829"}],"curies":[{"name":"wp","href":"https:\/\/api.w.org\/{rel}","templated":true}]}}