{"id":9831,"date":"2016-04-25T22:37:16","date_gmt":"2016-04-25T22:37:16","guid":{"rendered":"https:\/\/www.thepornlist.net\/de\/premium-paysites\/bffs\/"},"modified":"2019-08-19T08:51:28","modified_gmt":"2019-08-19T08:51:28","slug":"bffs","status":"publish","type":"page","link":"https:\/\/www.thepornlist.net\/de\/premium-paysites\/bffs\/","title":{"rendered":"bffs.com"},"content":{"rendered":"<div class=\"pb\">\n<div class=\"hd\">\n<a href=\"https:\/\/www.thepornlist.net\/de\/\" base target=\"_self\" rel=\"noopener noreferrer\">Zur\u00fcck zur Startseite<\/a>\n<\/div>\n<div class=\"hd2\">\n<span style=\"font-style:normal;font-weight:bold;\">Seitenbewertung<\/span>\n<\/div>\n<\/div>\n<div style=\"width:100%; margin-left:auto; margin-right:auto; clear:both;z-index:1; padding-top:5px; border-radius: 2px;\">\n<div class=\"reviewimg\">\n<p><a href=\"http:\/\/join.bffs.com\/track\/MTU1MzIuMi40OS43MjIuMC4wLjAuMC4w\" base target=\"_self\" rel=\"noopener noreferrer\"><img decoding=\"async\" src=\"https:\/\/www.thepornlist.net\/wp-content\/uploads\/2016\/04\/bffs.jpg\" width=\"500\" height=\"500\" alt=\"Porn Tube\"><\/a><\/p>\n<\/div>\n<div class=\"reviewtitle\">\n<h1 style=\"font-family:Arial;font-size:56px;font-style:normal;font-weight:bold;color:#FF1F78;\">bffs<\/h1>\n<\/div>\n<div class=\"reviewsub\">\n<h2 style=\"font-size:14px;font-style:normal;font-weight:bold;\">bffs.com<\/H2>\n<\/div>\n<div class=\"reviewtext\">\n<span style=\"font-size:16px;font-style:normal;\">Ich sollte diese Bewertung mit ein paar kurzen Worten von der Homepage von BFFS.com beginnen: \u201eWas ist BFFS? Es steht f\u00fcr Beste Freunde F\u00fcr Immer! Diese gerade vollj\u00e4hrigen Teens werden in der High School untrennbar und wollen jetzt ALLES teilen! Schau diesen Gruppen von Biestern zu wie sie selbst in diese super hei\u00dfen Teen Orgien geraten! Pyjamapartys, College Besuche, Spring Break, M\u00e4delsabend drau\u00dfen und sogar N\u00e4chte an denen sie zu Hause bleiben  all das sind Entschuldigungen um wild und ausgelassen zu werden und endet normalerweise in nacktem Spa\u00df und Gruppensex. Diese Amateur College Girls wissen was eine geile Zeit ist und haben nichts dagegen sie mit ihren BFFS zu teilen! Schau dir ihre Abenteuer an in kristallklaren HD Videos \u2013 nur bei BFFS.com\u201c.<\/br><\/p>\n<p>Es scheint in ihrer Vision so als ob beste Freundinnen, die zusammen ficken auch immer zusammen bleiben werden! Es kann im wahren leben passieren, dass beste Freunde sich zusammen das Hirn raus v\u00f6geln und ich sehe keinen Grund daf\u00fcr, diese Art von Sex nicht in der Pornografie einzuf\u00fchren. Alles, was wir im Erwachsenen Gesch\u00e4ft sehen, kann im wahren leben passieren und tut es wahrscheinlich auch, auch wenn wir in unserem t\u00e4glichen Leben nichts dar\u00fcber h\u00f6ren. Besuche BFFS.com! Es ist Premium, also wirst du nach einigen Klicks und einer Anmeldung HD Inhalte bekommen.<br \/>\n<\/span>\n<\/div>\n<div class=\"reviewsiteurl\">\n<a href=\"http:\/\/join.bffs.com\/track\/MTU1MzIuMi40OS43MjIuMC4wLjAuMC4w\" base target=\"_self\" rel=\"noopener noreferrer\"><span style=\"font-size:32px;font-style:normal;font-weight:bold;text-decoration:underline;\">Hier klicken, um die webseite zu besuchen <\/span><\/a>\n<\/div>\n<\/div>\n","protected":false},"excerpt":{"rendered":"<p>Zur\u00fcck zur Startseite Seitenbewertung bffs bffs.com Ich sollte diese Bewertung mit ein paar kurzen Worten von der Homepage von BFFS.com beginnen: \u201eWas ist BFFS? Es steht f\u00fcr Beste Freunde F\u00fcr Immer! Diese gerade vollj\u00e4hrigen Teens werden in der High School untrennbar und wollen jetzt ALLES teilen! Schau diesen Gruppen von Biestern zu wie sie selbst <a href='https:\/\/www.thepornlist.net\/de\/premium-paysites\/bffs\/' class='excerpt-more'>[&#8230;]<\/a><\/p>\n","protected":false},"author":1,"featured_media":0,"parent":9758,"menu_order":36810,"comment_status":"closed","ping_status":"closed","template":"0-autofill-tpl-template.php","meta":{"_acf_changed":false,"footnotes":""},"tags":[],"acf":[],"aioseo_notices":[],"_links":{"self":[{"href":"https:\/\/www.thepornlist.net\/de\/wp-json\/wp\/v2\/pages\/9831"}],"collection":[{"href":"https:\/\/www.thepornlist.net\/de\/wp-json\/wp\/v2\/pages"}],"about":[{"href":"https:\/\/www.thepornlist.net\/de\/wp-json\/wp\/v2\/types\/page"}],"author":[{"embeddable":true,"href":"https:\/\/www.thepornlist.net\/de\/wp-json\/wp\/v2\/users\/1"}],"replies":[{"embeddable":true,"href":"https:\/\/www.thepornlist.net\/de\/wp-json\/wp\/v2\/comments?post=9831"}],"version-history":[{"count":0,"href":"https:\/\/www.thepornlist.net\/de\/wp-json\/wp\/v2\/pages\/9831\/revisions"}],"up":[{"embeddable":true,"href":"https:\/\/www.thepornlist.net\/de\/wp-json\/wp\/v2\/pages\/9758"}],"wp:attachment":[{"href":"https:\/\/www.thepornlist.net\/de\/wp-json\/wp\/v2\/media?parent=9831"}],"wp:term":[{"taxonomy":"post_tag","embeddable":true,"href":"https:\/\/www.thepornlist.net\/de\/wp-json\/wp\/v2\/tags?post=9831"}],"curies":[{"name":"wp","href":"https:\/\/api.w.org\/{rel}","templated":true}]}}