{"id":9832,"date":"2016-04-25T22:37:04","date_gmt":"2016-04-25T22:37:04","guid":{"rendered":"https:\/\/www.thepornlist.net\/de\/premium-paysites\/sislovesme\/"},"modified":"2019-05-22T13:27:45","modified_gmt":"2019-05-22T13:27:45","slug":"sislovesme","status":"publish","type":"page","link":"https:\/\/www.thepornlist.net\/de\/premium-paysites\/sislovesme\/","title":{"rendered":"sislovesme.com"},"content":{"rendered":"<div class=\"pb\">\n<div class=\"hd\">\n<a href=\"https:\/\/www.thepornlist.net\/de\/\" base target=\"_self\">Zur\u00fcck zur Startseite<\/a>\n<\/div>\n<div class=\"hd2\">\n<span style=\"font-style:normal;font-weight:bold;\">Seitenbewertung<\/span>\n<\/div>\n<\/div>\n<div style=\"width:100%; margin-left:auto; margin-right:auto; clear:both;z-index:1; padding-top:5px; border-radius: 2px;\">\n<div class=\"reviewimg\">\n<p><a href=\"http:\/\/join.sislovesme.com\/track\/MTU1MzIuMzcuNzQuMzUwMi4wLjAuMC4wLjA\" base target=\"_self\"><img decoding=\"async\" src=\"https:\/\/www.thepornlist.net\/wp-content\/uploads\/2016\/04\/sislovesme.jpg\" width=\"500\" height=\"500\" alt=\"Porn Tube\"><\/a><\/p>\n<\/div>\n<div class=\"reviewtitle\">\n<h1 style=\"font-family:Arial;font-size:56px;font-style:normal;font-weight:bold;color:#FF1F78;\">sislovesme<\/h1>\n<\/div>\n<div class=\"reviewsub\">\n<h2 style=\"font-size:14px;font-style:normal;font-weight:bold;\">sislovesme.com<\/H2>\n<\/div>\n<div class=\"reviewtext\">\n<span style=\"font-size:16px;font-style:normal;\">Die Familien Nische ist nichts Neues im Land der Pornos. Wir sind daran gewohnt alle Arten von Inzest Unterhaltung f\u00fcr Erwachsene zu sehen und diese Webseite wird dir ein bisschen etwas von der Liebe zwischen Schwestern und Br\u00fcdern zeigen. Nun, um pr\u00e4ziser zu werden, Stiefschwestern, aber trotzdem f\u00e4llt das in die Kategorie Familie. Es ist ein Premium Ort, was bedeutet, dass du nur HD Produktionen aus einem professionellen Studio bekommen wirst sobald du ein paar Dollar bezahlt hast. In diesem Fall ist das Studio, das dahinter steht, TeamSkeet. Es ist eines der besten im gesamten Internet, also solltest du der Seite vertrauen ohne auch nur eine Sekunde dar\u00fcber nachzudenken.<\/br><\/p>\n<p>Der Bereich f\u00fcr G\u00e4ste erlaubt dir einige Vorschauen zu sehen und du wirst in der Lage sein eine Idee davon zu bekommen, was passieren wird wenn du dich anmeldest und Mitglied wirst. Die gute Sache ist, dass du via EPOCH zahlen kannst indem du Paypal verwendest. Diese Methode ist diskreter als andere und deine Frau wird die Rechnung nicht sehen. Oder vielleicht willst du ja, dass sie sie sieht, um ihren Arsch in deine Fantasien einzuweihen und um ein kleines Rollenspiel mit ihr zu erleben. Besuche SisLovesMe und sorge f\u00fcr etwas W\u00fcrze in deinem Sex Leben!<br \/>\n<\/span>\n<\/div>\n<div class=\"reviewsiteurl\">\n<a href=\"http:\/\/join.sislovesme.com\/track\/MTU1MzIuMzcuNzQuMzUwMi4wLjAuMC4wLjA\" base target=\"_self\"><span style=\"font-size:32px;font-style:normal;font-weight:bold;text-decoration:underline;\">Hier klicken, um die webseite zu besuchen <\/span><\/a>\n<\/div>\n<\/div>\n","protected":false},"excerpt":{"rendered":"<p>Zur\u00fcck zur Startseite Seitenbewertung sislovesme sislovesme.com Die Familien Nische ist nichts Neues im Land der Pornos. Wir sind daran gewohnt alle Arten von Inzest Unterhaltung f\u00fcr Erwachsene zu sehen und diese Webseite wird dir ein bisschen etwas von der Liebe zwischen Schwestern und Br\u00fcdern zeigen. Nun, um pr\u00e4ziser zu werden, Stiefschwestern, aber trotzdem f\u00e4llt das <a href='https:\/\/www.thepornlist.net\/de\/premium-paysites\/sislovesme\/' class='excerpt-more'>[&#8230;]<\/a><\/p>\n","protected":false},"author":1,"featured_media":0,"parent":9758,"menu_order":29470,"comment_status":"closed","ping_status":"closed","template":"0-autofill-tpl-template.php","meta":{"_acf_changed":false,"footnotes":""},"tags":[585,581,586,601,602],"acf":[],"aioseo_notices":[],"_links":{"self":[{"href":"https:\/\/www.thepornlist.net\/de\/wp-json\/wp\/v2\/pages\/9832"}],"collection":[{"href":"https:\/\/www.thepornlist.net\/de\/wp-json\/wp\/v2\/pages"}],"about":[{"href":"https:\/\/www.thepornlist.net\/de\/wp-json\/wp\/v2\/types\/page"}],"author":[{"embeddable":true,"href":"https:\/\/www.thepornlist.net\/de\/wp-json\/wp\/v2\/users\/1"}],"replies":[{"embeddable":true,"href":"https:\/\/www.thepornlist.net\/de\/wp-json\/wp\/v2\/comments?post=9832"}],"version-history":[{"count":0,"href":"https:\/\/www.thepornlist.net\/de\/wp-json\/wp\/v2\/pages\/9832\/revisions"}],"up":[{"embeddable":true,"href":"https:\/\/www.thepornlist.net\/de\/wp-json\/wp\/v2\/pages\/9758"}],"wp:attachment":[{"href":"https:\/\/www.thepornlist.net\/de\/wp-json\/wp\/v2\/media?parent=9832"}],"wp:term":[{"taxonomy":"post_tag","embeddable":true,"href":"https:\/\/www.thepornlist.net\/de\/wp-json\/wp\/v2\/tags?post=9832"}],"curies":[{"name":"wp","href":"https:\/\/api.w.org\/{rel}","templated":true}]}}